{"id":31420,"date":"2025-08-07T17:52:41","date_gmt":"2025-08-07T16:52:41","guid":{"rendered":"https:\/\/bareint.wpenginepowered.com\/client-login-portal\/"},"modified":"2026-04-15T14:19:05","modified_gmt":"2026-04-15T13:19:05","slug":"login-do-cliente","status":"publish","type":"page","link":"https:\/\/www.bareinternational.com\/pt-pt\/login-do-cliente\/","title":{"rendered":"Login do Cliente"},"content":{"rendered":"<div class='clear'><\/div><div id='sub_menu1'  class='av-submenu-container av-wvhy42d-a0bdceb1fbb95d17e3a676d4aa29141b main_color  avia-builder-el-0  el_before_av_section  avia-builder-el-first  av-sticky-submenu container_wrap sidebar_right' style='z-index:301' ><div class='container av-menu-mobile-disabled av-submenu-pos-center'><ul id='av-custom-submenu-1' class='av-subnav-menu' role='menu'>\n<li class='menu-item av-whw2nit-400d7b78c400e2e96428a9c1f60a1fbb menu-item-top-level menu-item-top-level-1' role='menuitem'><a href='\/pt-pt\/login-do-cliente\/#apollo'  ><span class='avia-bullet'><\/span><span class='avia-menu-text'>Apollo Login<\/span><\/a><\/li>\n<li class='menu-item av-w09iuz9-d253560bb9e0a6c6d9a0caefae5de5f6 menu-item-top-level menu-item-top-level-2' role='menuitem'><a href='\/pt-pt\/login-do-cliente\/#shopmetrics'  ><span class='avia-bullet'><\/span><span class='avia-menu-text'>Shopmetrics Login<\/span><\/a><\/li>\n<li class='menu-item av-w09iuz9-5cb70ae918731c5f7a7d735a0f57c192 menu-item-top-level menu-item-top-level-3' role='menuitem'><a href='https:\/\/insights.bareinternational.com\/login'  ><span class='avia-bullet'><\/span><span class='avia-menu-text'>Insights Login<\/span><\/a><\/li>\n<\/ul><\/div><\/div><div class='sticky_placeholder'><\/div>\n<div id='about-us'  class='avia-section av-vjyhgid-0c00ef8d3fb63ba1aacdb4aa378de814 main_color avia-section-large avia-no-border-styling  avia-builder-el-1  el_after_av_submenu  el_before_av_layout_row  avia-bg-style-scroll container_wrap sidebar_right'  ><div class='container av-section-cont-open' ><div class='template-page content  av-content-small alpha units'><div class='post-entry post-entry-type-page post-entry-31420'><div class='entry-content-wrapper clearfix'>\n\n<style type=\"text\/css\" data-created_by=\"avia_inline_auto\" id=\"style-css-av-ux0rdmd-d76d1c65e4d4ff3f17389c006afaa379\">\n#top .av-special-heading.av-ux0rdmd-d76d1c65e4d4ff3f17389c006afaa379{\npadding-bottom:30px;\nfont-size:70px;\n}\nbody .av-special-heading.av-ux0rdmd-d76d1c65e4d4ff3f17389c006afaa379 .av-special-heading-tag .heading-char{\nfont-size:25px;\n}\n#top #wrap_all .av-special-heading.av-ux0rdmd-d76d1c65e4d4ff3f17389c006afaa379 .av-special-heading-tag{\nfont-size:70px;\n}\n.av-special-heading.av-ux0rdmd-d76d1c65e4d4ff3f17389c006afaa379 .av-subheading{\nfont-size:15px;\n}\n\n@media only screen and (min-width: 480px) and (max-width: 767px){ \n#top #wrap_all .av-special-heading.av-ux0rdmd-d76d1c65e4d4ff3f17389c006afaa379 .av-special-heading-tag{\nfont-size:0.8em;\n}\n}\n\n@media only screen and (max-width: 479px){ \n#top #wrap_all .av-special-heading.av-ux0rdmd-d76d1c65e4d4ff3f17389c006afaa379 .av-special-heading-tag{\nfont-size:0.8em;\n}\n}\n<\/style>\n<div  class='av-special-heading av-ux0rdmd-d76d1c65e4d4ff3f17389c006afaa379 av-special-heading-h1 blockquote modern-quote  avia-builder-el-2  el_before_av_textblock  avia-builder-el-first  av-thin-font av-inherit-size'><h1 class='av-special-heading-tag '  itemprop=\"headline\"  >Portal de login do cliente<strong>.<\/strong><\/h1><div class=\"special-heading-border\"><div class=\"special-heading-inner-border\"><\/div><\/div><\/div>\n<section  id=\"becomeanevaluator\"  class='av_textblock_section av-unqxmqd-1b4d5c6f9f782ca5f97886013a42d0b5 '   itemscope=\"itemscope\" itemtype=\"https:\/\/schema.org\/CreativeWork\" ><div class='avia_textblock'  itemprop=\"text\" ><p data-start=\"232\" data-end=\"439\">A BARE International disponibiliza m\u00faltiplos portais de relat\u00f3rios para clientes. A plataforma atribu\u00edda ao seu programa \u00e9 definida com base na forma como ele foi configurado e gerenciado por nossas equipes.<\/p>\n<h3 data-start=\"441\" data-end=\"455\"><strong data-start=\"445\" data-end=\"455\">Apollo<\/strong><\/h3>\n<p data-start=\"456\" data-end=\"659\">Utilizado para programas j\u00e1 estabelecidos que foram originalmente configurados nesta plataforma. Se seus relat\u00f3rios sempre foram entregues por meio do Apollo, este \u00e9 o portal correto para o seu programa.<\/p>\n<h3 data-start=\"661\" data-end=\"680\"><strong data-start=\"665\" data-end=\"680\">Shopmetrics<\/strong><\/h3>\n<p data-start=\"681\" data-end=\"929\">Utilizado para uma ampla variedade de programas ativos em diferentes setores. Esta plataforma oferece ambientes de relat\u00f3rios flex\u00edveis e \u00e9 comumente usada para programas que evolu\u00edram ao longo do tempo ou que foram migrados de sistemas anteriores.<\/p>\n<h3 data-start=\"931\" data-end=\"979\"><strong data-start=\"935\" data-end=\"979\">Insights (powered by Prism Intelligence)<\/strong><\/h3>\n<p data-start=\"980\" data-end=\"1266\">Utilizado para programas suportados pela mais recente infraestrutura de relat\u00f3rios da BARE. Este portal est\u00e1 sendo adotado em diversos escrit\u00f3rios para apoiar a escalabilidade dos programas e futuras melhorias em relat\u00f3rios, mantendo uma experi\u00eancia familiar e intuitiva para o cliente.<\/p>\n<h3 data-start=\"1268\" data-end=\"1316\">N\u00e3o tem certeza de qual portal utilizar?<\/h3>\n<p data-start=\"1317\" data-end=\"1445\">Seu ponto de contato (POC) na BARE International confirmar\u00e1 o portal correto para o seu programa e fornecer\u00e1 os dados de acesso.<\/p>\n<\/div><\/section>\n<div  class='hr av-2zpxfpx-399f6216344070d47b28ca0f77abfe5a hr-full  avia-builder-el-4  el_after_av_textblock  el_before_av_one_half  hr-no-shadow'><span class='hr-inner '><span class=\"hr-inner-style\"><\/span><\/span><\/div>\n\n<style type=\"text\/css\" data-created_by=\"avia_inline_auto\" id=\"style-css-av-tk75mol-02a7c3f4291529a0c6545468eb10ee91\">\n.flex_column.av-tk75mol-02a7c3f4291529a0c6545468eb10ee91{\nborder-radius:0px 0px 0px 0px;\npadding:0px 0px 0px 0px;\n}\n<\/style>\n<div  id=\"apollo\"  class='flex_column av-tk75mol-02a7c3f4291529a0c6545468eb10ee91 av_one_half  avia-builder-el-5  el_after_av_hr  el_before_av_one_half  first flex_column_div av-zero-column-padding  '     ><section  class='av_textblock_section av-t5rc2et-a99c777e2bb401c02933c7289befa2b7 '   itemscope=\"itemscope\" itemtype=\"https:\/\/schema.org\/CreativeWork\" ><div class='avia_textblock'  itemprop=\"text\" ><h2>Apollo Login<\/h2>\n<\/div><\/section><br \/>\n<div  class='avia-button-wrap av-spq4bf9-43baa6ecd13492f6a0303a7803787f19-wrap avia-button-left  avia-builder-el-7  el_after_av_textblock  avia-builder-el-last '><a href='https:\/\/www.apollo.bareinternational.com\/clients\/LoginClient.norm.php?_gl=1*zwe51*_ga*OTc3MTE5NjMxLjE3NDk2NjM4NzU.*_ga_GE3VY2131M*czE3NDk2NjM4NzUkbzEkZzAkdDE3NDk2NjM4ODYkajYwJGwwJGgw*_gcl_au*MTY4ODUxMDEwLjE3NDk2NjM4Nzg.'  class='avia-button av-spq4bf9-43baa6ecd13492f6a0303a7803787f19 av-link-btn avia-icon_select-no avia-size-large avia-position-left av-icon-on-hover avia-color-theme-color'  target=\"_blank\"  rel=\"noopener noreferrer\"  aria-label=\"APOLLO LOGIN\"><span class='avia_iconbox_title' >APOLLO LOGIN<\/span><\/a><\/div><\/p><\/div>\n<style type=\"text\/css\" data-created_by=\"avia_inline_auto\" id=\"style-css-av-av_one_half-b3db307d798536ad4db22d4a83cd0cf8\">\n.flex_column.av-av_one_half-b3db307d798536ad4db22d4a83cd0cf8{\nborder-radius:0px 0px 0px 0px;\npadding:0px 0px 0px 0px;\n}\n<\/style>\n<div  id=\"apollo\"  class='flex_column av-av_one_half-b3db307d798536ad4db22d4a83cd0cf8 av_one_half  avia-builder-el-8  el_after_av_one_half  el_before_av_hr  flex_column_div av-zero-column-padding  '     ><section  class='av_textblock_section av-mo02r6m0-c4d0a1a72142e35dc328f9a74315e1b2 '   itemscope=\"itemscope\" itemtype=\"https:\/\/schema.org\/CreativeWork\" ><div class='avia_textblock'  itemprop=\"text\" ><h2>Insights Login<\/h2>\n<\/div><\/section><br \/>\n<div  class='avia-button-wrap av-mo02rq3j-db5cbaa01569d40b2dcc1acd1b6acecf-wrap avia-button-left  avia-builder-el-10  el_after_av_textblock  avia-builder-el-last '><a href='https:\/\/insights.bareinternational.com\/login'  class='avia-button av-mo02rq3j-db5cbaa01569d40b2dcc1acd1b6acecf av-link-btn avia-icon_select-no avia-size-large avia-position-left av-icon-on-hover avia-color-theme-color'  target=\"_blank\"  rel=\"noopener noreferrer\"  aria-label=\"INSIGHTS LOGIN\"><span class='avia_iconbox_title' >INSIGHTS LOGIN<\/span><\/a><\/div><\/p><\/div><div  class='hr av-s3mthjp-a20db6a6a731c68f1777703d13e75539 hr-full  avia-builder-el-11  el_after_av_one_half  el_before_av_one_full  hr-no-shadow'><span class='hr-inner '><span class=\"hr-inner-style\"><\/span><\/span><\/div>\n\n<style type=\"text\/css\" data-created_by=\"avia_inline_auto\" id=\"style-css-av-9z11w5-83b22d90f95c45562a4e0bf10cdb387d\">\n.flex_column.av-9z11w5-83b22d90f95c45562a4e0bf10cdb387d{\nborder-radius:0px 0px 0px 0px;\npadding:0px 0px 0px 0px;\n}\n<\/style>\n<div  id=\"shopmetrics\"  class='flex_column av-9z11w5-83b22d90f95c45562a4e0bf10cdb387d av_one_full  avia-builder-el-12  el_after_av_hr  avia-builder-el-last  first flex_column_div av-zero-column-padding  '     ><section  class='av_textblock_section av-ri81psl-a8a784cddce96f7e37de3e06fc6d3cca '   itemscope=\"itemscope\" itemtype=\"https:\/\/schema.org\/CreativeWork\" ><div class='avia_textblock'  itemprop=\"text\" ><h2>Shopmetrics Login<\/h2>\n<\/div><\/section><br \/>\n<div  class='avia-table av-qycxz3p-5baec204aa6a22edf9f7956edd8a0e75 main_color avia-pricing-table-container avia_show_empty_cells avia_pricing_default  avia-builder-el-14  el_after_av_textblock  avia-builder-el-last  avia-table-1'  itemscope=\"itemscope\" itemtype=\"https:\/\/schema.org\/Table\" ><div class=\"pricing-table-wrap\"><ul class='pricing-table '><li class=''><div class='first-table-item'><\/p>\n<h3 data-start=\"294\" data-end=\"612\"><strong data-start=\"297\" data-end=\"319\">Americas<\/strong><\/h3>\n<p>North, Central, and South<\/div><span class='pricing-extra'><\/span><\/li><li class=''>North America<a style=\"color: #ef4123; text-decoration: underline;\" href=\"https:\/\/na.bareinternational.com\/auth\/index.asp#login\"><br \/>\nna.bareinternational.com<\/a><\/li><li class=''>Brazil<a style=\"color: #ef4123; text-decoration: underline;\" href=\"https:\/\/br.bareinternational.com\/auth\/index.asp#login\"><br \/>\nbr.bareinternational.com<br \/>\n<\/a><\/li><li class=''>LATAM <a style=\"color: #ef4123; text-decoration: underline;\" href=\"https:\/\/latam.bareinternational.com\/auth\/index.asp#login\"><br \/>\nlatam.bareinternational.com<br \/>\n<\/a><\/li><\/ul><\/div><div class=\"pricing-table-wrap\"><ul class='pricing-table '><li class=''><div class='first-table-item'><\/p>\n<h3 data-start=\"294\" data-end=\"612\"><strong data-start=\"297\" data-end=\"319\">EMEA<\/strong><\/h3>\n<p>Europe, Middle East, and Africa<\/div><span class='pricing-extra'><\/span><\/li><li class=''>Europe<a style=\"color: #ef4123; text-decoration: underline;\" href=\"https:\/\/eu.bareinternational.com\/auth\/index.asp#login\"><br \/>\neu.bareinternational.com<br \/>\n<\/a><\/li><li class=''>Middle East <a style=\"color: #ef4123; text-decoration: underline;\" href=\"https:\/\/me.bareinternational.com\/auth\/index.asp#login\"><br \/>\nme.bareinternational.com<br \/>\n<\/a><\/li><li class=' empty-table-cell'><span class='fallback-table-val'>LATAM <a style=\"color: #ef4123; text-decoration: underline;\" href=\"https:\/\/latam.bareinternational.com\/auth\/index.asp#login\"><br \/>\nlatam.bareinternational.com<br \/>\n<\/a><\/span><\/li><\/ul><\/div><div class=\"pricing-table-wrap\"><ul class='pricing-table '><li class=''><div class='first-table-item'><\/p>\n<h3 data-start=\"294\" data-end=\"612\"><strong data-start=\"297\" data-end=\"319\">APAC<\/strong><\/h3>\n<p>East Asia, South Asia, Southeast Asia, and Oceania<\/div><span class='pricing-extra'><\/span><\/li><li class=''>China (Coming soon!) <a style=\"color: #ef4123; text-decoration: underline;\" href=\"https:\/\/cn.bareinternational.com\/auth\/index.asp#login\"><br \/>\ncn.bareinternational.com<br \/>\n<\/a><\/li><li class=''>India <a style=\"color: #ef4123; text-decoration: underline;\" href=\"https:\/\/in.bareinternational.com\/auth\/index.asp#login\"><br \/>\nin.bareinternational.com<br \/>\n<\/a><\/li><li class=''>Singapore <a style=\"color: #ef4123; text-decoration: underline;\" href=\"https:\/\/sg.bareinternational.com\/auth\/index.asp#login\"><br \/>\nsg.bareinternational.com<br \/>\n<\/a><\/li><\/ul><\/div><\/div><\/p><\/div><\/div><\/div><\/div><!-- close content main div --><\/div><\/div><div id='av-layout-grid-1'  class='av-layout-grid-container av-3o0rs0l-f40428dacada35ddeeba12a0e2f73b31 entry-content-wrapper main_color av-flex-cells  avia-builder-el-15  el_after_av_section  avia-builder-el-last  grid-row-not-first  container_wrap sidebar_right'  >\n\n<style type=\"text\/css\" data-created_by=\"avia_inline_auto\" id=\"style-css-av-2tyk5px-b85b5f9dbd2c2e5fb963f5f2ad5eac2a\">\n.flex_cell.av-2tyk5px-b85b5f9dbd2c2e5fb963f5f2ad5eac2a{\nvertical-align:middle;\nbackground-color:#da291c;\n}\n.responsive #top #wrap_all .flex_cell.av-2tyk5px-b85b5f9dbd2c2e5fb963f5f2ad5eac2a{\npadding:50px 50px 50px 50px !important;\n}\n<\/style>\n<div class='flex_cell av-2tyk5px-b85b5f9dbd2c2e5fb963f5f2ad5eac2a av-gridrow-cell av_one_third no_margin  avia-builder-el-16  el_before_av_cell_one_third  avia-builder-el-first  content-align-middle avia-full-stretch'  ><div class='flex_cell_inner'>\n<style type=\"text\/css\" data-created_by=\"avia_inline_auto\" id=\"style-css-av-2dawd85-3df4387a5a3206ca20fd3264970a5fb0\">\n.avia-animated-number.av-2dawd85-3df4387a5a3206ca20fd3264970a5fb0 .avia-animated-number-icon.avia-svg-icon svg:first-child{\nfill:#ffffff;\nstroke:#ffffff;\n}\n#top .avia-animated-number.av-2dawd85-3df4387a5a3206ca20fd3264970a5fb0 .avia-animated-number-title{\nfont-size:50px;\ncolor:#ffffff;\n}\n#top .avia-animated-number.av-2dawd85-3df4387a5a3206ca20fd3264970a5fb0 .avia-animated-number-content{\nfont-size:22px;\ncolor:#444444;\n}\n<\/style>\n<div  class=\"avia-animated-number av-2dawd85-3df4387a5a3206ca20fd3264970a5fb0 av-force-default-color avia_animate_when_visible  avia-builder-el-17  avia-builder-el-no-sibling  avia-color-font-custom \" data-timer=\"3000\"><strong class=\"heading avia-animated-number-title\"><span class=\"avia-no-number\">+<\/span><span class=\"avia-single-number __av-single-number\" data-number_format=\"\" data-number=\"250\" data-start_from=\"0\">250<\/span><span class=\"avia-no-number\">.<\/span><span class=\"avia-single-number __av-single-number\" data-number_format=\"\" data-number=\"000\" data-start_from=\"0\">000<\/span><span class=\"avia-no-number\"> Avalia\u00e7\u00f5es<\/span><\/strong><div class=\"avia-animated-number-content\"><p>preenchidas ao redor do mundo por ano<\/p>\n<\/div><\/div>\n<\/div><\/div>\n<style type=\"text\/css\" data-created_by=\"avia_inline_auto\" id=\"style-css-av-21lhr91-221f04a7f2a64fd5cc428275b2f37e38\">\n.flex_cell.av-21lhr91-221f04a7f2a64fd5cc428275b2f37e38{\nvertical-align:middle;\nbackground-color:#ff9e1b;\n}\n.responsive #top #wrap_all .flex_cell.av-21lhr91-221f04a7f2a64fd5cc428275b2f37e38{\npadding:50px 50px 50px 50px !important;\n}\n<\/style>\n<div class='flex_cell av-21lhr91-221f04a7f2a64fd5cc428275b2f37e38 av-gridrow-cell av_one_third no_margin  avia-builder-el-18  el_after_av_cell_one_third  el_before_av_cell_one_third  content-align-middle avia-full-stretch'  ><div class='flex_cell_inner'>\n<style type=\"text\/css\" data-created_by=\"avia_inline_auto\" id=\"style-css-av-1iqnbat-bb6ec645754afd78eedb3614fd29ac2f\">\n.avia-animated-number.av-1iqnbat-bb6ec645754afd78eedb3614fd29ac2f .avia-animated-number-icon.avia-svg-icon svg:first-child{\nfill:#ffffff;\nstroke:#ffffff;\n}\n#top .avia-animated-number.av-1iqnbat-bb6ec645754afd78eedb3614fd29ac2f .avia-animated-number-title{\nfont-size:50px;\ncolor:#ffffff;\n}\n#top .avia-animated-number.av-1iqnbat-bb6ec645754afd78eedb3614fd29ac2f .avia-animated-number-content{\nfont-size:22px;\ncolor:#444444;\n}\n<\/style>\n<div  class=\"avia-animated-number av-1iqnbat-bb6ec645754afd78eedb3614fd29ac2f av-force-default-color avia_animate_when_visible  avia-builder-el-19  avia-builder-el-no-sibling  avia-color-font-custom \" data-timer=\"3000\"><strong class=\"heading avia-animated-number-title\"><span class=\"avia-single-number __av-single-number\" data-number_format=\"\" data-number=\"13\" data-start_from=\"0\">13<\/span><span class=\"avia-no-number\"> Escrit\u00f3rios<\/span><\/strong><div class=\"avia-animated-number-content\"><p>ao redor do mundo<\/p>\n<\/div><\/div>\n<\/div><\/div>\n<style type=\"text\/css\" data-created_by=\"avia_inline_auto\" id=\"style-css-av-10mldkl-86f92abddc46885917bf427b8527a1cd\">\n.flex_cell.av-10mldkl-86f92abddc46885917bf427b8527a1cd{\nvertical-align:middle;\nbackground-color:#7474c1;\n}\n.responsive #top #wrap_all .flex_cell.av-10mldkl-86f92abddc46885917bf427b8527a1cd{\npadding:50px 50px 50px 50px !important;\n}\n<\/style>\n<div class='flex_cell av-10mldkl-86f92abddc46885917bf427b8527a1cd av-gridrow-cell av_one_third no_margin  avia-builder-el-20  el_after_av_cell_one_third  avia-builder-el-last  content-align-middle avia-full-stretch'  ><div class='flex_cell_inner'>\n<style type=\"text\/css\" data-created_by=\"avia_inline_auto\" id=\"style-css-av-trc21h-930310a87cd6abafe25eb0db54a69917\">\n.avia-animated-number.av-trc21h-930310a87cd6abafe25eb0db54a69917 .avia-animated-number-icon.avia-svg-icon svg:first-child{\nfill:#ffffff;\nstroke:#ffffff;\n}\n#top .avia-animated-number.av-trc21h-930310a87cd6abafe25eb0db54a69917 .avia-animated-number-title{\nfont-size:50px;\ncolor:#ffffff;\n}\n#top .avia-animated-number.av-trc21h-930310a87cd6abafe25eb0db54a69917 .avia-animated-number-content{\nfont-size:22px;\ncolor:#444444;\n}\n<\/style>\n<div  class=\"avia-animated-number av-trc21h-930310a87cd6abafe25eb0db54a69917 av-force-default-color avia_animate_when_visible  avia-builder-el-21  avia-builder-el-no-sibling  avia-color-font-custom \" data-timer=\"3000\"><strong class=\"heading avia-animated-number-title\"><span class=\"avia-single-number __av-single-number\" data-number_format=\"\" data-number=\"165\" data-start_from=\"0\">165<\/span><span class=\"avia-no-number\"> Pa\u00edses<\/span><\/strong><div class=\"avia-animated-number-content\"><p>atendidos<\/p>\n<\/div><\/div>\n<\/div><\/div>\n<\/div><\/p>\n","protected":false},"excerpt":{"rendered":"","protected":false},"author":5,"featured_media":0,"parent":0,"menu_order":0,"comment_status":"closed","ping_status":"closed","template":"","meta":{"footnotes":""},"class_list":["post-31420","page","type-page","status-publish","hentry"],"_links":{"self":[{"href":"https:\/\/www.bareinternational.com\/pt-pt\/wp-json\/wp\/v2\/pages\/31420","targetHints":{"allow":["GET"]}}],"collection":[{"href":"https:\/\/www.bareinternational.com\/pt-pt\/wp-json\/wp\/v2\/pages"}],"about":[{"href":"https:\/\/www.bareinternational.com\/pt-pt\/wp-json\/wp\/v2\/types\/page"}],"author":[{"embeddable":true,"href":"https:\/\/www.bareinternational.com\/pt-pt\/wp-json\/wp\/v2\/users\/5"}],"replies":[{"embeddable":true,"href":"https:\/\/www.bareinternational.com\/pt-pt\/wp-json\/wp\/v2\/comments?post=31420"}],"version-history":[{"count":0,"href":"https:\/\/www.bareinternational.com\/pt-pt\/wp-json\/wp\/v2\/pages\/31420\/revisions"}],"wp:attachment":[{"href":"https:\/\/www.bareinternational.com\/pt-pt\/wp-json\/wp\/v2\/media?parent=31420"}],"curies":[{"name":"wp","href":"https:\/\/api.w.org\/{rel}","templated":true}]}}