{"id":31400,"date":"2025-03-24T04:07:41","date_gmt":"2025-03-24T03:07:41","guid":{"rendered":"https:\/\/bareint.wpenginepowered.com\/evaluator-login\/"},"modified":"2025-08-29T05:45:05","modified_gmt":"2025-08-29T04:45:05","slug":"login-do-avaliador","status":"publish","type":"page","link":"https:\/\/www.bareinternational.com\/pt-pt\/login-do-avaliador\/","title":{"rendered":"Login do avaliador"},"content":{"rendered":"<div id='about-us'  class='avia-section av-70t0yx0-ab0991bafdb0394305eeef8f9824df5a main_color avia-section-large avia-no-border-styling  avia-builder-el-0  el_before_av_layout_row  avia-builder-el-first  avia-bg-style-scroll container_wrap sidebar_right'  ><div class='container av-section-cont-open' ><main  role=\"main\" itemprop=\"mainContentOfPage\"  class='template-page content  av-content-small alpha units'><div class='post-entry post-entry-type-page post-entry-31400'><div class='entry-content-wrapper clearfix'>\n\n<style type=\"text\/css\" data-created_by=\"avia_inline_auto\" id=\"style-css-av-6pkl7ok-84054501fe0f02fdfa1e4ac099e91ed3\">\n#top .av-special-heading.av-6pkl7ok-84054501fe0f02fdfa1e4ac099e91ed3{\npadding-bottom:30px;\nfont-size:70px;\n}\nbody .av-special-heading.av-6pkl7ok-84054501fe0f02fdfa1e4ac099e91ed3 .av-special-heading-tag .heading-char{\nfont-size:25px;\n}\n#top #wrap_all .av-special-heading.av-6pkl7ok-84054501fe0f02fdfa1e4ac099e91ed3 .av-special-heading-tag{\nfont-size:70px;\n}\n.av-special-heading.av-6pkl7ok-84054501fe0f02fdfa1e4ac099e91ed3 .av-subheading{\nfont-size:15px;\n}\n\n@media only screen and (min-width: 480px) and (max-width: 767px){ \n#top #wrap_all .av-special-heading.av-6pkl7ok-84054501fe0f02fdfa1e4ac099e91ed3 .av-special-heading-tag{\nfont-size:0.8em;\n}\n}\n\n@media only screen and (max-width: 479px){ \n#top #wrap_all .av-special-heading.av-6pkl7ok-84054501fe0f02fdfa1e4ac099e91ed3 .av-special-heading-tag{\nfont-size:0.8em;\n}\n}\n<\/style>\n<div  class='av-special-heading av-6pkl7ok-84054501fe0f02fdfa1e4ac099e91ed3 av-special-heading-h1 blockquote modern-quote  avia-builder-el-1  el_before_av_textblock  avia-builder-el-first  av-thin-font av-inherit-size'><h1 class='av-special-heading-tag '  itemprop=\"headline\"  >Avaliadores Login<strong>.<\/strong><\/h1><div class=\"special-heading-border\"><div class=\"special-heading-inner-border\"><\/div><\/div><\/div>\n<section  id=\"becomeanevaluator\"  class='av_textblock_section av-6cj4x6s-db05e29fe502450a53fd82792af4c2b3 '   itemscope=\"itemscope\" itemtype=\"https:\/\/schema.org\/CreativeWork\" ><div class='avia_textblock'  itemprop=\"text\" ><p>Os avaliadores t\u00eam duas maneiras de acessar as oportunidades de avalia\u00e7\u00e3o: Apollo e Shopmetrics. O registro e a sele\u00e7\u00e3o de oportunidades no Apollo s\u00e3o feitos via navegador. Essa abordagem nos permite oferecer mais projetos e aumentar o potencial de ganhos.<\/p>\n<p><em>Atualmente, o acesso ao Shopmetrics ser\u00e1 fornecido por meio de shoppers ativos no Apollo, e n\u00e3o h\u00e1 como se registrar diretamente no Shopmetrics. Portanto, ao se registrar no Apollo, voc\u00ea ter\u00e1 acesso a ambas as plataformas de uma s\u00f3 vez!<\/em><\/p>\n<\/div><\/section>\n\n<style type=\"text\/css\" data-created_by=\"avia_inline_auto\" id=\"style-css-av-5lnnj5w-bfd3e9f27336f246abbc394246f61f61\">\n.flex_column.av-5lnnj5w-bfd3e9f27336f246abbc394246f61f61{\nborder-width:3px;\nborder-color:#dad5d5;\nborder-style:solid;\npadding:20px 20px 20px 20px;\n}\n<\/style>\n<div  class='flex_column av-5lnnj5w-bfd3e9f27336f246abbc394246f61f61 av_one_half  avia-builder-el-3  el_after_av_textblock  el_before_av_one_half  first flex_column_div  column-top-margin'     ><section  class='av_textblock_section av-5ak1dxg-5cd11552fcdb383e016d59979b701cd5 '   itemscope=\"itemscope\" itemtype=\"https:\/\/schema.org\/CreativeWork\" ><div class='avia_textblock'  itemprop=\"text\" ><h2>Shopmetrics Login<\/h2>\n<\/div><\/section><br \/>\n<section  class='av_textblock_section av-huq31g-41312bce499faeb04d142cece8a87151 '   itemscope=\"itemscope\" itemtype=\"https:\/\/schema.org\/CreativeWork\" ><div class='avia_textblock'  itemprop=\"text\" ><p><strong>Europe Site<\/strong><\/p>\n<\/div><\/section><br \/>\n<div  class='avia-button-wrap av-4aj2pqc-6536d6c12fa69b5a41b20f307b6665ce-wrap avia-button-left  avia-builder-el-6  el_after_av_textblock  el_before_av_hr '><a href='https:\/\/eu.bareinternational.com\/auth\/index.asp#login'  class='avia-button av-4aj2pqc-6536d6c12fa69b5a41b20f307b6665ce av-link-btn avia-icon_select-no avia-size-large avia-position-left av-icon-on-hover avia-color-theme-color'  target=\"_blank\"  rel=\"noopener noreferrer\"  aria-label=\"SHOPMETRICS LOGIN\"><span class='avia_iconbox_title' >SHOPMETRICS LOGIN<\/span><\/a><\/div><br \/>\n<div  class='hr av-41s29k4-f27c6755d6c12fe385fa445f5ee2634d hr-short  avia-builder-el-7  el_after_av_button  el_before_av_textblock  hr-center'><span class='hr-inner '><span class=\"hr-inner-style\"><\/span><\/span><\/div><br \/>\n<section  class='av_textblock_section av-3dj4iec-043ee3ac0f77b8213fc5b7c016ebd69d '   itemscope=\"itemscope\" itemtype=\"https:\/\/schema.org\/CreativeWork\" ><div class='avia_textblock'  itemprop=\"text\" ><p><strong>Procurando um pa\u00eds\/regi\u00e3o diferente?<\/strong><\/p>\n<\/div><\/section><br \/>\n<br \/>\n<section  class='av_textblock_section av-2ix35no-4a91665b5ec2fe220517baafc2d2ec15 '   itemscope=\"itemscope\" itemtype=\"https:\/\/schema.org\/CreativeWork\" ><div class='avia_textblock'  itemprop=\"text\" ><p>Atualmente, n\u00e3o h\u00e1 como se registrar diretamente no Shopmetrics. No entanto, todos os nossos shoppers ativos do Apollo que aceitaram nossa recente pol\u00edtica de privacidade tamb\u00e9m ser\u00e3o automaticamente registrados nessa plataforma.<\/p>\n<p>Assim, com um \u00fanico registro, voc\u00ea ter\u00e1 acesso \u00e0s nossas oportunidades em duas plataformas!<\/p>\n<p><em>Voc\u00ea j\u00e1 \u00e9 um avaliador do Apollo? Confira nosso <a href=\"\/pt-pt\/avaliadores\/#faq\"> FAQ do Shopmetrics!<\/a><\/em><\/p>\n<\/div><\/section><\/p><\/div>\n<style type=\"text\/css\" data-created_by=\"avia_inline_auto\" id=\"style-css-av-20tv86c-e21f69a504597138396b2dbe4988c632\">\n.flex_column.av-20tv86c-e21f69a504597138396b2dbe4988c632{\nborder-width:3px;\nborder-color:#dad5d5;\nborder-style:solid;\nborder-radius:0px 0px 0px 0px;\npadding:20px 20px 20px 20px;\n}\n<\/style>\n<div  class='flex_column av-20tv86c-e21f69a504597138396b2dbe4988c632 av_one_half  avia-builder-el-11  el_after_av_one_half  avia-builder-el-last  flex_column_div  column-top-margin'     ><section  class='av_textblock_section av-1nffop0-a9d796e80c928c822637a3bffd0c97eb '   itemscope=\"itemscope\" itemtype=\"https:\/\/schema.org\/CreativeWork\" ><div class='avia_textblock'  itemprop=\"text\" ><h2>Apollo Login<\/h2>\n<\/div><\/section><br \/>\n<section  class='av_textblock_section av-16mja2s-25c74fc9a0ec6ffb66a186d4ee094e47 '   itemscope=\"itemscope\" itemtype=\"https:\/\/schema.org\/CreativeWork\" ><div class='avia_textblock'  itemprop=\"text\" ><p><strong>Todas as regi\u00f5es<\/strong><\/p>\n<\/div><\/section><br \/>\n<div  class='avia-button-wrap av-snv010-0c49da8cd9054c475a317b15fe610f38-wrap avia-button-left  avia-builder-el-14  el_after_av_textblock  avia-builder-el-last '><a href='https:\/\/www.apollo.bareinternational.com\/shoppers\/LoginShopper.norm.php?_gl=1*agrw8r*_gcl_au*MTExODM3MjQ2Mi4xNzM4MjUwNzc2*_ga*ODYwMTYwODY1LjE3MzgyNTA3NzI.*_ga_GE3VY2131M*MTc0MDAyOTAxNy4xNy4wLjE3NDAwMjkwMTcuNjAuMC4w'  class='avia-button av-snv010-0c49da8cd9054c475a317b15fe610f38 av-link-btn avia-icon_select-no avia-size-large avia-position-left av-icon-on-hover avia-color-theme-color'  target=\"_blank\"  rel=\"noopener noreferrer\"  aria-label=\"APOLLO LOGIN\"><span class='avia_iconbox_title' >APOLLO LOGIN<\/span><\/a><\/div><\/p><\/div><\/div><\/div><\/main><!-- close content main element --><\/div><\/div><div id='av-layout-grid-1'  class='av-layout-grid-container av-av_layout_row-caf1f26e08707a2ebe9176b630e736c2 entry-content-wrapper main_color av-flex-cells  avia-builder-el-15  el_after_av_section  avia-builder-el-last  grid-row-not-first  container_wrap sidebar_right'  >\n\n<style type=\"text\/css\" data-created_by=\"avia_inline_auto\" id=\"style-css-av-av_cell_one_third-e0b12a0d38574f55d296603f5bb31e09\">\n.flex_cell.av-av_cell_one_third-e0b12a0d38574f55d296603f5bb31e09{\nvertical-align:middle;\nbackground-color:#da291c;\n}\n.responsive #top #wrap_all .flex_cell.av-av_cell_one_third-e0b12a0d38574f55d296603f5bb31e09{\npadding:50px 50px 50px 50px !important;\n}\n<\/style>\n<div class='flex_cell av-av_cell_one_third-e0b12a0d38574f55d296603f5bb31e09 av-gridrow-cell av_one_third no_margin  avia-builder-el-16  el_before_av_cell_one_third  avia-builder-el-first  content-align-middle avia-full-stretch'  ><div class='flex_cell_inner'>\n<style type=\"text\/css\" data-created_by=\"avia_inline_auto\" id=\"style-css-av-av_animated_numbers-d43c8d8219a6c53271f289b938a9673d\">\n.avia-animated-number.av-av_animated_numbers-d43c8d8219a6c53271f289b938a9673d .avia-animated-number-icon.avia-svg-icon svg:first-child{\nfill:#ffffff;\nstroke:#ffffff;\n}\n#top .avia-animated-number.av-av_animated_numbers-d43c8d8219a6c53271f289b938a9673d .avia-animated-number-title{\nfont-size:50px;\ncolor:#ffffff;\n}\n#top .avia-animated-number.av-av_animated_numbers-d43c8d8219a6c53271f289b938a9673d .avia-animated-number-content{\nfont-size:22px;\ncolor:#444444;\n}\n<\/style>\n<div  class=\"avia-animated-number av-av_animated_numbers-d43c8d8219a6c53271f289b938a9673d av-force-default-color avia_animate_when_visible  avia-builder-el-17  avia-builder-el-no-sibling  avia-color-font-custom \" data-timer=\"3000\"><strong class=\"heading avia-animated-number-title\"><span class=\"avia-single-number __av-single-number\" data-number_format=\"\" data-number=\"250\" data-start_from=\"0\">250<\/span><span class=\"avia-no-number\">,<\/span><span class=\"avia-single-number __av-single-number\" data-number_format=\"\" data-number=\"000\" data-start_from=\"0\">000<\/span><span class=\"avia-no-number\"> + Avalia\u00e7\u00f5es<\/span><\/strong><div class=\"avia-animated-number-content\"><p>Completo em todo o mundo a cada m\u00eas<\/p>\n<\/div><\/div>\n<\/div><\/div>\n<style type=\"text\/css\" data-created_by=\"avia_inline_auto\" id=\"style-css-av-av_cell_one_third-cd23fdc82ac140e61d64f63b27d15077\">\n.flex_cell.av-av_cell_one_third-cd23fdc82ac140e61d64f63b27d15077{\nvertical-align:middle;\nbackground-color:#ff9e1b;\n}\n.responsive #top #wrap_all .flex_cell.av-av_cell_one_third-cd23fdc82ac140e61d64f63b27d15077{\npadding:50px 50px 50px 50px !important;\n}\n<\/style>\n<div class='flex_cell av-av_cell_one_third-cd23fdc82ac140e61d64f63b27d15077 av-gridrow-cell av_one_third no_margin  avia-builder-el-18  el_after_av_cell_one_third  el_before_av_cell_one_third  content-align-middle avia-full-stretch'  ><div class='flex_cell_inner'>\n<style type=\"text\/css\" data-created_by=\"avia_inline_auto\" id=\"style-css-av-av_animated_numbers-274fa6e7ce7355f13355c919b5052acc\">\n.avia-animated-number.av-av_animated_numbers-274fa6e7ce7355f13355c919b5052acc .avia-animated-number-icon.avia-svg-icon svg:first-child{\nfill:#ffffff;\nstroke:#ffffff;\n}\n#top .avia-animated-number.av-av_animated_numbers-274fa6e7ce7355f13355c919b5052acc .avia-animated-number-title{\nfont-size:50px;\ncolor:#ffffff;\n}\n#top .avia-animated-number.av-av_animated_numbers-274fa6e7ce7355f13355c919b5052acc .avia-animated-number-content{\nfont-size:22px;\ncolor:#444444;\n}\n<\/style>\n<div  class=\"avia-animated-number av-av_animated_numbers-274fa6e7ce7355f13355c919b5052acc av-force-default-color avia_animate_when_visible  avia-builder-el-19  avia-builder-el-no-sibling  avia-color-font-custom \" data-timer=\"3000\"><strong class=\"heading avia-animated-number-title\"><span class=\"avia-single-number __av-single-number\" data-number_format=\"\" data-number=\"13\" data-start_from=\"0\">13<\/span><span class=\"avia-no-number\"> Escrit\u00f3rios<\/span><\/strong><div class=\"avia-animated-number-content\"><p>ao redor do mundo<\/p>\n<\/div><\/div>\n<\/div><\/div>\n<style type=\"text\/css\" data-created_by=\"avia_inline_auto\" id=\"style-css-av-av_cell_one_third-c703b13345664433a2acd0a08f527a49\">\n.flex_cell.av-av_cell_one_third-c703b13345664433a2acd0a08f527a49{\nvertical-align:middle;\nbackground-color:#7474c1;\n}\n.responsive #top #wrap_all .flex_cell.av-av_cell_one_third-c703b13345664433a2acd0a08f527a49{\npadding:50px 50px 50px 50px !important;\n}\n<\/style>\n<div class='flex_cell av-av_cell_one_third-c703b13345664433a2acd0a08f527a49 av-gridrow-cell av_one_third no_margin  avia-builder-el-20  el_after_av_cell_one_third  avia-builder-el-last  content-align-middle avia-full-stretch'  ><div class='flex_cell_inner'>\n<style type=\"text\/css\" data-created_by=\"avia_inline_auto\" id=\"style-css-av-av_animated_numbers-5583157f75eb2018d2a856c50ab7a000\">\n.avia-animated-number.av-av_animated_numbers-5583157f75eb2018d2a856c50ab7a000 .avia-animated-number-icon.avia-svg-icon svg:first-child{\nfill:#ffffff;\nstroke:#ffffff;\n}\n#top .avia-animated-number.av-av_animated_numbers-5583157f75eb2018d2a856c50ab7a000 .avia-animated-number-title{\nfont-size:50px;\ncolor:#ffffff;\n}\n#top .avia-animated-number.av-av_animated_numbers-5583157f75eb2018d2a856c50ab7a000 .avia-animated-number-content{\nfont-size:22px;\ncolor:#444444;\n}\n<\/style>\n<div  class=\"avia-animated-number av-av_animated_numbers-5583157f75eb2018d2a856c50ab7a000 av-force-default-color avia_animate_when_visible  avia-builder-el-21  avia-builder-el-no-sibling  avia-color-font-custom \" data-timer=\"3000\"><strong class=\"heading avia-animated-number-title\"><span class=\"avia-single-number __av-single-number\" data-number_format=\"\" data-number=\"165\" data-start_from=\"0\">165<\/span><span class=\"avia-no-number\"> Pa\u00edses<\/span><\/strong><div class=\"avia-animated-number-content\"><p>Na rede BARE<\/p>\n<\/div><\/div>\n<\/div><\/div>\n<\/div><\/p>\n","protected":false},"excerpt":{"rendered":"","protected":false},"author":24,"featured_media":31401,"parent":0,"menu_order":0,"comment_status":"closed","ping_status":"closed","template":"","meta":{"footnotes":""},"class_list":["post-31400","page","type-page","status-publish","has-post-thumbnail","hentry"],"_links":{"self":[{"href":"https:\/\/www.bareinternational.com\/pt-pt\/wp-json\/wp\/v2\/pages\/31400","targetHints":{"allow":["GET"]}}],"collection":[{"href":"https:\/\/www.bareinternational.com\/pt-pt\/wp-json\/wp\/v2\/pages"}],"about":[{"href":"https:\/\/www.bareinternational.com\/pt-pt\/wp-json\/wp\/v2\/types\/page"}],"author":[{"embeddable":true,"href":"https:\/\/www.bareinternational.com\/pt-pt\/wp-json\/wp\/v2\/users\/24"}],"replies":[{"embeddable":true,"href":"https:\/\/www.bareinternational.com\/pt-pt\/wp-json\/wp\/v2\/comments?post=31400"}],"version-history":[{"count":0,"href":"https:\/\/www.bareinternational.com\/pt-pt\/wp-json\/wp\/v2\/pages\/31400\/revisions"}],"wp:featuredmedia":[{"embeddable":true,"href":"https:\/\/www.bareinternational.com\/pt-pt\/wp-json\/wp\/v2\/media\/31401"}],"wp:attachment":[{"href":"https:\/\/www.bareinternational.com\/pt-pt\/wp-json\/wp\/v2\/media?parent=31400"}],"curies":[{"name":"wp","href":"https:\/\/api.w.org\/{rel}","templated":true}]}}