{"id":17325,"date":"2017-06-17T07:44:20","date_gmt":"2017-06-17T07:44:20","guid":{"rendered":"https:\/\/bareint.wpenginepowered.com\/?page_id=17325\/"},"modified":"2019-02-18T13:36:49","modified_gmt":"2019-02-18T12:36:49","slug":"termos-e-condicoes","status":"publish","type":"page","link":"https:\/\/www.bareinternational.com\/pt-pt\/termos-e-condicoes\/","title":{"rendered":"termos e Condi\u00e7\u00f5es"},"content":{"rendered":"<div id='av_section_1'  class='avia-section av-av_section-bb9bdb22c7f9e6bf1d52c155825dc7f7 main_color avia-section-default avia-no-shadow  avia-builder-el-0  avia-builder-el-no-sibling  avia-bg-style-scroll container_wrap sidebar_right'  ><div class='container av-section-cont-open' ><main  role=\"main\" itemprop=\"mainContentOfPage\"  class='template-page content  av-content-small alpha units'><div class='post-entry post-entry-type-page post-entry-17325'><div class='entry-content-wrapper clearfix'>\n\n<style type=\"text\/css\" data-created_by=\"avia_inline_auto\" id=\"style-css-av-av_heading-98ce2949c6a041b5db857fbb922fcb16\">\n#top .av-special-heading.av-av_heading-98ce2949c6a041b5db857fbb922fcb16{\npadding-bottom:30px;\nfont-size:70px;\n}\nbody .av-special-heading.av-av_heading-98ce2949c6a041b5db857fbb922fcb16 .av-special-heading-tag .heading-char{\nfont-size:25px;\n}\n#top #wrap_all .av-special-heading.av-av_heading-98ce2949c6a041b5db857fbb922fcb16 .av-special-heading-tag{\nfont-size:70px;\n}\n.av-special-heading.av-av_heading-98ce2949c6a041b5db857fbb922fcb16 .av-subheading{\nfont-size:15px;\n}\n\n@media only screen and (min-width: 480px) and (max-width: 767px){ \n#top #wrap_all .av-special-heading.av-av_heading-98ce2949c6a041b5db857fbb922fcb16 .av-special-heading-tag{\nfont-size:0.8em;\n}\n}\n\n@media only screen and (max-width: 479px){ \n#top #wrap_all .av-special-heading.av-av_heading-98ce2949c6a041b5db857fbb922fcb16 .av-special-heading-tag{\nfont-size:0.8em;\n}\n}\n<\/style>\n<div  class='av-special-heading av-av_heading-98ce2949c6a041b5db857fbb922fcb16 av-special-heading-h1 blockquote modern-quote  avia-builder-el-1  el_before_av_textblock  avia-builder-el-first  av-thin-font av-inherit-size'><h1 class='av-special-heading-tag '  itemprop=\"headline\"  >termos e Condi\u00e7\u00f5es<strong>.<\/strong><\/h1><div class=\"special-heading-border\"><div class=\"special-heading-inner-border\"><\/div><\/div><\/div>\n<section  class='av_textblock_section av-jsabqkjf-f45eda52b5324858d224970b0d0ebe35 '   itemscope=\"itemscope\" itemtype=\"https:\/\/schema.org\/CreativeWork\" ><div class='avia_textblock'  itemprop=\"text\" ><h3>Contrato de contratante independente<\/h3>\n<p>BARE Mystery Shopper Acordo e Aplica\u00e7\u00e3o<\/p>\n<p>Este acordo reger\u00e1 a rela\u00e7\u00e3o entre voc\u00ea, um contratado independente, aqui referido como um &#8220;Avaliador&#8221;, e Bare Associates International Inc<br \/>\n.<\/p>\n<p>A BARE est\u00e1 envolvida no desenvolvimento de programas de vis\u00e3o de clientes para seus clientes que geram, entre outras coisas, relat\u00f3rios de compradores misteriosos e achados de auditoria, usando m\u00e9todos variados, como visitas in loco, telecomunica\u00e7\u00f5es, entrevistas entre redes e intercepta\u00e7\u00e3o.<\/p>\n<p>Voc\u00ea declara que, ao prestar servi\u00e7os de compras misteriosas, voc\u00ea (i) \u00e9 independente, (ii) est\u00e1 envolvido em uma empresa ou ocupa\u00e7\u00e3o independente, (iii) mantenha-se ao p\u00fablico como independente e dispon\u00edvel para fornecer seus servi\u00e7os, (Iv) manter uma empresa ou escrit\u00f3rio em casa e \/ ou endere\u00e7o separado e separado do BARE, e (v) n\u00e3o confiar exclusivamente no BARE para obter projetos.<\/p>\n<p>Os relat\u00f3rios que s\u00e3o gerados a partir dos programas que desenvolvemos s\u00e3o fornecidos aos nossos clientes com a finalidade de determinar os sucessos operacionais e as oportunidades de melhoria em \u00e1reas como servi\u00e7o, vendas, apresenta\u00e7\u00e3o de produtos, manuten\u00e7\u00e3o de instala\u00e7\u00f5es e outros detalhes das opera\u00e7\u00f5es e do pessoal do cliente.<\/p>\n<p>O avaliador concorda com os seguintes termos e condi\u00e7\u00f5es na aceita\u00e7\u00e3o de projetos da BARE:<\/p>\n<p><strong>RELA\u00c7\u00c3O:<\/strong> O avaliador entende que eles operam como contratado independente. O avaliador \u00e9 respons\u00e1vel por sua pr\u00f3pria responsabilidade e pela remunera\u00e7\u00e3o do trabalhador e como seguro automotivo aplic\u00e1vel e det\u00e9m a BARE e suas afiliadas inofensivas ao executar servi\u00e7os nos projetos aqui obtidos. N\u00e3o h\u00e1 rela\u00e7\u00e3o empregador-empregado. Quaisquer impostos federais, estaduais, nacionais e outros impostos aplic\u00e1veis N\u00c3O ser\u00e3o detidos nos pagamentos ou reembolsos distribu\u00eddos pela BARE. Somente nos EUA, um 1099 ser\u00e1 emitido para facilitar o relat\u00f3rio apropriado do Avaliador de renda, recebendo por servi\u00e7os prestados de US $ 600 ou mais em qualquer ano civil.<\/p>\n<p><strong>PROJETOS:<\/strong> As oportunidades de projetos s\u00e3o oferecidas por diferentes meios, conforme necess\u00e1rio, base rotativa. O avaliador pode optar por aceitar ou rejeitar qualquer projeto proposto. Voc\u00ea concorda e entende que temos a op\u00e7\u00e3o e escolha para solicitar seus servi\u00e7os como contratado independente na realiza\u00e7\u00e3o dos referidos servi\u00e7os, ou n\u00e3o. Voc\u00ea, por sua vez, tem o direito de aceitar ou n\u00e3o aceitar qualquer projeto postado.<\/p>\n<p><strong>CONDUTA \u00c9TICA:<\/strong> Para garantir o cumprimento dos requisitos \u00e9ticos que regem esta ind\u00fastria, N\u00c3O PODE SER atualmente empregado por qualquer empresa que voc\u00ea compre. Al\u00e9m disso, voc\u00ea pode n\u00e3o ter trabalhado durante o ano passado em qualquer neg\u00f3cio que voc\u00ea compre. Certifique-se de que n\u00e3o aceita quaisquer projetos associados ao seu empregador atual ou anterior. Isso ser\u00e1 em conflito direto com este acordo.<\/p>\n<h3>COMPENSA\u00c7\u00c3O<strong>:<\/strong><\/h3>\n<p><strong>USA\/CANADA \u2013 <\/strong>Os honor\u00e1rios por servi\u00e7os prestados e o reembolso de despesas permitidas ser\u00e3o distribu\u00eddos por cheque de papel por correio ou pagamento eletr\u00f4nico aproximadamente no dia 18 do m\u00eas seguinte ao m\u00eas em que os projetos foram devidamente preenchidos e recebidos de acordo com os requisitos do projeto. Por favor, note que o pagamento eletr\u00f4nico m\u00e1ximo permitido \u00e9 de US $ 600,00. Para valores que excedam isso, ser\u00e1 emitido um cheque em papel enviado. Os avaliadores que optam por cheques de papel enviados devem permitir tempo suficiente para o servi\u00e7o postal entregar da Virg\u00ednia (5-10 dias \u00fateis s\u00e3o recomendados, dependendo da sua localiza\u00e7\u00e3o). Se voc\u00ea est\u00e1 esperando um cheque de papel enviado e n\u00e3o o receba depois de esperar um tempo suficiente, informe o cheque perdido o mais r\u00e1pido poss\u00edvel em payoutinquiry@bareinter.wpenginepowered.com e SEMPRE no prazo de 90 dias da data em que o esperava. Se voc\u00ea acredita que seu cheque foi perdido no correio, ele pode ser re-emitido imediatamente por uma taxa de pagamento de $ 30 (geralmente deduzida do cheque reeditado), ou voc\u00ea pode optar por aguardar que o cheque seja inv\u00e1lido (180 Dias) e ser\u00e1 reeditado para voc\u00ea sem taxa. Finalmente, gostar\u00edamos de lembr\u00e1-lo de que temos uma op\u00e7\u00e3o de pagamento eletr\u00f4nico dispon\u00edvel que evita toda possibilidade de perda de cheques de papel no correio. Para se inscrever em pagamentos eletr\u00f4nicos, acesse a se\u00e7\u00e3o &#8220;Informa\u00e7\u00f5es adicionais&#8221; no perfil do seu avaliador e insira as informa\u00e7\u00f5es da conta banc\u00e1ria que voc\u00ea gostaria de usar para receber seus pagamentos. As informa\u00e7\u00f5es da sua conta s\u00e3o altamente seguras e s\u00e3o usadas por nenhum outro motivo do que fazer o pagamento. Certifique-se de ter completado o seu perfil de comprador e lembre-se de mant\u00ea-lo atualizado no caso de qualquer uma das informa\u00e7\u00f5es mudar.<\/p>\n<p><strong>TODOS OS OUTROS PA\u00cdSES &#8211; <\/strong>As taxas por servi\u00e7os prestados e o reembolso de despesas permitidas ser\u00e3o distribu\u00eddos por transfer\u00eancia banc\u00e1ria ou outro m\u00e9todo (que, a nossa op\u00e7\u00e3o, \u00e9 considerado o m\u00e9todo mais rent\u00e1vel e eficiente) em aproximadamente o 20 do m\u00eas seguinte ao m\u00eas em que os projetos foram adequadamente Completo e recebido de acordo com os requisitos do projeto. Certifique-se de que concluiu a se\u00e7\u00e3o Detalhes do pagamento do seu perfil do comprador estendido e lembre-se de mant\u00ea-lo atualizado no caso de qualquer uma das informa\u00e7\u00f5es mudar.<\/p>\n<p><strong>PARA TODAS AS TRANSA\u00c7\u00d5ES DE PAGAMENTO &#8211; <\/strong>Como cortesia, uma notifica\u00e7\u00e3o de pagamento \u00e9 enviada para o endere\u00e7o de e-mail registrado no perfil do Avaliador. Esta notifica\u00e7\u00e3o lista os Projetos espec\u00edficos inclu\u00eddos no pagamento e o valor das Taxas e \/ ou Reembolsos pagos. Esta notifica\u00e7\u00e3o deve ser verificada cuidadosamente e todas as discrep\u00e2ncias relatadas o mais r\u00e1pido poss\u00edvel. Se voc\u00ea tiver alguma d\u00favida sobre o pagamento para os projetos individuais listados, entre em contato com o gerente do projeto. Se voc\u00ea tiver alguma d\u00favida sobre a transa\u00e7\u00e3o de pagamento, entre em contato com o indiv\u00edduo apropriado mencionado no e-mail. Para todos os pagamentos, o prazo \u00e9 de sessenta (60) dias a partir da data de emiss\u00e3o (ou data do recebimento esperado) para relatar quaisquer discrep\u00e2ncias. Lamentamos que n\u00e3o possamos investigar problemas de pagamento com mais de sessenta (60) dias de idade.<\/p>\n<p>Voc\u00ea reconhece que a BARE depende de voc\u00ea para enviar relat\u00f3rios completos e precisos em tempo h\u00e1bil e atender a todos os requisitos do projeto do cliente. Voc\u00ea ainda reconhece que sua falha no cumprimento desta disposi\u00e7\u00e3o provavelmente ir\u00e1 prejudicar a capacidade da BARE de fornecer relat\u00f3rios \u00fateis e precisos aos seus clientes e pode potencialmente prejudicar o relacionamento da BARE com seus clientes. Portanto, se voc\u00ea enviar relat\u00f3rios atrasados, incompletos ou imprecisos, ou se voc\u00ea n\u00e3o cumprir todos os requisitos do projeto, a BARE pode ajustar ou reter algumas ou todas as remunera\u00e7\u00f5es, honor\u00e1rios e reembolso de despesas permitidas, de outra forma, pag\u00e1veis a voc\u00ea. A sua falha em enviar relat\u00f3rios de forma atempada, completamente e com precis\u00e3o ou a n\u00e3o conformidade com todos os requisitos do projeto constitui a sua ren\u00fancia, no todo ou em parte, a quaisquer compensa\u00e7\u00f5es, taxas e reembolso de despesas permitidas.<\/p>\n<p>\u00c9 compreendido mutuamente que, ap\u00f3s a conclus\u00e3o por parte do Avaliador de um projeto, todos e quaisquer materiais que BARE ou um cliente fornecido sejam devolvidos sob demanda. Qualquer compensa\u00e7\u00e3o devida e paga ao Avaliador pode ser retida at\u00e9 que todo o material seja recebido.<\/p>\n<p>Eu, o avaliador, por este meio PROMOVER para: (1) Nunca divulgar os nomes e \/ ou locais dos clientes BARE; (2) Mantenha confidenciais todas as descobertas em rela\u00e7\u00e3o ao cliente BARE ou BARE, seja verbalmente ou por escrito. Os relat\u00f3rios s\u00e3o para uso EXCLUSIVO e conhecimento dos clientes BARE. O avaliador reconhece que a divulga\u00e7\u00e3o a terceiros sem o consentimento pr\u00e9vio e pr\u00e9vio por escrito da BARE pode justificar a\u00e7\u00f5es legais; (3) para evitar comprometer, ou a percep\u00e7\u00e3o de comprometimento, a objetividade e a confiabilidade de minhas descobertas, NUNCA entre diretamente em contato com um cliente BARE em qualquer n\u00edvel, incluindo gerenciamento de unidades ou pessoal em rela\u00e7\u00e3o a um projeto; Resultados desse projeto; Ou por qualquer motivo relacionado aos meus servi\u00e7os e relacionamento com o BARE. (4) Nunca use nenhum material BARE para fins diferentes do projeto mutuamente acordado. Todos os formul\u00e1rios e materiais fornecidos pelo BARE s\u00e3o protegidos por direitos autorais e permanecem propriedade exclusiva de BARE e \/ ou seus clientes; (5) Por um per\u00edodo de um ano ap\u00f3s o \u00faltimo dia, eu executo servi\u00e7os em um projeto abaixo, aceito N\u00c3O divulgar a terceiros ou usar ou permitir o uso de qualquer informa\u00e7\u00e3o confidencial ou propriet\u00e1ria sobre BARE ou um cliente de BARE Que obtive atrav\u00e9s do meu relacionamento com o BARE. Para estes fins, as informa\u00e7\u00f5es confidenciais devem incluir, mas n\u00e3o se limitando, o conte\u00fado de quaisquer formul\u00e1rios ou materiais que recebo abaixo, os nomes e informa\u00e7\u00f5es de contato correspondentes para clientes, potenciais clientes e fornecedores de BARE e seus clientes, e BARE e seus clientes &#8220;M\u00e9todos comerciais respectivos, informa\u00e7\u00f5es financeiras n\u00e3o p\u00fablicas e outros materiais e informa\u00e7\u00f5es que parecem constituir informa\u00e7\u00f5es confidenciais razoavelmente. As leis da Commonwealth da Virg\u00ednia, bem como o pa\u00eds do seu domic\u00edlio, regulam este acordo.<\/p>\n<p>EU COMPREENDO E CONCORDO COM COMPLETAR, TRANSMITIR E ACEITAR PEDIDOS DE SEGUIMENTO PARA RELAT\u00d3RIOS E RECEITAS EM PROJETOS ACEITADOS DE FORMA PROFISSIONAL. Ao COMPLETAR A APLICA\u00c7\u00c3O ON-LINE PARA SOLICITAR PROJETOS DE AVALIADORES DE BARE, CONCORDO COM TODOS OS TERMOS E CONDI\u00c7\u00d5ES ESPECIFICADOS ACIMA.<\/p>\n<p>Para residentes no Brasil, clique <a href=\"https:\/\/files.bareinternational.com\/files\/bare-br\/BR_Evaluator\/contratoshopperBrasil.pdf\">aqui<\/a>.<\/p>\n<\/div><\/section>\n<\/div><\/div><\/main><!-- close content main element --><\/div><\/div><div id='after_section_1'  class='main_color av_default_container_wrap container_wrap sidebar_right'  ><div class='container av-section-cont-open' ><div class='template-page content  av-content-small alpha units'><div class='post-entry post-entry-type-page post-entry-17325'><div class='entry-content-wrapper clearfix'>\n","protected":false},"excerpt":{"rendered":"","protected":false},"author":5,"featured_media":0,"parent":0,"menu_order":0,"comment_status":"closed","ping_status":"closed","template":"","meta":{"footnotes":""},"class_list":["post-17325","page","type-page","status-publish","hentry"],"_links":{"self":[{"href":"https:\/\/www.bareinternational.com\/pt-pt\/wp-json\/wp\/v2\/pages\/17325","targetHints":{"allow":["GET"]}}],"collection":[{"href":"https:\/\/www.bareinternational.com\/pt-pt\/wp-json\/wp\/v2\/pages"}],"about":[{"href":"https:\/\/www.bareinternational.com\/pt-pt\/wp-json\/wp\/v2\/types\/page"}],"author":[{"embeddable":true,"href":"https:\/\/www.bareinternational.com\/pt-pt\/wp-json\/wp\/v2\/users\/5"}],"replies":[{"embeddable":true,"href":"https:\/\/www.bareinternational.com\/pt-pt\/wp-json\/wp\/v2\/comments?post=17325"}],"version-history":[{"count":0,"href":"https:\/\/www.bareinternational.com\/pt-pt\/wp-json\/wp\/v2\/pages\/17325\/revisions"}],"wp:attachment":[{"href":"https:\/\/www.bareinternational.com\/pt-pt\/wp-json\/wp\/v2\/media?parent=17325"}],"curies":[{"name":"wp","href":"https:\/\/api.w.org\/{rel}","templated":true}]}}