{"id":15438,"date":"2017-04-06T13:28:29","date_gmt":"2017-04-06T13:28:29","guid":{"rendered":"https:\/\/bareint.wpenginepowered.com\/careers\/"},"modified":"2019-11-05T17:07:27","modified_gmt":"2019-11-05T16:07:27","slug":"carreiras","status":"publish","type":"page","link":"https:\/\/www.bareinternational.com\/pt-pt\/carreiras\/","title":{"rendered":"Carreiras"},"content":{"rendered":"<div class='clear'><\/div><div id='sub_menu1'  class='av-submenu-container av-av_submenu-f369fb6222963396faf08d3da8a27842 header_color  avia-builder-el-0  el_before_av_section  avia-builder-el-first  av-sticky-submenu container_wrap sidebar_right' style='z-index:301' ><div class='container av-menu-mobile-disabled av-submenu-pos-center'><ul id='av-custom-submenu-1' class='av-subnav-menu' role='menu'>\n<li class='menu-item av-av_submenu_item-df6b3669c8ad9d8f0bff0ae755767e43 menu-item-top-level menu-item-top-level-1' role='menuitem'><a href='https:\/\/www.sassieshop.com\/sassie\/SassieShopperSignup\/Signup.php?EmsID=OTWjtdM%2Bsxk%3D'  target=\"_blank\"  rel=\"noopener noreferrer\" ><span class='avia-bullet'><\/span><span class='avia-menu-text'>Torne-se um Avaliador<\/span><\/a><\/li>\n<li class='menu-item av-av_submenu_item-b18f82eaa178564b3e712b7d0c88fc31 menu-item-top-level menu-item-top-level-2' role='menuitem'><a href='https:\/\/www.baidata.com\/shoppers\/LoginShopper.norm.php'  target=\"_blank\"  rel=\"noopener noreferrer\" ><span class='avia-bullet'><\/span><span class='avia-menu-text'>Login do avaliador<\/span><\/a><\/li>\n<li class='menu-item av-av_submenu_item-b50eee2cb346804f46ff6de754c8f458 menu-item-top-level menu-item-top-level-3' role='menuitem'><a href='#open'  ><span class='avia-bullet'><\/span><span class='avia-menu-text'>Posi\u00e7\u00f5es Abertas<\/span><\/a><\/li>\n<\/ul><\/div><\/div><div class='sticky_placeholder'><\/div>\n<div id='about-us'  class='avia-section av-av_section-6831ba2de13672707cc11f1e8de5bc15 main_color avia-section-large avia-no-border-styling  avia-builder-el-1  el_after_av_submenu  el_before_av_section  avia-bg-style-scroll container_wrap sidebar_right'  ><div class='container av-section-cont-open' ><div class='template-page content  av-content-small alpha units'><div class='post-entry post-entry-type-page post-entry-15438'><div class='entry-content-wrapper clearfix'>\n\n<style type=\"text\/css\" data-created_by=\"avia_inline_auto\" id=\"style-css-av-av_heading-c321268becac0b44425f88b11a87a360\">\n#top .av-special-heading.av-av_heading-c321268becac0b44425f88b11a87a360{\npadding-bottom:30px;\nfont-size:70px;\n}\nbody .av-special-heading.av-av_heading-c321268becac0b44425f88b11a87a360 .av-special-heading-tag .heading-char{\nfont-size:25px;\n}\n#top #wrap_all .av-special-heading.av-av_heading-c321268becac0b44425f88b11a87a360 .av-special-heading-tag{\nfont-size:70px;\n}\n.av-special-heading.av-av_heading-c321268becac0b44425f88b11a87a360 .av-subheading{\nfont-size:15px;\n}\n\n@media only screen and (min-width: 480px) and (max-width: 767px){ \n#top #wrap_all .av-special-heading.av-av_heading-c321268becac0b44425f88b11a87a360 .av-special-heading-tag{\nfont-size:0.8em;\n}\n}\n\n@media only screen and (max-width: 479px){ \n#top #wrap_all .av-special-heading.av-av_heading-c321268becac0b44425f88b11a87a360 .av-special-heading-tag{\nfont-size:0.8em;\n}\n}\n<\/style>\n<div  class='av-special-heading av-av_heading-c321268becac0b44425f88b11a87a360 av-special-heading-h1 blockquote modern-quote  avia-builder-el-2  el_before_av_one_half  avia-builder-el-first  av-thin-font av-inherit-size'><h1 class='av-special-heading-tag '  itemprop=\"headline\"  >Carreiras<strong>.<\/strong><\/h1><div class=\"special-heading-border\"><div class=\"special-heading-inner-border\"><\/div><\/div><\/div>\n\n<style type=\"text\/css\" data-created_by=\"avia_inline_auto\" id=\"style-css-av-av_one_half-6126cab7d8fab8d08143dd2dacdf673c\">\n.flex_column.av-av_one_half-6126cab7d8fab8d08143dd2dacdf673c{\nborder-radius:0px 0px 0px 0px;\npadding:0px 0px 0px 0px;\n}\n<\/style>\n<div  class='flex_column av-av_one_half-6126cab7d8fab8d08143dd2dacdf673c av_one_half  avia-builder-el-3  el_after_av_heading  el_before_av_one_half  first flex_column_div av-zero-column-padding  '     ><section  class='av_textblock_section av-av_textblock-35972167d9f102c5ddaec0c531c98b9e '   itemscope=\"itemscope\" itemtype=\"https:\/\/schema.org\/CreativeWork\" ><div class='avia_textblock'  itemprop=\"text\" ><h2><strong>Carreiras BARE<\/strong><\/h2>\n<p>A carreira com BARE oferece muitas vantagens \u00fanicas, n\u00e3o menos do que o prazer de trabalhar em uma atmosfera familiar, juntamente com a emo\u00e7\u00e3o de uma empresa global empresarial e exposi\u00e7\u00e3o aos mercados internacionais.<\/p>\n<\/div><\/section><br \/>\n\n<style type=\"text\/css\" data-created_by=\"avia_inline_auto\" id=\"style-css-av-av_hr-5ea7596238ed9f191e6b5e662093052f\">\n#top .hr.hr-invisible.av-av_hr-5ea7596238ed9f191e6b5e662093052f{\nheight:30px;\n}\n<\/style>\n<div  class='hr av-av_hr-5ea7596238ed9f191e6b5e662093052f hr-invisible  avia-builder-el-5  el_after_av_textblock  el_before_av_button '><span class='hr-inner '><span class=\"hr-inner-style\"><\/span><\/span><\/div><br \/>\n<div  class='avia-button-wrap av-av_button-c1dadad6439feeb08cf8388d7462ae83-wrap avia-button-left  avia-builder-el-6  el_after_av_hr  el_before_av_hr '><a href='#open'  class='avia-button av-av_button-c1dadad6439feeb08cf8388d7462ae83 av-link-btn avia-icon_select-yes-right-icon avia-size-large avia-position-left av-icon-on-hover avia-color-theme-color'  target=\"_blank\"  rel=\"noopener noreferrer\"  aria-label=\"Exibir Posi\u00e7\u00f5es Abertas\"><span class='avia_iconbox_title' >Exibir Posi\u00e7\u00f5es Abertas<\/span><span class='avia_button_icon avia_button_icon_right avia-iconfont avia-font-entypo-fontello' data-av_icon='\ue879' data-av_iconfont='entypo-fontello' ><\/span><\/a><\/div><br \/>\n<div  class='hr av-av_hr-dcd2069817a0e3d34ae04cad8f3443c7 hr-default  avia-builder-el-7  el_after_av_button  el_before_av_textblock '><span class='hr-inner '><span class=\"hr-inner-style\"><\/span><\/span><\/div><br \/>\n<section  class='av_textblock_section av-av_textblock-35972167d9f102c5ddaec0c531c98b9e '   itemscope=\"itemscope\" itemtype=\"https:\/\/schema.org\/CreativeWork\" ><div class='avia_textblock'  itemprop=\"text\" ><blockquote>\n<p>&#8220;O crescimento n\u00e3o ocorre pela sorte ou pelo acaso; \u00c9 o resultado de pessoas trabalhando juntas &#8220;.<\/p>\n<p><strong>Mike and Dale BARE<\/strong><br \/>\nBARE Founders<\/p>\n<\/blockquote>\n<\/div><\/section><\/p><\/div>\n<style type=\"text\/css\" data-created_by=\"avia_inline_auto\" id=\"style-css-av-av_one_half-0aa7055fe62c3622faec82866afbaeb2\">\n.flex_column.av-av_one_half-0aa7055fe62c3622faec82866afbaeb2{\nborder-radius:0px 0px 0px 0px;\npadding:0px 0px 0px 0px;\n}\n<\/style>\n<div  class='flex_column av-av_one_half-0aa7055fe62c3622faec82866afbaeb2 av_one_half  avia-builder-el-9  el_after_av_one_half  avia-builder-el-last  flex_column_div av-zero-column-padding  '     ><section  class='av_textblock_section av-av_textblock-35972167d9f102c5ddaec0c531c98b9e '   itemscope=\"itemscope\" itemtype=\"https:\/\/schema.org\/CreativeWork\" ><div class='avia_textblock'  itemprop=\"text\" ><h2>Benef\u00edcios de trabalhar na BARE International<\/h2>\n<\/div><\/section><br \/>\n<div  class='avia-icon-list-container av-av_iconlist-e3b782b4a3e112e0b4818a417ff43562  avia-builder-el-11  el_after_av_textblock  el_before_av_hr '><ul class='avia-icon-list avia_animate_when_almost_visible avia-icon-list-left av-iconlist-big av-av_iconlist-e3b782b4a3e112e0b4818a417ff43562 avia-iconlist-animate'>\n<li><div class='iconlist_icon av-av_iconlist_item-dcd5a19c8a9ca04dbc989d25c0d92be3 avia-font-entypo-fontello avia-iconfont avia-font-entypo-fontello'><span class='av-icon-char' data-av_icon='\ue812' data-av_iconfont='entypo-fontello' aria-hidden=\"true\"><\/span><\/div><article class=\"article-icon-entry av-iconlist-empty\"  itemscope=\"itemscope\" itemtype=\"https:\/\/schema.org\/CreativeWork\" ><div class=\"iconlist_content_wrap\"><header class=\"entry-content-header\" aria-label=\"Icon: Talentos locais\"><h4 class='av_iconlist_title iconlist_title  '  itemprop=\"headline\" >Talentos locais<\/h4><\/header><div class='iconlist_content '  itemprop=\"text\" ><\/div><\/div><footer class=\"entry-footer\"><\/footer><\/article><div class=\"iconlist-timeline\"><\/div><\/li>\n<li><div class='iconlist_icon av-av_iconlist_item-05f538513dfa007d48577d168c6fbc90 avia-font-entypo-fontello avia-iconfont avia-font-entypo-fontello'><span class='av-icon-char' data-av_icon='\ue812' data-av_iconfont='entypo-fontello' aria-hidden=\"true\"><\/span><\/div><article class=\"article-icon-entry av-iconlist-empty\"  itemscope=\"itemscope\" itemtype=\"https:\/\/schema.org\/CreativeWork\" ><div class=\"iconlist_content_wrap\"><header class=\"entry-content-header\" aria-label=\"Icon: Mentes globais\"><h4 class='av_iconlist_title iconlist_title  '  itemprop=\"headline\" >Mentes globais<\/h4><\/header><div class='iconlist_content '  itemprop=\"text\" ><\/div><\/div><footer class=\"entry-footer\"><\/footer><\/article><div class=\"iconlist-timeline\"><\/div><\/li>\n<li><div class='iconlist_icon av-av_iconlist_item-9aff976e23fe9b43be97e7105d13303c avia-font-entypo-fontello avia-iconfont avia-font-entypo-fontello'><span class='av-icon-char' data-av_icon='\ue812' data-av_iconfont='entypo-fontello' aria-hidden=\"true\"><\/span><\/div><article class=\"article-icon-entry av-iconlist-empty\"  itemscope=\"itemscope\" itemtype=\"https:\/\/schema.org\/CreativeWork\" ><div class=\"iconlist_content_wrap\"><header class=\"entry-content-header\" aria-label=\"Icon: Interc\u00e2mbio Multicultural\"><h4 class='av_iconlist_title iconlist_title  '  itemprop=\"headline\" >Interc\u00e2mbio Multicultural<\/h4><\/header><div class='iconlist_content '  itemprop=\"text\" ><\/div><\/div><footer class=\"entry-footer\"><\/footer><\/article><div class=\"iconlist-timeline\"><\/div><\/li>\n<li><div class='iconlist_icon av-av_iconlist_item-2650842ff219cf333b90e1760070b725 avia-font-entypo-fontello avia-iconfont avia-font-entypo-fontello'><span class='av-icon-char' data-av_icon='\ue812' data-av_iconfont='entypo-fontello' aria-hidden=\"true\"><\/span><\/div><article class=\"article-icon-entry av-iconlist-empty\"  itemscope=\"itemscope\" itemtype=\"https:\/\/schema.org\/CreativeWork\" ><div class=\"iconlist_content_wrap\"><header class=\"entry-content-header\" aria-label=\"Icon: Empreendedorismo\"><h4 class='av_iconlist_title iconlist_title  '  itemprop=\"headline\" >Empreendedorismo<\/h4><\/header><div class='iconlist_content '  itemprop=\"text\" ><\/div><\/div><footer class=\"entry-footer\"><\/footer><\/article><div class=\"iconlist-timeline\"><\/div><\/li>\n<li><div class='iconlist_icon av-av_iconlist_item-962d8cab01038e8a6c220db8c2bfc277 avia-font-entypo-fontello avia-iconfont avia-font-entypo-fontello'><span class='av-icon-char' data-av_icon='\ue812' data-av_iconfont='entypo-fontello' aria-hidden=\"true\"><\/span><\/div><article class=\"article-icon-entry av-iconlist-empty\"  itemscope=\"itemscope\" itemtype=\"https:\/\/schema.org\/CreativeWork\" ><div class=\"iconlist_content_wrap\"><header class=\"entry-content-header\" aria-label=\"Icon: Voltada para o Cliente ou\"><h4 class='av_iconlist_title iconlist_title  '  itemprop=\"headline\" >Voltada para o Cliente ou<\/h4><\/header><div class='iconlist_content '  itemprop=\"text\" ><\/div><\/div><footer class=\"entry-footer\"><\/footer><\/article><div class=\"iconlist-timeline\"><\/div><\/li>\n<\/ul><\/div><br \/>\n\n<style type=\"text\/css\" data-created_by=\"avia_inline_auto\" id=\"style-css-av-av_hr-5ea7596238ed9f191e6b5e662093052f\">\n#top .hr.hr-invisible.av-av_hr-5ea7596238ed9f191e6b5e662093052f{\nheight:30px;\n}\n<\/style>\n<div  class='hr av-av_hr-5ea7596238ed9f191e6b5e662093052f hr-invisible  avia-builder-el-12  el_after_av_iconlist  avia-builder-el-last '><span class='hr-inner '><span class=\"hr-inner-style\"><\/span><\/span><\/div><\/p><\/div>\n\n<\/div><\/div><\/div><!-- close content main div --><\/div><\/div><div id='open'  class='avia-section av-av_section-8456f6acd9f2e87aa8e2d5ff2cac1d46 main_color avia-section-large avia-no-border-styling  avia-builder-el-13  el_after_av_section  el_before_av_layout_row  avia-bg-style-scroll container_wrap sidebar_right'  ><div class='container av-section-cont-open' ><div class='template-page content  av-content-small alpha units'><div class='post-entry post-entry-type-page post-entry-15438'><div class='entry-content-wrapper clearfix'>\n\n<style type=\"text\/css\" data-created_by=\"avia_inline_auto\" id=\"style-css-av-av_one_full-6126cab7d8fab8d08143dd2dacdf673c\">\n.flex_column.av-av_one_full-6126cab7d8fab8d08143dd2dacdf673c{\nborder-radius:0px 0px 0px 0px;\npadding:0px 0px 0px 0px;\n}\n<\/style>\n<div  class='flex_column av-av_one_full-6126cab7d8fab8d08143dd2dacdf673c av_one_full  avia-builder-el-14  avia-builder-el-no-sibling  first flex_column_div av-zero-column-padding  '     ><\/div>\n\n<\/div><\/div><\/div><!-- close content main div --><\/div><\/div><div id='av-layout-grid-1'  class='av-layout-grid-container av-av_layout_row-caf1f26e08707a2ebe9176b630e736c2 entry-content-wrapper main_color av-flex-cells  avia-builder-el-16  el_after_av_section  avia-builder-el-last  grid-row-not-first  container_wrap sidebar_right'  >\n\n<style type=\"text\/css\" data-created_by=\"avia_inline_auto\" id=\"style-css-av-av_cell_one_third-e0b12a0d38574f55d296603f5bb31e09\">\n.flex_cell.av-av_cell_one_third-e0b12a0d38574f55d296603f5bb31e09{\nvertical-align:middle;\nbackground-color:#da291c;\n}\n.responsive #top #wrap_all .flex_cell.av-av_cell_one_third-e0b12a0d38574f55d296603f5bb31e09{\npadding:50px 50px 50px 50px !important;\n}\n<\/style>\n<div class='flex_cell av-av_cell_one_third-e0b12a0d38574f55d296603f5bb31e09 av-gridrow-cell av_one_third no_margin  avia-builder-el-17  el_before_av_cell_one_third  avia-builder-el-first  content-align-middle avia-full-stretch'  ><div class='flex_cell_inner'>\n<style type=\"text\/css\" data-created_by=\"avia_inline_auto\" id=\"style-css-av-av_animated_numbers-fadddaf2a084abbcc4ca6c95ad04cfd6\">\n.avia-animated-number.av-av_animated_numbers-fadddaf2a084abbcc4ca6c95ad04cfd6 .avia-animated-number-icon.avia-svg-icon svg:first-child{\nfill:#ffffff;\nstroke:#ffffff;\n}\n#top .avia-animated-number.av-av_animated_numbers-fadddaf2a084abbcc4ca6c95ad04cfd6 .avia-animated-number-title{\nfont-size:50px;\ncolor:#ffffff;\n}\n#top .avia-animated-number.av-av_animated_numbers-fadddaf2a084abbcc4ca6c95ad04cfd6 .avia-animated-number-content{\nfont-size:22px;\n}\n<\/style>\n<div  class=\"avia-animated-number av-av_animated_numbers-fadddaf2a084abbcc4ca6c95ad04cfd6 av-force-default-color avia_animate_when_visible  avia-builder-el-18  avia-builder-el-no-sibling  avia-color-font-custom \" data-timer=\"3000\"><strong class=\"heading avia-animated-number-title\"><span class=\"avia-single-number __av-single-number\" data-number_format=\"\" data-number=\"150\" data-start_from=\"0\">150<\/span><span class=\"avia-no-number\"> Pa\u00edses<\/span><\/strong><div class=\"avia-animated-number-content\"><p>Na rede BARE<\/p>\n<\/div><\/div>\n<\/div><\/div>\n<style type=\"text\/css\" data-created_by=\"avia_inline_auto\" id=\"style-css-av-av_cell_one_third-cd23fdc82ac140e61d64f63b27d15077\">\n.flex_cell.av-av_cell_one_third-cd23fdc82ac140e61d64f63b27d15077{\nvertical-align:middle;\nbackground-color:#ff9e1b;\n}\n.responsive #top #wrap_all .flex_cell.av-av_cell_one_third-cd23fdc82ac140e61d64f63b27d15077{\npadding:50px 50px 50px 50px !important;\n}\n<\/style>\n<div class='flex_cell av-av_cell_one_third-cd23fdc82ac140e61d64f63b27d15077 av-gridrow-cell av_one_third no_margin  avia-builder-el-19  el_after_av_cell_one_third  el_before_av_cell_one_third  content-align-middle avia-full-stretch'  ><div class='flex_cell_inner'>\n<style type=\"text\/css\" data-created_by=\"avia_inline_auto\" id=\"style-css-av-k2m1qz9y-b3f957204365b31f4f3d1bec17acc32b\">\n.avia-animated-number.av-k2m1qz9y-b3f957204365b31f4f3d1bec17acc32b .avia-animated-number-icon.avia-svg-icon svg:first-child{\nfill:#ffffff;\nstroke:#ffffff;\n}\n#top .avia-animated-number.av-k2m1qz9y-b3f957204365b31f4f3d1bec17acc32b .avia-animated-number-title{\nfont-size:50px;\ncolor:#ffffff;\n}\n#top .avia-animated-number.av-k2m1qz9y-b3f957204365b31f4f3d1bec17acc32b .avia-animated-number-content{\nfont-size:22px;\n}\n<\/style>\n<div  class=\"avia-animated-number av-k2m1qz9y-b3f957204365b31f4f3d1bec17acc32b av-force-default-color avia_animate_when_visible  avia-builder-el-20  avia-builder-el-no-sibling  avia-color-font-custom \" data-timer=\"3000\"><strong class=\"heading avia-animated-number-title\"><span class=\"avia-single-number __av-single-number\" data-number_format=\"\" data-number=\"10\" data-start_from=\"0\">10<\/span><span class=\"avia-no-number\"> Escrit\u00f3rios<\/span><\/strong><div class=\"avia-animated-number-content\"><p>ao redor do mundo<\/p>\n<\/div><\/div>\n<\/div><\/div>\n<style type=\"text\/css\" data-created_by=\"avia_inline_auto\" id=\"style-css-av-av_cell_one_third-c703b13345664433a2acd0a08f527a49\">\n.flex_cell.av-av_cell_one_third-c703b13345664433a2acd0a08f527a49{\nvertical-align:middle;\nbackground-color:#7474c1;\n}\n.responsive #top #wrap_all .flex_cell.av-av_cell_one_third-c703b13345664433a2acd0a08f527a49{\npadding:50px 50px 50px 50px !important;\n}\n<\/style>\n<div class='flex_cell av-av_cell_one_third-c703b13345664433a2acd0a08f527a49 av-gridrow-cell av_one_third no_margin  avia-builder-el-21  el_after_av_cell_one_third  avia-builder-el-last  content-align-middle avia-full-stretch'  ><div class='flex_cell_inner'>\n<style type=\"text\/css\" data-created_by=\"avia_inline_auto\" id=\"style-css-av-av_animated_numbers-69d9b54f6bbcbfe274979265b30b200f\">\n.avia-animated-number.av-av_animated_numbers-69d9b54f6bbcbfe274979265b30b200f .avia-animated-number-icon.avia-svg-icon svg:first-child{\nfill:#ffffff;\nstroke:#ffffff;\n}\n#top .avia-animated-number.av-av_animated_numbers-69d9b54f6bbcbfe274979265b30b200f .avia-animated-number-title{\nfont-size:50px;\ncolor:#ffffff;\n}\n#top .avia-animated-number.av-av_animated_numbers-69d9b54f6bbcbfe274979265b30b200f .avia-animated-number-content{\nfont-size:22px;\n}\n<\/style>\n<div  class=\"avia-animated-number av-av_animated_numbers-69d9b54f6bbcbfe274979265b30b200f av-force-default-color avia_animate_when_visible  avia-builder-el-22  avia-builder-el-no-sibling  avia-color-font-custom \" data-timer=\"3000\"><strong class=\"heading avia-animated-number-title\"><span class=\"avia-single-number __av-single-number\" data-number_format=\"\" data-number=\"500\" data-start_from=\"0\">500<\/span><span class=\"avia-no-number\">,<\/span><span class=\"avia-single-number __av-single-number\" data-number_format=\"\" data-number=\"000\" data-start_from=\"0\">000<\/span><span class=\"avia-no-number\"> Avaliadores<\/span><\/strong><div class=\"avia-animated-number-content\"><p>no mundo todo<\/p>\n<\/div><\/div>\n<\/div><\/div><\/div>\n","protected":false},"excerpt":{"rendered":"","protected":false},"author":5,"featured_media":0,"parent":0,"menu_order":0,"comment_status":"closed","ping_status":"closed","template":"","meta":{"footnotes":""},"class_list":["post-15438","page","type-page","status-publish","hentry"],"_links":{"self":[{"href":"https:\/\/www.bareinternational.com\/pt-pt\/wp-json\/wp\/v2\/pages\/15438","targetHints":{"allow":["GET"]}}],"collection":[{"href":"https:\/\/www.bareinternational.com\/pt-pt\/wp-json\/wp\/v2\/pages"}],"about":[{"href":"https:\/\/www.bareinternational.com\/pt-pt\/wp-json\/wp\/v2\/types\/page"}],"author":[{"embeddable":true,"href":"https:\/\/www.bareinternational.com\/pt-pt\/wp-json\/wp\/v2\/users\/5"}],"replies":[{"embeddable":true,"href":"https:\/\/www.bareinternational.com\/pt-pt\/wp-json\/wp\/v2\/comments?post=15438"}],"version-history":[{"count":0,"href":"https:\/\/www.bareinternational.com\/pt-pt\/wp-json\/wp\/v2\/pages\/15438\/revisions"}],"wp:attachment":[{"href":"https:\/\/www.bareinternational.com\/pt-pt\/wp-json\/wp\/v2\/media?parent=15438"}],"curies":[{"name":"wp","href":"https:\/\/api.w.org\/{rel}","templated":true}]}}