{"id":15434,"date":"2017-04-22T21:40:40","date_gmt":"2017-04-22T21:40:40","guid":{"rendered":"https:\/\/bareint.wpenginepowered.com\/benchmark-studies\/"},"modified":"2019-11-05T03:37:22","modified_gmt":"2019-11-05T02:37:22","slug":"estudos-de-referencia-2","status":"publish","type":"page","link":"https:\/\/www.bareinternational.com\/pt-pt\/estudos-de-referencia-2\/","title":{"rendered":"Estudos de refer\u00eancia"},"content":{"rendered":"<div id='av_section_1'  class='avia-section av-av_section-43fa913dbbd7170bb5693496c11aa38b main_color avia-section-large avia-no-border-styling  avia-builder-el-0  el_before_av_layout_row  avia-builder-el-first  avia-bg-style-scroll container_wrap sidebar_right'  ><div class='container av-section-cont-open' ><main  role=\"main\" itemprop=\"mainContentOfPage\"  class='template-page content  av-content-small alpha units'><div class='post-entry post-entry-type-page post-entry-15434'><div class='entry-content-wrapper clearfix'>\n\n<style type=\"text\/css\" data-created_by=\"avia_inline_auto\" id=\"style-css-av-av_heading-d02ec06f2c2733f81ec03794f5d75a2a\">\n#top .av-special-heading.av-av_heading-d02ec06f2c2733f81ec03794f5d75a2a{\npadding-bottom:30px;\nfont-size:70px;\n}\nbody .av-special-heading.av-av_heading-d02ec06f2c2733f81ec03794f5d75a2a .av-special-heading-tag .heading-char{\nfont-size:25px;\n}\n#top #wrap_all .av-special-heading.av-av_heading-d02ec06f2c2733f81ec03794f5d75a2a .av-special-heading-tag{\nfont-size:70px;\n}\n.av-special-heading.av-av_heading-d02ec06f2c2733f81ec03794f5d75a2a .av-subheading{\nfont-size:15px;\n}\n\n@media only screen and (min-width: 480px) and (max-width: 767px){ \n#top #wrap_all .av-special-heading.av-av_heading-d02ec06f2c2733f81ec03794f5d75a2a .av-special-heading-tag{\nfont-size:0.8em;\n}\n}\n\n@media only screen and (max-width: 479px){ \n#top #wrap_all .av-special-heading.av-av_heading-d02ec06f2c2733f81ec03794f5d75a2a .av-special-heading-tag{\nfont-size:0.8em;\n}\n}\n<\/style>\n<div  class='av-special-heading av-av_heading-d02ec06f2c2733f81ec03794f5d75a2a av-special-heading-h1 blockquote modern-quote  avia-builder-el-1  el_before_av_one_half  avia-builder-el-first  av-thin-font av-inherit-size'><h1 class='av-special-heading-tag '  itemprop=\"headline\"  >Destaque <strong>Estudos de refer\u00eancia.<\/strong><\/h1><div class=\"special-heading-border\"><div class=\"special-heading-inner-border\"><\/div><\/div><\/div>\n\n<style type=\"text\/css\" data-created_by=\"avia_inline_auto\" id=\"style-css-av-av_one_half-6126cab7d8fab8d08143dd2dacdf673c\">\n.flex_column.av-av_one_half-6126cab7d8fab8d08143dd2dacdf673c{\nborder-radius:0px 0px 0px 0px;\npadding:0px 0px 0px 0px;\n}\n<\/style>\n<div  class='flex_column av-av_one_half-6126cab7d8fab8d08143dd2dacdf673c av_one_half  avia-builder-el-2  el_after_av_heading  el_before_av_one_half  first flex_column_div av-zero-column-padding  '     ><section  class='av_textblock_section av-av_textblock-35972167d9f102c5ddaec0c531c98b9e '   itemscope=\"itemscope\" itemtype=\"https:\/\/schema.org\/CreativeWork\" ><div class='avia_textblock'  itemprop=\"text\" ><p><strong>Estudos de refer\u00eancia em BARE International.<\/strong><\/p>\n<p>Como uma empresa de pesquisa independente, a BARE International realiza pesquisas no setor que fornecem informa\u00e7\u00f5es e informa\u00e7\u00f5es \u00fateis a partir da perspectiva de um cliente. Avalia\u00e7\u00f5es de todo o setor oferecem relat\u00f3rios abrangentes para ajudar as ind\u00fastrias a entender melhor seus pontos fortes e fracos na satisfa\u00e7\u00e3o do cliente. Fa\u00e7a o download de um dos estudos de refer\u00eancia oferecidos aqui.<\/p>\n<\/div><\/section><\/div>\n<style type=\"text\/css\" data-created_by=\"avia_inline_auto\" id=\"style-css-av-av_one_half-0aa7055fe62c3622faec82866afbaeb2\">\n.flex_column.av-av_one_half-0aa7055fe62c3622faec82866afbaeb2{\nborder-radius:0px 0px 0px 0px;\npadding:0px 0px 0px 0px;\n}\n<\/style>\n<div  class='flex_column av-av_one_half-0aa7055fe62c3622faec82866afbaeb2 av_one_half  avia-builder-el-4  el_after_av_one_half  el_before_av_hr  flex_column_div av-zero-column-padding  '     ><p><section  class='av_textblock_section av-av_textblock-35972167d9f102c5ddaec0c531c98b9e '   itemscope=\"itemscope\" itemtype=\"https:\/\/schema.org\/CreativeWork\" ><div class='avia_textblock'  itemprop=\"text\" ><p><strong>Selecione um estudo de refer\u00eancia em destaque na lista abaixo.<\/strong><\/p>\n<\/div><\/section><br \/>\n\n<style type=\"text\/css\" data-created_by=\"avia_inline_auto\" id=\"style-css-av-av_iconlist-794f0b29de215da719d88bcb45542a34\">\n#top .avia-icon-list-container.av-av_iconlist-794f0b29de215da719d88bcb45542a34 .iconlist_icon{\nbackground-color:#7961aa;\n}\n<\/style>\n<div  class='avia-icon-list-container av-av_iconlist-794f0b29de215da719d88bcb45542a34  avia-builder-el-6  el_after_av_textblock  avia-builder-el-last '><ul class='avia-icon-list avia_animate_when_almost_visible avia-icon-list-left av-iconlist-big av-av_iconlist-794f0b29de215da719d88bcb45542a34 avia-iconlist-animate'>\n<li><a href='https:\/\/bareinter.wpenginepowered.com\/wp-content\/uploads\/2017\/04\/Global-Automotive-Pulse-Study-BARE-International.pdf' title='Autom\u00f3vel: Estudo do pulso de satisfa\u00e7\u00e3o do cliente'  target=\"_blank\"  rel=\"noopener noreferrer\" class='iconlist_icon av-av_iconlist_item-b9b847a8efa3b444d2bcffcda6f3324a avia-font-entypo-fontello avia-iconfont avia-font-entypo-fontello'><span class='av-icon-char' data-av_icon='\ue84d' data-av_iconfont='entypo-fontello' aria-hidden=\"true\"><\/span><\/a><article class=\"article-icon-entry av-iconlist-empty\"  itemscope=\"itemscope\" itemtype=\"https:\/\/schema.org\/CreativeWork\" ><div class=\"iconlist_content_wrap\"><header class=\"entry-content-header\" aria-label=\"Icon: &lt;a href=&#039;https:\/\/bareinter.wpenginepowered.com\/wp-content\/uploads\/2017\/04\/Global-Automotive-Pulse-Study-BARE-International.pdf&#039; title=&#039;Autom\u00f3vel: Estudo do pulso de satisfa\u00e7\u00e3o do cliente&#039; target=&quot;_blank&quot;  rel=&quot;noopener noreferrer&quot;&gt;Autom\u00f3vel: Estudo do pulso de satisfa\u00e7\u00e3o do cliente&lt;\/a&gt;\"><h4 class='av_iconlist_title iconlist_title  '  itemprop=\"headline\" ><a href='https:\/\/bareinter.wpenginepowered.com\/wp-content\/uploads\/2017\/04\/Global-Automotive-Pulse-Study-BARE-International.pdf' title='Autom\u00f3vel: Estudo do pulso de satisfa\u00e7\u00e3o do cliente' target=\"_blank\"  rel=\"noopener noreferrer\">Autom\u00f3vel: Estudo do pulso de satisfa\u00e7\u00e3o do cliente<\/a><\/h4><\/header><div class='iconlist_content '  itemprop=\"text\" ><\/div><\/div><footer class=\"entry-footer\"><\/footer><\/article><div class=\"iconlist-timeline\"><\/div><\/li>\n<li><a href='https:\/\/bareinter.wpenginepowered.com\/wp-content\/uploads\/2017\/04\/8095118-0-Bare-Corporate-Fashi.pdf' title='Moda Varejo: Tend\u00eancias e Desafios 2016'  target=\"_blank\"  rel=\"noopener noreferrer\" class='iconlist_icon av-av_iconlist_item-6e440be9247593313938bd6ffc5c7dfe avia-font-entypo-fontello avia-iconfont avia-font-entypo-fontello'><span class='av-icon-char' data-av_icon='\ue84d' data-av_iconfont='entypo-fontello' aria-hidden=\"true\"><\/span><\/a><article class=\"article-icon-entry av-iconlist-empty\"  itemscope=\"itemscope\" itemtype=\"https:\/\/schema.org\/CreativeWork\" ><div class=\"iconlist_content_wrap\"><header class=\"entry-content-header\" aria-label=\"Icon: &lt;a href=&#039;https:\/\/bareinter.wpenginepowered.com\/wp-content\/uploads\/2017\/04\/8095118-0-Bare-Corporate-Fashi.pdf&#039; title=&#039;Moda Varejo: Tend\u00eancias e Desafios 2016&#039; target=&quot;_blank&quot;  rel=&quot;noopener noreferrer&quot;&gt;Moda Varejo: Tend\u00eancias e Desafios 2016&lt;\/a&gt;\"><h4 class='av_iconlist_title iconlist_title  '  itemprop=\"headline\" ><a href='https:\/\/bareinter.wpenginepowered.com\/wp-content\/uploads\/2017\/04\/8095118-0-Bare-Corporate-Fashi.pdf' title='Moda Varejo: Tend\u00eancias e Desafios 2016' target=\"_blank\"  rel=\"noopener noreferrer\">Moda Varejo: Tend\u00eancias e Desafios 2016<\/a><\/h4><\/header><div class='iconlist_content '  itemprop=\"text\" ><\/div><\/div><footer class=\"entry-footer\"><\/footer><\/article><div class=\"iconlist-timeline\"><\/div><\/li>\n<li><a href='https:\/\/bareinter.wpenginepowered.com\/wp-content\/uploads\/2017\/04\/BARE-Health-and-Fitness-Benchmark-Report.pdf' title='Sa\u00fade &amp; Fitness: Health Clubs'  target=\"_blank\"  rel=\"noopener noreferrer\" class='iconlist_icon av-av_iconlist_item-8444a3f335547a7fe74c1b57f40fc38c avia-font-entypo-fontello avia-iconfont avia-font-entypo-fontello'><span class='av-icon-char' data-av_icon='\ue84d' data-av_iconfont='entypo-fontello' aria-hidden=\"true\"><\/span><\/a><article class=\"article-icon-entry av-iconlist-empty\"  itemscope=\"itemscope\" itemtype=\"https:\/\/schema.org\/CreativeWork\" ><div class=\"iconlist_content_wrap\"><header class=\"entry-content-header\" aria-label=\"Icon: &lt;a href=&#039;https:\/\/bareinter.wpenginepowered.com\/wp-content\/uploads\/2017\/04\/BARE-Health-and-Fitness-Benchmark-Report.pdf&#039; title=&#039;Sa\u00fade &amp; Fitness: Health Clubs&#039; target=&quot;_blank&quot;  rel=&quot;noopener noreferrer&quot;&gt;Sa\u00fade &amp; Fitness: Health Clubs&lt;\/a&gt;\"><h4 class='av_iconlist_title iconlist_title  '  itemprop=\"headline\" ><a href='https:\/\/bareinter.wpenginepowered.com\/wp-content\/uploads\/2017\/04\/BARE-Health-and-Fitness-Benchmark-Report.pdf' title='Sa\u00fade &amp; Fitness: Health Clubs' target=\"_blank\"  rel=\"noopener noreferrer\">Sa\u00fade &amp; Fitness: Health Clubs<\/a><\/h4><\/header><div class='iconlist_content '  itemprop=\"text\" ><\/div><\/div><footer class=\"entry-footer\"><\/footer><\/article><div class=\"iconlist-timeline\"><\/div><\/li>\n<\/ul><\/div><\/p><\/div>\n<style type=\"text\/css\" data-created_by=\"avia_inline_auto\" id=\"style-css-av-av_hr-0688d0b0b6ed2f8b057db7a8270206df\">\n#top .hr.hr-invisible.av-av_hr-0688d0b0b6ed2f8b057db7a8270206df{\nheight:50px;\n}\n<\/style>\n<div  class='hr av-av_hr-0688d0b0b6ed2f8b057db7a8270206df hr-invisible  avia-builder-el-7  el_after_av_one_half  avia-builder-el-last '><span class='hr-inner '><span class=\"hr-inner-style\"><\/span><\/span><\/div>\n\n<\/div><\/div><\/main><!-- close content main element --><\/div><\/div><div id='av-layout-grid-1'  class='av-layout-grid-container av-av_layout_row-caf1f26e08707a2ebe9176b630e736c2 entry-content-wrapper main_color av-flex-cells  avia-builder-el-8  el_after_av_section  avia-builder-el-last  grid-row-not-first  container_wrap sidebar_right'  >\n\n<style type=\"text\/css\" data-created_by=\"avia_inline_auto\" id=\"style-css-av-av_cell_one_third-e0b12a0d38574f55d296603f5bb31e09\">\n.flex_cell.av-av_cell_one_third-e0b12a0d38574f55d296603f5bb31e09{\nvertical-align:middle;\nbackground-color:#da291c;\n}\n.responsive #top #wrap_all .flex_cell.av-av_cell_one_third-e0b12a0d38574f55d296603f5bb31e09{\npadding:50px 50px 50px 50px !important;\n}\n<\/style>\n<div class='flex_cell av-av_cell_one_third-e0b12a0d38574f55d296603f5bb31e09 av-gridrow-cell av_one_third no_margin  avia-builder-el-9  el_before_av_cell_one_third  avia-builder-el-first  content-align-middle avia-full-stretch'  ><div class='flex_cell_inner'>\n<style type=\"text\/css\" data-created_by=\"avia_inline_auto\" id=\"style-css-av-av_animated_numbers-778c45a05c3cd764a0c6620f6c42f596\">\n.avia-animated-number.av-av_animated_numbers-778c45a05c3cd764a0c6620f6c42f596 .avia-animated-number-icon.avia-svg-icon svg:first-child{\nfill:#ffffff;\nstroke:#ffffff;\n}\n#top .avia-animated-number.av-av_animated_numbers-778c45a05c3cd764a0c6620f6c42f596 .avia-animated-number-title{\nfont-size:50px;\ncolor:#ffffff;\n}\n#top .avia-animated-number.av-av_animated_numbers-778c45a05c3cd764a0c6620f6c42f596 .avia-animated-number-content{\nfont-size:22px;\n}\n<\/style>\n<div  class=\"avia-animated-number av-av_animated_numbers-778c45a05c3cd764a0c6620f6c42f596 av-force-default-color avia_animate_when_visible  avia-builder-el-10  avia-builder-el-no-sibling  avia-color-font-custom \" data-timer=\"3000\"><strong class=\"heading avia-animated-number-title\"><span class=\"avia-single-number __av-single-number\" data-number_format=\"\" data-number=\"150\" data-start_from=\"0\">150<\/span><span class=\"avia-no-number\">Pa\u00edses<\/span><\/strong><div class=\"avia-animated-number-content\"><p>Na rede BARE<\/p>\n<\/div><\/div>\n<\/div><\/div>\n<style type=\"text\/css\" data-created_by=\"avia_inline_auto\" id=\"style-css-av-av_cell_one_third-cd23fdc82ac140e61d64f63b27d15077\">\n.flex_cell.av-av_cell_one_third-cd23fdc82ac140e61d64f63b27d15077{\nvertical-align:middle;\nbackground-color:#ff9e1b;\n}\n.responsive #top #wrap_all .flex_cell.av-av_cell_one_third-cd23fdc82ac140e61d64f63b27d15077{\npadding:50px 50px 50px 50px !important;\n}\n<\/style>\n<div class='flex_cell av-av_cell_one_third-cd23fdc82ac140e61d64f63b27d15077 av-gridrow-cell av_one_third no_margin  avia-builder-el-11  el_after_av_cell_one_third  el_before_av_cell_one_third  content-align-middle avia-full-stretch'  ><div class='flex_cell_inner'>\n<style type=\"text\/css\" data-created_by=\"avia_inline_auto\" id=\"style-css-av-k2l8t8cn-0e271edfae4bcc6e035690792478519b\">\n.avia-animated-number.av-k2l8t8cn-0e271edfae4bcc6e035690792478519b .avia-animated-number-icon.avia-svg-icon svg:first-child{\nfill:#ffffff;\nstroke:#ffffff;\n}\n#top .avia-animated-number.av-k2l8t8cn-0e271edfae4bcc6e035690792478519b .avia-animated-number-title{\nfont-size:50px;\ncolor:#ffffff;\n}\n#top .avia-animated-number.av-k2l8t8cn-0e271edfae4bcc6e035690792478519b .avia-animated-number-content{\nfont-size:22px;\n}\n<\/style>\n<div  class=\"avia-animated-number av-k2l8t8cn-0e271edfae4bcc6e035690792478519b av-force-default-color avia_animate_when_visible  avia-builder-el-12  avia-builder-el-no-sibling  avia-color-font-custom \" data-timer=\"3000\"><strong class=\"heading avia-animated-number-title\"><span class=\"avia-single-number __av-single-number\" data-number_format=\"\" data-number=\"10\" data-start_from=\"0\">10<\/span><span class=\"avia-no-number\">Escrit\u00f3rios<\/span><\/strong><div class=\"avia-animated-number-content\"><p>ao redor do mundo<\/p>\n<\/div><\/div>\n<\/div><\/div>\n<style type=\"text\/css\" data-created_by=\"avia_inline_auto\" id=\"style-css-av-av_cell_one_third-c703b13345664433a2acd0a08f527a49\">\n.flex_cell.av-av_cell_one_third-c703b13345664433a2acd0a08f527a49{\nvertical-align:middle;\nbackground-color:#7474c1;\n}\n.responsive #top #wrap_all .flex_cell.av-av_cell_one_third-c703b13345664433a2acd0a08f527a49{\npadding:50px 50px 50px 50px !important;\n}\n<\/style>\n<div class='flex_cell av-av_cell_one_third-c703b13345664433a2acd0a08f527a49 av-gridrow-cell av_one_third no_margin  avia-builder-el-13  el_after_av_cell_one_third  avia-builder-el-last  content-align-middle avia-full-stretch'  ><div class='flex_cell_inner'>\n<style type=\"text\/css\" data-created_by=\"avia_inline_auto\" id=\"style-css-av-av_animated_numbers-d852b0b2d01a80cf319f6e40ebb878c1\">\n.avia-animated-number.av-av_animated_numbers-d852b0b2d01a80cf319f6e40ebb878c1 .avia-animated-number-icon.avia-svg-icon svg:first-child{\nfill:#ffffff;\nstroke:#ffffff;\n}\n#top .avia-animated-number.av-av_animated_numbers-d852b0b2d01a80cf319f6e40ebb878c1 .avia-animated-number-title{\nfont-size:50px;\ncolor:#ffffff;\n}\n#top .avia-animated-number.av-av_animated_numbers-d852b0b2d01a80cf319f6e40ebb878c1 .avia-animated-number-content{\nfont-size:22px;\n}\n<\/style>\n<div  class=\"avia-animated-number av-av_animated_numbers-d852b0b2d01a80cf319f6e40ebb878c1 av-force-default-color avia_animate_when_visible  avia-builder-el-14  avia-builder-el-no-sibling  avia-color-font-custom \" data-timer=\"3000\"><strong class=\"heading avia-animated-number-title\"><span class=\"avia-single-number __av-single-number\" data-number_format=\"\" data-number=\"50\" data-start_from=\"0\">50<\/span><span class=\"avia-no-number\">,<\/span><span class=\"avia-single-number __av-single-number\" data-number_format=\"\" data-number=\"000\" data-start_from=\"0\">000<\/span><span class=\"avia-no-number\">+Avalia\u00e7\u00f5es<\/span><\/strong><div class=\"avia-animated-number-content\"><p>Completado em todo o mundo a cada m\u00eas<\/p>\n<\/div><\/div>\n<\/div><\/div><\/div>\n","protected":false},"excerpt":{"rendered":"","protected":false},"author":5,"featured_media":0,"parent":0,"menu_order":0,"comment_status":"closed","ping_status":"closed","template":"","meta":{"footnotes":""},"class_list":["post-15434","page","type-page","status-publish","hentry"],"_links":{"self":[{"href":"https:\/\/www.bareinternational.com\/pt-pt\/wp-json\/wp\/v2\/pages\/15434","targetHints":{"allow":["GET"]}}],"collection":[{"href":"https:\/\/www.bareinternational.com\/pt-pt\/wp-json\/wp\/v2\/pages"}],"about":[{"href":"https:\/\/www.bareinternational.com\/pt-pt\/wp-json\/wp\/v2\/types\/page"}],"author":[{"embeddable":true,"href":"https:\/\/www.bareinternational.com\/pt-pt\/wp-json\/wp\/v2\/users\/5"}],"replies":[{"embeddable":true,"href":"https:\/\/www.bareinternational.com\/pt-pt\/wp-json\/wp\/v2\/comments?post=15434"}],"version-history":[{"count":0,"href":"https:\/\/www.bareinternational.com\/pt-pt\/wp-json\/wp\/v2\/pages\/15434\/revisions"}],"wp:attachment":[{"href":"https:\/\/www.bareinternational.com\/pt-pt\/wp-json\/wp\/v2\/media?parent=15434"}],"curies":[{"name":"wp","href":"https:\/\/api.w.org\/{rel}","templated":true}]}}