{"id":20997,"date":"2020-04-22T15:25:05","date_gmt":"2020-04-22T14:25:05","guid":{"rendered":"https:\/\/bareint.wpenginepowered.com\/?page_id=20997\/"},"modified":"2020-04-22T15:25:05","modified_gmt":"2020-04-22T14:25:05","slug":"veelgestelde-vragen-over-de-klantaanbeveling","status":"publish","type":"page","link":"https:\/\/www.bareinternational.com\/nl\/veelgestelde-vragen-over-de-klantaanbeveling\/","title":{"rendered":"VEELGESTELDE VRAGEN OVER DE KLANTAANBEVELING"},"content":{"rendered":"<section  class='av_textblock_section av-k9bdn4hk-2642beaeeff1e579d7277e1de3951690 '   itemscope=\"itemscope\" itemtype=\"https:\/\/schema.org\/CreativeWork\" ><div class='avia_textblock'  itemprop=\"text\" ><p style=\"text-align: left\"><span data-ccp-props=\"{\"><strong><img loading=\"lazy\" decoding=\"async\" class=\"size-full wp-image-20943\" src=\"https:\/\/bareinter.wpenginepowered.com\/wp-content\/uploads\/sites\/6\/2020\/04\/Road-Map-Email-Header.png\" alt=\"Client referral\" width=\"600\" height=\"200\" srcset=\"https:\/\/www.bareinternational.com\/wp-content\/uploads\/2020\/04\/Road-Map-Email-Header.png 600w, https:\/\/www.bareinternational.com\/wp-content\/uploads\/2020\/04\/Road-Map-Email-Header-300x100.png 300w\" sizes=\"auto, (max-width: 600px) 100vw, 600px\" \/><\/strong><\/span><\/p>\n<h2>KLANTAANBEVELINGSPROGRAMMA VOOR EVALUATORS<\/h2>\n<p>Enkele weken geleden stuurden we informatie over een nieuwe klantaanbevelingsgelegenheid.<\/p>\n<p><strong><a href=\"https:\/\/europe.createsend1.com\/t\/ViewEmail\/i\/6FC5C8A0683F5FC52540EF23F30FEDED\">BEKIJK DIT HIER<\/a><\/strong><\/p>\n<p>We moedigen u nog steeds aan om rond te kijken en een bedrijf naar ons door te verwijzen als u een persoonlijke band met dit bedrijf hebt. We hebben onlangs al verschillende referenties ontvangen en we danken u allemaal voor de hulp en loyaliteit aan de BARE-familie. Om beter te begrijpen hoe dit programma werkt en om enkele punten te verduidelijken waar velen van u ons naar vroegen, willen we graag enkele van de veelgestelde vragen en antwoorden met u delen.<\/p>\n<\/div><\/section>\n<div  class='togglecontainer av-k91dhgnn-fa6d481c696efec6aa7732a6b93bc4f1  avia-builder-el-1  el_after_av_textblock  avia-builder-el-last  toggle_close_all' >\n<section class='av_toggle_section av-av_toggle-f3674e5e4164a81d6913ffa12ef36d96'  itemscope=\"itemscope\" itemtype=\"https:\/\/schema.org\/CreativeWork\" ><div role=\"tablist\" class=\"single_toggle\" data-tags=\"{Alle} \"  ><p id='toggle-toggle-id-1' data-fake-id='#toggle-id-1' class='toggler  av-title-above '  itemprop=\"headline\"  role='tab' tabindex='0' aria-controls='toggle-id-1' data-slide-speed=\"200\" data-title=\"&lt;b&gt;Kan ik een bedrijf aanbevelen ook al ken ik niemand in het bedrijf waar ik naar verwijs? &lt;\/b&gt; \" data-title-open=\"\" data-aria_collapsed=\"Klik om uit te klappen: &lt;b&gt;Kan ik een bedrijf aanbevelen ook al ken ik niemand in het bedrijf waar ik naar verwijs? &lt;\/b&gt; \" data-aria_expanded=\"Klik om in te klappen: &lt;b&gt;Kan ik een bedrijf aanbevelen ook al ken ik niemand in het bedrijf waar ik naar verwijs? &lt;\/b&gt; \"><b>Kan ik een bedrijf aanbevelen ook al ken ik niemand in het bedrijf waar ik naar verwijs? <\/b> <span class=\"toggle_icon\"><span class=\"vert_icon\"><\/span><span class=\"hor_icon\"><\/span><\/span><\/p><div id='toggle-id-1' aria-labelledby='toggle-toggle-id-1' role='region' class='toggle_wrap  av-title-above'  ><div class='toggle_content invers-color '  itemprop=\"text\" ><p>Wij beschouwen een aanbeveling als &#8220;een warme lead&#8221; als u de persoon kent die u ons aanraadt, zodat wij uw naam als &#8220;lead generator&#8221; kunnen noemen. Als u de persoon niet kent, kunnen we dit niet als een &#8220;warme&#8221; aanbeveling beschouwen en kunnen we u geen vergoeding betalen in geval van succes. Als u de persoon kent, maar niet wilt dat uw naam wordt genoemd, breng ons hier dan van op de hoogte.<\/p>\n<\/div><\/div><\/div><\/section>\n<section class='av_toggle_section av-av_toggle-1dbc8061dd1346130d6290303f937ab6'  itemscope=\"itemscope\" itemtype=\"https:\/\/schema.org\/CreativeWork\" ><div role=\"tablist\" class=\"single_toggle\" data-tags=\"{Alle} \"  ><p id='toggle-toggle-id-2' data-fake-id='#toggle-id-2' class='toggler  av-title-above '  itemprop=\"headline\"  role='tab' tabindex='0' aria-controls='toggle-id-2' data-slide-speed=\"200\" data-title=\"&lt;b&gt;Kan ik een bedrijf voorstellen om te contacteren? &lt;\/b&gt;\" data-title-open=\"\" data-aria_collapsed=\"Klik om uit te klappen: &lt;b&gt;Kan ik een bedrijf voorstellen om te contacteren? &lt;\/b&gt;\" data-aria_expanded=\"Klik om in te klappen: &lt;b&gt;Kan ik een bedrijf voorstellen om te contacteren? &lt;\/b&gt;\"><b>Kan ik een bedrijf voorstellen om te contacteren? <\/b><span class=\"toggle_icon\"><span class=\"vert_icon\"><\/span><span class=\"hor_icon\"><\/span><\/span><\/p><div id='toggle-id-2' aria-labelledby='toggle-toggle-id-2' role='region' class='toggle_wrap  av-title-above'  ><div class='toggle_content invers-color '  itemprop=\"text\" ><p>Wij danken u voor uw interesse en suggesties, maar wij kunnen deze niet als &#8220;warme leads&#8221; beschouwen en kunnen u helaas geen aanbevelingsvergoeding betaling in geval van succes.<\/p>\n<\/div><\/div><\/div><\/section>\n<section class='av_toggle_section av-av_toggle-f777c4dbe0bf4cb5baa46c39b38db3da'  itemscope=\"itemscope\" itemtype=\"https:\/\/schema.org\/CreativeWork\" ><div role=\"tablist\" class=\"single_toggle\" data-tags=\"{Alle} \"  ><p id='toggle-toggle-id-3' data-fake-id='#toggle-id-3' class='toggler  av-title-above '  itemprop=\"headline\"  role='tab' tabindex='0' aria-controls='toggle-id-3' data-slide-speed=\"200\" data-title=\"&lt;b&gt;Zal u mij informeren over de status van mijn aanbeveling? &lt;\/b&gt;\" data-title-open=\"\" data-aria_collapsed=\"Klik om uit te klappen: &lt;b&gt;Zal u mij informeren over de status van mijn aanbeveling? &lt;\/b&gt;\" data-aria_expanded=\"Klik om in te klappen: &lt;b&gt;Zal u mij informeren over de status van mijn aanbeveling? &lt;\/b&gt;\"><b>Zal u mij informeren over de status van mijn aanbeveling? <\/b><span class=\"toggle_icon\"><span class=\"vert_icon\"><\/span><span class=\"hor_icon\"><\/span><\/span><\/p><div id='toggle-id-3' aria-labelledby='toggle-toggle-id-3' role='region' class='toggle_wrap  av-title-above'  ><div class='toggle_content invers-color '  itemprop=\"text\" ><p>We behandelen en beoordelen elke aanbeveling die u indient \u00e9\u00e9n voor \u00e9\u00e9n. Als ons verkoopteam er mogelijkheden in ziet, nemen we contact met u op via e-mail om enkele punten te verduidelijken en opnieuw wanneer het proces begint. We houden u op de hoogte als we de kans krijgen om een contract voor te stellen aan het bedrijf maar ook als de lead koud is geworden.<\/p>\n<\/div><\/div><\/div><\/section>\n<section class='av_toggle_section av-av_toggle-3249f48db33a12d3a91a912bace6cb7a'  itemscope=\"itemscope\" itemtype=\"https:\/\/schema.org\/CreativeWork\" ><div role=\"tablist\" class=\"single_toggle\" data-tags=\"{Alle} \"  ><p id='toggle-toggle-id-4' data-fake-id='#toggle-id-4' class='toggler  av-title-above '  itemprop=\"headline\"  role='tab' tabindex='0' aria-controls='toggle-id-4' data-slide-speed=\"200\" data-title=\"&lt;b&gt;Zal ik sowieso geld ontvangen?&lt;\/b&gt;\" data-title-open=\"\" data-aria_collapsed=\"Klik om uit te klappen: &lt;b&gt;Zal ik sowieso geld ontvangen?&lt;\/b&gt;\" data-aria_expanded=\"Klik om in te klappen: &lt;b&gt;Zal ik sowieso geld ontvangen?&lt;\/b&gt;\"><b>Zal ik sowieso geld ontvangen?<\/b><span class=\"toggle_icon\"><span class=\"vert_icon\"><\/span><span class=\"hor_icon\"><\/span><\/span><\/p><div id='toggle-id-4' aria-labelledby='toggle-toggle-id-4' role='region' class='toggle_wrap  av-title-above'  ><div class='toggle_content invers-color '  itemprop=\"text\" ><p>Wij zullen u voor de aanbeveling betalen als het mogelijk is om het programma binnen 6 maanden na de indiening van uw aanbeveling af te ronden, en alleen in het geval van een ondertekend contract en de eerste betaalde factuur. Wij betalen niet enkel voor het indienen van de aanbeveling.<\/p>\n<\/div><\/div><\/div><\/section>\n<section class='av_toggle_section av-av_toggle-4f22d4f9a52d883c8a49ffb6e8f73b5b'  itemscope=\"itemscope\" itemtype=\"https:\/\/schema.org\/CreativeWork\" ><div role=\"tablist\" class=\"single_toggle\" data-tags=\"{Alle} \"  ><p id='toggle-toggle-id-5' data-fake-id='#toggle-id-5' class='toggler  av-title-above '  itemprop=\"headline\"  role='tab' tabindex='0' aria-controls='toggle-id-5' data-slide-speed=\"200\" data-title=\"&lt;b&gt;Kan ik u een lijst van aanbevelingen bezorgen van een ander mystery shopping bedrijf? &lt;\/b&gt;\" data-title-open=\"\" data-aria_collapsed=\"Klik om uit te klappen: &lt;b&gt;Kan ik u een lijst van aanbevelingen bezorgen van een ander mystery shopping bedrijf? &lt;\/b&gt;\" data-aria_expanded=\"Klik om in te klappen: &lt;b&gt;Kan ik u een lijst van aanbevelingen bezorgen van een ander mystery shopping bedrijf? &lt;\/b&gt;\"><b>Kan ik u een lijst van aanbevelingen bezorgen van een ander mystery shopping bedrijf? <\/b><span class=\"toggle_icon\"><span class=\"vert_icon\"><\/span><span class=\"hor_icon\"><\/span><\/span><\/p><div id='toggle-id-5' aria-labelledby='toggle-toggle-id-5' role='region' class='toggle_wrap  av-title-above'  ><div class='toggle_content invers-color '  itemprop=\"text\" ><p>Wij zijn enkel op zoek naar warme leads, die rechtstreeks van u komen wegens een persoonlijk of werkgerelateerd contact. Wij kunnen geen lijsten aanvaarden die vallen onder NDA&#8217;s (geheimhoudingsovereenkomsten) of andere overeenkomsten die u mogelijk hebt ondertekend met een derde partij.<\/p>\n<\/div><\/div><\/div><\/section>\n<section class='av_toggle_section av-av_toggle-57ce5187e57ceed039fb1f1c6d7ef18c'  itemscope=\"itemscope\" itemtype=\"https:\/\/schema.org\/CreativeWork\" ><div role=\"tablist\" class=\"single_toggle\" data-tags=\"{Alle} \"  ><p id='toggle-toggle-id-6' data-fake-id='#toggle-id-6' class='toggler  av-title-above '  itemprop=\"headline\"  role='tab' tabindex='0' aria-controls='toggle-id-6' data-slide-speed=\"200\" data-title=\"&lt;b&gt;Kan ik als een onafhankelijke verkoopaannemer werken? &lt;\/b&gt;\" data-title-open=\"\" data-aria_collapsed=\"Klik om uit te klappen: &lt;b&gt;Kan ik als een onafhankelijke verkoopaannemer werken? &lt;\/b&gt;\" data-aria_expanded=\"Klik om in te klappen: &lt;b&gt;Kan ik als een onafhankelijke verkoopaannemer werken? &lt;\/b&gt;\"><b>Kan ik als een onafhankelijke verkoopaannemer werken? <\/b><span class=\"toggle_icon\"><span class=\"vert_icon\"><\/span><span class=\"hor_icon\"><\/span><\/span><\/p><div id='toggle-id-6' aria-labelledby='toggle-toggle-id-6' role='region' class='toggle_wrap  av-title-above'  ><div class='toggle_content invers-color '  itemprop=\"text\" ><p>Dit programma is bedoeld voor onze evaluators, en momenteel is het niet de bedoeling om onze verkoopstructuur te veranderen.<\/p>\n<\/div><\/div><\/div><\/section>\n<section class='av_toggle_section av-av_toggle-1661eaa5aee7e1b789cb68fc98a68f1f'  itemscope=\"itemscope\" itemtype=\"https:\/\/schema.org\/CreativeWork\" ><div role=\"tablist\" class=\"single_toggle\" data-tags=\"{Alle} \"  ><p id='toggle-toggle-id-7' data-fake-id='#toggle-id-7' class='toggler  av-title-above '  itemprop=\"headline\"  role='tab' tabindex='0' aria-controls='toggle-id-7' data-slide-speed=\"200\" data-title=\"&lt;b&gt;Is er een bepaalde sector die wordt verkozen om naar aanbevelingen te zoeken? &lt;\/b&gt;\" data-title-open=\"\" data-aria_collapsed=\"Klik om uit te klappen: &lt;b&gt;Is er een bepaalde sector die wordt verkozen om naar aanbevelingen te zoeken? &lt;\/b&gt;\" data-aria_expanded=\"Klik om in te klappen: &lt;b&gt;Is er een bepaalde sector die wordt verkozen om naar aanbevelingen te zoeken? &lt;\/b&gt;\"><b>Is er een bepaalde sector die wordt verkozen om naar aanbevelingen te zoeken? <\/b><span class=\"toggle_icon\"><span class=\"vert_icon\"><\/span><span class=\"hor_icon\"><\/span><\/span><\/p><div id='toggle-id-7' aria-labelledby='toggle-toggle-id-7' role='region' class='toggle_wrap  av-title-above'  ><div class='toggle_content invers-color '  itemprop=\"text\" ><p>U kan een aanbeveling aangeven voor eender welk bedrijf, maar momenteel plannen we om meer programma&#8217;s online en via de telefoon uit te voeren, dus online bedrijven (voeding, retail, levering van kruidenierswaren), apotheken en drogisterijen, banken, verzekeringsmaatschappijen en telecom providers.<\/p>\n<\/div><\/div><\/div><\/section>\n<\/div>\n","protected":false},"excerpt":{"rendered":"","protected":false},"author":56,"featured_media":20944,"parent":0,"menu_order":0,"comment_status":"closed","ping_status":"closed","template":"","meta":{"footnotes":""},"class_list":["post-20997","page","type-page","status-publish","has-post-thumbnail","hentry"],"_links":{"self":[{"href":"https:\/\/www.bareinternational.com\/nl\/wp-json\/wp\/v2\/pages\/20997","targetHints":{"allow":["GET"]}}],"collection":[{"href":"https:\/\/www.bareinternational.com\/nl\/wp-json\/wp\/v2\/pages"}],"about":[{"href":"https:\/\/www.bareinternational.com\/nl\/wp-json\/wp\/v2\/types\/page"}],"author":[{"embeddable":true,"href":"https:\/\/www.bareinternational.com\/nl\/wp-json\/wp\/v2\/users\/56"}],"replies":[{"embeddable":true,"href":"https:\/\/www.bareinternational.com\/nl\/wp-json\/wp\/v2\/comments?post=20997"}],"version-history":[{"count":0,"href":"https:\/\/www.bareinternational.com\/nl\/wp-json\/wp\/v2\/pages\/20997\/revisions"}],"wp:featuredmedia":[{"embeddable":true,"href":"https:\/\/www.bareinternational.com\/nl\/wp-json\/wp\/v2\/media\/20944"}],"wp:attachment":[{"href":"https:\/\/www.bareinternational.com\/nl\/wp-json\/wp\/v2\/media?parent=20997"}],"curies":[{"name":"wp","href":"https:\/\/api.w.org\/{rel}","templated":true}]}}