{"id":17297,"date":"2017-06-17T04:08:41","date_gmt":"2017-06-17T04:08:41","guid":{"rendered":"https:\/\/bareint.wpenginepowered.com\/terms-conditions\/"},"modified":"2025-12-10T14:53:00","modified_gmt":"2025-12-10T13:53:00","slug":"termes-et-conditions","status":"publish","type":"page","link":"https:\/\/www.bareinternational.com\/fr\/termes-et-conditions\/","title":{"rendered":"Termes et Conditions"},"content":{"rendered":"<div id='av_section_1'  class='avia-section av-av_section-bb9bdb22c7f9e6bf1d52c155825dc7f7 main_color avia-section-default avia-no-shadow  avia-builder-el-0  avia-builder-el-no-sibling  avia-bg-style-scroll container_wrap sidebar_right'  ><div class='container av-section-cont-open' ><main  role=\"main\" itemprop=\"mainContentOfPage\"  class='template-page content  av-content-small alpha units'><div class='post-entry post-entry-type-page post-entry-17297'><div class='entry-content-wrapper clearfix'>\n\n<style type=\"text\/css\" data-created_by=\"avia_inline_auto\" id=\"style-css-av-av_heading-c4a4624726dbd54c436be716bbcc1d57\">\n#top .av-special-heading.av-av_heading-c4a4624726dbd54c436be716bbcc1d57{\npadding-bottom:30px;\nfont-size:70px;\n}\nbody .av-special-heading.av-av_heading-c4a4624726dbd54c436be716bbcc1d57 .av-special-heading-tag .heading-char{\nfont-size:25px;\n}\n#top #wrap_all .av-special-heading.av-av_heading-c4a4624726dbd54c436be716bbcc1d57 .av-special-heading-tag{\nfont-size:70px;\n}\n.av-special-heading.av-av_heading-c4a4624726dbd54c436be716bbcc1d57 .av-subheading{\nfont-size:15px;\n}\n\n@media only screen and (min-width: 480px) and (max-width: 767px){ \n#top #wrap_all .av-special-heading.av-av_heading-c4a4624726dbd54c436be716bbcc1d57 .av-special-heading-tag{\nfont-size:0.8em;\n}\n}\n\n@media only screen and (max-width: 479px){ \n#top #wrap_all .av-special-heading.av-av_heading-c4a4624726dbd54c436be716bbcc1d57 .av-special-heading-tag{\nfont-size:0.8em;\n}\n}\n<\/style>\n<div  class='av-special-heading av-av_heading-c4a4624726dbd54c436be716bbcc1d57 av-special-heading-h1 blockquote modern-quote  avia-builder-el-1  el_before_av_textblock  avia-builder-el-first  av-thin-font av-inherit-size'><h1 class='av-special-heading-tag '  itemprop=\"headline\"  >Accord de l\u2019entrepreneur ind\u00e9pendantt<strong>.<\/strong><\/h1><div class=\"special-heading-border\"><div class=\"special-heading-inner-border\"><\/div><\/div><\/div>\n<section  class='av_textblock_section av-jsabzc0d-e006670037cb6350a99b3bc21eedd551 '   itemscope=\"itemscope\" itemtype=\"https:\/\/schema.org\/CreativeWork\" ><div class='avia_textblock'  itemprop=\"text\" ><h3>Accord de l&rsquo;entrepreneur ind\u00e9pendant<\/h3>\n<p>Entente et application BARE Mystery Shopper<\/p>\n<p>Cet accord r\u00e9git la relation entre vous, un entrepreneur ind\u00e9pendant, ci-apr\u00e8s d\u00e9nomm\u00e9 \u00ab\u00e9valuateur\u00bb et Bare Associates International Inc.<\/p>\n<p>BARE est engag\u00e9 dans l&rsquo;\u00e9laboration de programmes d&rsquo;information clients pour ses clients qui g\u00e9n\u00e8rent, entre autres, des rapports myst\u00e8res sur les acheteurs et des r\u00e9sultats d&rsquo;audit, en utilisant des m\u00e9thodes vari\u00e9es telles que des visites sur site, des t\u00e9l\u00e9communications, des entrevues sur Internet et des interceptions.<\/p>\n<p>Vous d\u00e9clarez que, en rendant des services de magasinage myst\u00e8re, vous (i) \u00eates un travailleur autonome, (ii) exercez une entreprise ou une profession ind\u00e9pendante, (iii) vous tenez au public comme \u00e9tant comp\u00e9tent de fa\u00e7on autonome et disponible pour fournir vos services, (Iv) maintenir une entreprise ou un bureau \u00e0 domicile et \/ ou une adresse distincte de BARE, et (v) ne pas compter exclusivement sur BARE pour obtenir des projets.<\/p>\n<p>Les rapports g\u00e9n\u00e9r\u00e9s \u00e0 partir des programmes que nous d\u00e9veloppons sont fournis \u00e0 nos clients afin de d\u00e9terminer les succ\u00e8s op\u00e9rationnels et les possibilit\u00e9s d&rsquo;am\u00e9lioration dans des domaines tels que le service, les ventes, la pr\u00e9sentation des produits, la maintenance des installations et d&rsquo;autres d\u00e9tails des op\u00e9rations et du personnel du client.<\/p>\n<p>L&rsquo;\u00e9valuateur accepte les termes et conditions suivants pour accepter des projets de BARE:<\/p>\n<p><strong>RELATION:<\/strong> L&rsquo;\u00e9valuateur comprend qu&rsquo;ils fonctionnent comme un entrepreneur ind\u00e9pendant. L&rsquo;\u00e9valuateur est responsable de sa propre responsabilit\u00e9 et de sa r\u00e9mun\u00e9ration et d&rsquo;assurance automobile, et d\u00e9tient BARE et ses affili\u00e9s inoffensifs tout en effectuant des services sur les projets obtenus aux termes des pr\u00e9sentes. Il n&rsquo;y a PAS de relation employeur-employ\u00e9. Toute taxe f\u00e9d\u00e9rale, nationale, nationale et autres taxes applicables NE SERAIT PAS retenue des paiements ou des remboursements distribu\u00e9s par BARE. Aux \u00c9tats-Unis seulement, un 1099 sera \u00e9mis pour faciliter les rapports appropri\u00e9s de l&rsquo;\u00e9valuateur de revenu qui re\u00e7oit ci-dessous pour des services effectu\u00e9s de 600 $ ou plus au cours d&rsquo;une ann\u00e9e civile.<\/p>\n<p><strong>PROJETS:<\/strong> Les possibilit\u00e9s de projet sont offertes en variant selon les besoins, en fonction de la rotation. L&rsquo;\u00e9valuateur peut choisir d&rsquo;accepter ou de rejeter tout projet propos\u00e9. Vous acceptez et comprenez que nous avons l&rsquo;option et le choix de demander vos services en tant qu&rsquo;entrepreneur ind\u00e9pendant dans l&rsquo;ex\u00e9cution desdits services, ou non. Vous, \u00e0 votre tour, avez le droit d&rsquo;accepter ou non d&rsquo;accepter un projet publi\u00e9.<\/p>\n<p><strong>CONDUITE \u00c9THIQUE:<\/strong> Pour assurer le respect des exigences \u00e9thiques r\u00e9gissant cette industrie, VOUS NE POUVEZ PAS \u00eatre employ\u00e9 actuellement par une entreprise que vous achetez. En outre, vous n&rsquo;avez peut-\u00eatre pas \u00e9t\u00e9 employ\u00e9 au cours de l&rsquo;ann\u00e9e \u00e9coul\u00e9e dans une entreprise que vous achetez. Assurez-vous que vous n&rsquo;acceptez aucun projet associ\u00e9 \u00e0 votre employeur actuel ou ancien. Le faire sera en conflit direct avec cet accord.<\/p>\n<h3>COMPENSATION:<\/h3>\n<p><strong>USA\/CANADA \u2013 <\/strong>Les frais pour les services effectu\u00e9s et le remboursement des d\u00e9penses admissibles seront distribu\u00e9s par ch\u00e8que papier par la poste ou par paiement \u00e9lectronique le 18 d\u00e9cembre environ suivant le mois au cours duquel les projets ont \u00e9t\u00e9 correctement remplis et re\u00e7us conform\u00e9ment aux exigences du projet. Veuillez noter que le paiement \u00e9lectronique autoris\u00e9 maximum est de 600,00 $. Pour les montants qui d\u00e9passent, un ch\u00e8que papier par la poste sera \u00e9mis. Les \u00e9valuateurs qui choisissent des ch\u00e8ques papier papier doivent permettre suffisamment de temps pour que le service postal exp\u00e9die de la Virginie (5-10 jours ouvrables sont recommand\u00e9s en fonction de votre emplacement). Si vous attendez un ch\u00e8que papier par la poste et ne le recevez pas apr\u00e8s avoir attendu suffisamment de temps, veuillez nous en informer le plus rapidement possible au payoutinquiry@bareinter.wpenginepowered.com et TOUJOURS dans les 90 jours suivant la date \u00e0 laquelle vous l&rsquo;attendiez. Si vous croyez que votre ch\u00e8que a \u00e9t\u00e9 perdu dans le courrier, il peut \u00eatre r\u00e9-\u00e9mis tout de suite pour des frais de paiement de 30 $ (g\u00e9n\u00e9ralement d\u00e9duits du ch\u00e8que r\u00e9\u00e9dition), ou vous pouvez choisir d&rsquo;attendre que le ch\u00e8que ne soit pas valable (180 Jours) et il vous sera remis sans frais. Enfin, nous vous rappelons que nous avons une option de paiement \u00e9lectronique disponible qui \u00e9vite toute possibilit\u00e9 de perte de ch\u00e8ques papier par la poste. Pour vous inscrire aux paiements \u00e9lectroniques, passez \u00e0 la section \u00abInformations suppl\u00e9mentaires\u00bb dans le profil de votre \u00e9valuateur et entrez les informations pour le compte bancaire que vous souhaitez utiliser pour recevoir vos paiements. Les informations de votre compte sont hautement s\u00e9curis\u00e9es et ne sont utilis\u00e9es que pour effectuer un paiement. Assurez-vous que vous avez compl\u00e9t\u00e9 votre profil client et n&rsquo;oubliez pas de le mettre \u00e0 jour dans le cas o\u00f9 l&rsquo;une des informations change.<\/p>\n<p><strong>TOUS LES AUTRES PAYS &#8211; <\/strong>Les frais pour les services effectu\u00e9s et le remboursement des d\u00e9penses admissibles seront distribu\u00e9s par virement bancaire ou autre m\u00e9thode (qui, \u00e0 notre option, est consid\u00e9r\u00e9e comme la m\u00e9thode la plus rentable et la plus efficace) au plus tard \u00e0 la fin du mois suivant au cours duquel les projets ont \u00e9t\u00e9 correctement Compl\u00e9t\u00e9 et re\u00e7u selon les exigences du projet. Assurez-vous que vous avez compl\u00e9t\u00e9 la section D\u00e9tails de paiement de votre Profil de Extended Shopper et n&rsquo;oubliez pas de le mettre \u00e0 jour dans le cas o\u00f9 l&rsquo;une des informations change.<\/p>\n<p><strong>POUR TOUTES LES TRANSACTIONS DE PAIEMENT &#8211; <\/strong>\u00c0 titre de courtoisie, une notification de paiement est envoy\u00e9e \u00e0 l&rsquo;adresse \u00e9lectronique indiqu\u00e9e dans le profil de l&rsquo;\u00e9valuateur. Cette notification \u00e9num\u00e8re les Projets sp\u00e9cifiques inclus dans le paiement et le montant des Frais et \/ ou des Remboursements pay\u00e9s. Cette notification doit \u00eatre v\u00e9rifi\u00e9e avec attention et toute divergence signal\u00e9e le plus t\u00f4t possible. Si vous avez des questions sur le paiement pour les projets individuels \u00e9num\u00e9r\u00e9s, contactez votre gestionnaire de projet. Si vous avez des questions sur la transaction de paiement elle-m\u00eame, contactez la personne concern\u00e9e mentionn\u00e9e dans le courrier \u00e9lectronique. Pour tous les paiements, le d\u00e9lai est de soixante (60) jours \u00e0 compter de la date d&rsquo;\u00e9mission (ou la date de r\u00e9ception pr\u00e9vue) pour signaler toute divergence. Nous regrettons que nous ne puissions pas enqu\u00eater sur les probl\u00e8mes de paiement de plus de soixante (60) jours.<\/p>\n<p>Vous reconnaissez que BARE s&rsquo;appuie sur vous pour soumettre des rapports complets et pr\u00e9cis en temps opportun et pour r\u00e9pondre \u00e0 toutes les exigences du projet client. Vous reconnaissez en outre que votre manquement \u00e0 ce qui pr\u00e9c\u00e8de entra\u00eenera probablement une mine de la capacit\u00e9 de BARE de fournir des rapports utiles et pr\u00e9cis \u00e0 ses clients et pourrait endommager les relations de BARE avec ses clients. Par cons\u00e9quent, si vous pr\u00e9sentez des rapports tardifs, incomplets ou inexacts, ou si vous ne respectez pas toutes les exigences du projet, BARE peut ajuster ou retenir une partie ou la totalit\u00e9 des indemnit\u00e9s, des honoraires et des remboursements pour les d\u00e9penses admissibles qui vous sont \u00e9galement payables. Votre d\u00e9faut de fournir des rapports en temps opportun, compl\u00e8tement et avec pr\u00e9cision ou de ne pas satisfaire \u00e0 toutes les exigences du projet constitue votre renonciation, en tout ou en partie, \u00e0 toute compensation, frais et remboursement pour les d\u00e9penses admissibles.<\/p>\n<p>Il est entendu que, lors de l&rsquo;ach\u00e8vement d&rsquo;un projet par l&rsquo;\u00e9valuateur, tous les mat\u00e9riaux que BARE ou un client fourni seront retourn\u00e9s sur demande. Toute indemnit\u00e9 due et payable \u00e0 l&rsquo;\u00e9valuateur peut \u00eatre retenue jusqu&rsquo;\u00e0 ce que tous les documents soient re\u00e7us.<\/p>\n<p>I, the EVALUATOR, par la pr\u00e9sente PROMISE \u00e0: (1) Ne divulgue jamais les noms et \/ ou les emplacements des clients BARE; (2) Confirmez toutes les constatations concernant les clients de BARE ou BARE, verbalement ou par \u00e9crit. Les rapports concernent l&rsquo;usage et la connaissance EXCLUSIF des clients BARE. L&rsquo;\u00e9valuateur reconna\u00eet que la divulgation \u00e0 des tiers sans le consentement \u00e9crit explicite et pr\u00e9alable de BARE peut justifier une action en justice; (3) afin d&rsquo;\u00e9viter de compromettre, ou la perception de compromis, l&rsquo;objectivit\u00e9 et la fiabilit\u00e9 de mes r\u00e9sultats, NE JAMAIS contacter directement un client BARE \u00e0 n&rsquo;importe quel niveau, y compris la gestion de l&rsquo;unit\u00e9 ou le personnel concernant un projet; R\u00e9sultats dudit projet; Ou pour TOUTE raison li\u00e9e \u00e0 mes services et \u00e0 mes relations avec BARE. (4) Ne jamais utiliser de mat\u00e9riaux BARE \u00e0 des fins autres que le projet convenu d&rsquo;un commun accord. Toutes les formes et amp\u00e8res Les mat\u00e9riaux fournis par BARE sont prot\u00e9g\u00e9s par le droit d&rsquo;auteur et restent la propri\u00e9t\u00e9 exclusive de BARE et \/ ou de ses clients; (5) Pour une dur\u00e9e d&rsquo;un an apr\u00e8s le dernier jour, j&rsquo;effectue des services sur un projet ci-dessous, j&rsquo;accepte de ne pas divulguer \u00e0 des tiers ou d&rsquo;utiliser ou de permettre l&rsquo;utilisation d&rsquo;informations confidentielles ou exclusives concernant BARE ou un client de BARE Que j&rsquo;ai obtenu gr\u00e2ce \u00e0 ma relation avec BARE. \u00c0 cette fin, les informations confidentielles doivent inclure, mais sans s&rsquo;y limiter, le contenu des formulaires ou des mat\u00e9riaux que je re\u00e7ois ci-dessous, les noms et les informations de contact correspondantes pour les clients, les clients \u00e9ventuels et les fournisseurs de BARE et de ses clients, ainsi que les clients de BARE et ses clients Les m\u00e9thodes commerciales respectives, les informations financi\u00e8res non publiques et d&rsquo;autres documents et informations qui semblent raisonnablement constituer des informations confidentielles. Les lois du Commonwealth de Virginie ainsi que le pays de votre domicile r\u00e9glementent cet accord.<\/p>\n<p>JE COMPRENDRE ET ACCEPTE DE COMPETER, TRANSMETTRE ET ACCEPTER LES DEMANDES DE SUIVI DES RAPPORTS ET DES RECETTES SUR DES PROJETS ACCEPT\u00c9S D&rsquo;UNE MANIERE PROFESSIONNELLE. EN COMPLETE L&rsquo;APPLICATION EN LIGNE POUR SOLICITER DES PROJETS D&rsquo;\u00c9VALUATEURS DE BARE, JE CONVENU DE TOUS LES TERMES ET CONDITIONS CI-DESSUS CI-DESSUS.<\/p>\n<p>Pour les r\u00e9sidents du Br\u00e9sil, <a href=\"https:\/\/files.bareinternational.com\/files\/bare-br\/BR_Evaluator\/contratoshopperBrasil.pdf\">cliquez ici<\/a>.<\/p>\n<\/div><\/section>\n<\/div><\/div><\/main><!-- close content main element --><\/div><\/div><div id='after_section_1'  class='main_color av_default_container_wrap container_wrap sidebar_right'  ><div class='container av-section-cont-open' ><div class='template-page content  av-content-small alpha units'><div class='post-entry post-entry-type-page post-entry-17297'><div class='entry-content-wrapper clearfix'>\n","protected":false},"excerpt":{"rendered":"","protected":false},"author":5,"featured_media":0,"parent":0,"menu_order":0,"comment_status":"closed","ping_status":"closed","template":"","meta":{"footnotes":""},"class_list":["post-17297","page","type-page","status-publish","hentry"],"_links":{"self":[{"href":"https:\/\/www.bareinternational.com\/fr\/wp-json\/wp\/v2\/pages\/17297","targetHints":{"allow":["GET"]}}],"collection":[{"href":"https:\/\/www.bareinternational.com\/fr\/wp-json\/wp\/v2\/pages"}],"about":[{"href":"https:\/\/www.bareinternational.com\/fr\/wp-json\/wp\/v2\/types\/page"}],"author":[{"embeddable":true,"href":"https:\/\/www.bareinternational.com\/fr\/wp-json\/wp\/v2\/users\/5"}],"replies":[{"embeddable":true,"href":"https:\/\/www.bareinternational.com\/fr\/wp-json\/wp\/v2\/comments?post=17297"}],"version-history":[{"count":0,"href":"https:\/\/www.bareinternational.com\/fr\/wp-json\/wp\/v2\/pages\/17297\/revisions"}],"wp:attachment":[{"href":"https:\/\/www.bareinternational.com\/fr\/wp-json\/wp\/v2\/media?parent=17297"}],"curies":[{"name":"wp","href":"https:\/\/api.w.org\/{rel}","templated":true}]}}