{"id":15337,"date":"2017-04-20T02:39:34","date_gmt":"2017-04-20T02:39:34","guid":{"rendered":"https:\/\/bareint.wpenginepowered.com\/case-studies\/"},"modified":"2019-11-05T16:49:49","modified_gmt":"2019-11-05T15:49:49","slug":"etudes-de-cas","status":"publish","type":"page","link":"https:\/\/www.bareinternational.com\/fr\/etudes-de-cas\/","title":{"rendered":"\u00c9tudes de Cas"},"content":{"rendered":"<div id='av_section_1'  class='avia-section av-av_section-43fa913dbbd7170bb5693496c11aa38b main_color avia-section-large avia-no-border-styling  avia-builder-el-0  el_before_av_layout_row  avia-builder-el-first  avia-bg-style-scroll container_wrap sidebar_right'  ><div class='container av-section-cont-open' ><main  role=\"main\" itemprop=\"mainContentOfPage\"  class='template-page content  av-content-small alpha units'><div class='post-entry post-entry-type-page post-entry-15337'><div class='entry-content-wrapper clearfix'>\n\n<style type=\"text\/css\" data-created_by=\"avia_inline_auto\" id=\"style-css-av-av_heading-2bde2d1cf69ed78b408eff36f3046e52\">\n#top .av-special-heading.av-av_heading-2bde2d1cf69ed78b408eff36f3046e52{\npadding-bottom:30px;\nfont-size:70px;\n}\nbody .av-special-heading.av-av_heading-2bde2d1cf69ed78b408eff36f3046e52 .av-special-heading-tag .heading-char{\nfont-size:25px;\n}\n#top #wrap_all .av-special-heading.av-av_heading-2bde2d1cf69ed78b408eff36f3046e52 .av-special-heading-tag{\nfont-size:70px;\n}\n.av-special-heading.av-av_heading-2bde2d1cf69ed78b408eff36f3046e52 .av-subheading{\nfont-size:15px;\n}\n\n@media only screen and (min-width: 480px) and (max-width: 767px){ \n#top #wrap_all .av-special-heading.av-av_heading-2bde2d1cf69ed78b408eff36f3046e52 .av-special-heading-tag{\nfont-size:0.8em;\n}\n}\n\n@media only screen and (max-width: 479px){ \n#top #wrap_all .av-special-heading.av-av_heading-2bde2d1cf69ed78b408eff36f3046e52 .av-special-heading-tag{\nfont-size:0.8em;\n}\n}\n<\/style>\n<div  class='av-special-heading av-av_heading-2bde2d1cf69ed78b408eff36f3046e52 av-special-heading-h1 blockquote modern-quote  avia-builder-el-1  el_before_av_one_half  avia-builder-el-first  av-thin-font av-inherit-size'><h1 class='av-special-heading-tag '  itemprop=\"headline\"  >En vedette<strong>\u00c9tudes de cas.<\/strong><\/h1><div class=\"special-heading-border\"><div class=\"special-heading-inner-border\"><\/div><\/div><\/div>\n\n<style type=\"text\/css\" data-created_by=\"avia_inline_auto\" id=\"style-css-av-av_one_half-6126cab7d8fab8d08143dd2dacdf673c\">\n.flex_column.av-av_one_half-6126cab7d8fab8d08143dd2dacdf673c{\nborder-radius:0px 0px 0px 0px;\npadding:0px 0px 0px 0px;\n}\n<\/style>\n<div  class='flex_column av-av_one_half-6126cab7d8fab8d08143dd2dacdf673c av_one_half  avia-builder-el-2  el_after_av_heading  el_before_av_one_half  first flex_column_div av-zero-column-padding  '     ><section  class='av_textblock_section av-av_textblock-35972167d9f102c5ddaec0c531c98b9e '   itemscope=\"itemscope\" itemtype=\"https:\/\/schema.org\/CreativeWork\" ><div class='avia_textblock'  itemprop=\"text\" ><p><strong>Les \u00e9tudes de cas en vedette de BARE International peuvent vous aider.<\/strong><\/p>\n<p>Prenez quelques instants pour lire les exp\u00e9riences des clients de la vie r\u00e9elle avec BARE International. D\u00e9couvrez les avantages et la valeur des solutions personnalis\u00e9es cr\u00e9\u00e9es avec BARE International dans chacune de ces \u00e9tudes de cas clients.<\/p>\n<\/div><\/section><\/div>\n<style type=\"text\/css\" data-created_by=\"avia_inline_auto\" id=\"style-css-av-av_one_half-0aa7055fe62c3622faec82866afbaeb2\">\n.flex_column.av-av_one_half-0aa7055fe62c3622faec82866afbaeb2{\nborder-radius:0px 0px 0px 0px;\npadding:0px 0px 0px 0px;\n}\n<\/style>\n<div  class='flex_column av-av_one_half-0aa7055fe62c3622faec82866afbaeb2 av_one_half  avia-builder-el-4  el_after_av_one_half  el_before_av_hr  flex_column_div av-zero-column-padding  '     ><p><section  class='av_textblock_section av-av_textblock-35972167d9f102c5ddaec0c531c98b9e '   itemscope=\"itemscope\" itemtype=\"https:\/\/schema.org\/CreativeWork\" ><div class='avia_textblock'  itemprop=\"text\" ><p><strong>S\u00e9lectionnez une \u00e9tude de cas en vedette dans la liste ci-dessous.<\/strong><\/p>\n<\/div><\/section><br \/>\n\n<style type=\"text\/css\" data-created_by=\"avia_inline_auto\" id=\"style-css-av-av_iconlist-387595ddd438c69f648afba1cb3a2508\">\n#top .avia-icon-list-container.av-av_iconlist-387595ddd438c69f648afba1cb3a2508 .iconlist_icon{\nbackground-color:#ef4123;\n}\n<\/style>\n<div  class='avia-icon-list-container av-av_iconlist-387595ddd438c69f648afba1cb3a2508  avia-builder-el-6  el_after_av_textblock  avia-builder-el-last '><ul class='avia-icon-list avia_animate_when_almost_visible avia-icon-list-left av-iconlist-big av-av_iconlist-387595ddd438c69f648afba1cb3a2508 avia-iconlist-animate'>\n<li><a href='https:\/\/www.bareinternational.com\/fr\/etude-de-cas-enquetes-de-satisfaction-clientele-dun-restaurant\/' title='\u00c9tude de cas: Enqu\u00eates aupr\u00e8s des clients du restaurant'  class='iconlist_icon av-av_iconlist_item-0eb3f7be2cb82c24f5b3ef48441cf377 avia-font-entypo-fontello avia-iconfont avia-font-entypo-fontello'><span class='av-icon-char' data-av_icon='\ue84d' data-av_iconfont='entypo-fontello' aria-hidden=\"true\"><\/span><\/a><article class=\"article-icon-entry av-iconlist-empty\"  itemscope=\"itemscope\" itemtype=\"https:\/\/schema.org\/CreativeWork\" ><div class=\"iconlist_content_wrap\"><header class=\"entry-content-header\" aria-label=\"Ic\u00f4ne : &lt;a href=&#039;https:\/\/www.bareinternational.com\/fr\/etude-de-cas-enquetes-de-satisfaction-clientele-dun-restaurant\/&#039; title=&#039;\u00c9tude de cas: Enqu\u00eates aupr\u00e8s des clients du restaurant&#039;&gt;\u00c9tude de cas: Enqu\u00eates aupr\u00e8s des clients du restaurant&lt;\/a&gt;\"><h4 class='av_iconlist_title iconlist_title  '  itemprop=\"headline\" ><a href='https:\/\/www.bareinternational.com\/fr\/etude-de-cas-enquetes-de-satisfaction-clientele-dun-restaurant\/' title='\u00c9tude de cas: Enqu\u00eates aupr\u00e8s des clients du restaurant'>\u00c9tude de cas: Enqu\u00eates aupr\u00e8s des clients du restaurant<\/a><\/h4><\/header><div class='iconlist_content '  itemprop=\"text\" ><\/div><\/div><footer class=\"entry-footer\"><\/footer><\/article><div class=\"iconlist-timeline\"><\/div><\/li>\n<li><a href='https:\/\/www.bareinternational.com\/fr\/etudes-de-cas\/audit-dintegrite-hotel-etude-de-cas-2\/' title='\u00c9tude de cas: Audit d\u2018int\u00e9grit\u00e9 de l\u2019accueil'  class='iconlist_icon av-av_iconlist_item-15ad8254954d4fac8ce4a8bd1be2067f avia-font-entypo-fontello avia-iconfont avia-font-entypo-fontello'><span class='av-icon-char' data-av_icon='\ue84d' data-av_iconfont='entypo-fontello' aria-hidden=\"true\"><\/span><\/a><article class=\"article-icon-entry av-iconlist-empty\"  itemscope=\"itemscope\" itemtype=\"https:\/\/schema.org\/CreativeWork\" ><div class=\"iconlist_content_wrap\"><header class=\"entry-content-header\" aria-label=\"Ic\u00f4ne : &lt;a href=&#039;https:\/\/www.bareinternational.com\/fr\/etudes-de-cas\/audit-dintegrite-hotel-etude-de-cas-2\/&#039; title=&#039;\u00c9tude de cas: Audit d\u2018int\u00e9grit\u00e9 de l\u2019accueil&#039;&gt;\u00c9tude de cas: Audit d\u2018int\u00e9grit\u00e9 de l\u2019accueil&lt;\/a&gt;\"><h4 class='av_iconlist_title iconlist_title  '  itemprop=\"headline\" ><a href='https:\/\/www.bareinternational.com\/fr\/etudes-de-cas\/audit-dintegrite-hotel-etude-de-cas-2\/' title='\u00c9tude de cas: Audit d\u2018int\u00e9grit\u00e9 de l\u2019accueil'>\u00c9tude de cas: Audit d\u2018int\u00e9grit\u00e9 de l\u2019accueil<\/a><\/h4><\/header><div class='iconlist_content '  itemprop=\"text\" ><\/div><\/div><footer class=\"entry-footer\"><\/footer><\/article><div class=\"iconlist-timeline\"><\/div><\/li>\n<li><a href='https:\/\/www.bareinternational.com\/fr\/etudes-de-cas\/services-de-support-terrain-etude-de-cas\/' title='\u00c9tude de cas: Services de soutien sur le terrain'  class='iconlist_icon av-av_iconlist_item-64f1f6fe3c414c64ebe1cd60e4284e55 avia-font-entypo-fontello avia-iconfont avia-font-entypo-fontello'><span class='av-icon-char' data-av_icon='\ue84d' data-av_iconfont='entypo-fontello' aria-hidden=\"true\"><\/span><\/a><article class=\"article-icon-entry av-iconlist-empty\"  itemscope=\"itemscope\" itemtype=\"https:\/\/schema.org\/CreativeWork\" ><div class=\"iconlist_content_wrap\"><header class=\"entry-content-header\" aria-label=\"Ic\u00f4ne : &lt;a href=&#039;https:\/\/www.bareinternational.com\/fr\/etudes-de-cas\/services-de-support-terrain-etude-de-cas\/&#039; title=&#039;\u00c9tude de cas: Services de soutien sur le terrain&#039;&gt;\u00c9tude de cas: Services de soutien sur le terrain&lt;\/a&gt;\"><h4 class='av_iconlist_title iconlist_title  '  itemprop=\"headline\" ><a href='https:\/\/www.bareinternational.com\/fr\/etudes-de-cas\/services-de-support-terrain-etude-de-cas\/' title='\u00c9tude de cas: Services de soutien sur le terrain'>\u00c9tude de cas: Services de soutien sur le terrain<\/a><\/h4><\/header><div class='iconlist_content '  itemprop=\"text\" ><\/div><\/div><footer class=\"entry-footer\"><\/footer><\/article><div class=\"iconlist-timeline\"><\/div><\/li>\n<\/ul><\/div><\/p><\/div>\n<style type=\"text\/css\" data-created_by=\"avia_inline_auto\" id=\"style-css-av-av_hr-0688d0b0b6ed2f8b057db7a8270206df\">\n#top .hr.hr-invisible.av-av_hr-0688d0b0b6ed2f8b057db7a8270206df{\nheight:50px;\n}\n<\/style>\n<div  class='hr av-av_hr-0688d0b0b6ed2f8b057db7a8270206df hr-invisible  avia-builder-el-7  el_after_av_one_half  avia-builder-el-last '><span class='hr-inner '><span class=\"hr-inner-style\"><\/span><\/span><\/div>\n\n<\/div><\/div><\/main><!-- close content main element --><\/div><\/div><div id='av-layout-grid-1'  class='av-layout-grid-container av-av_layout_row-caf1f26e08707a2ebe9176b630e736c2 entry-content-wrapper main_color av-flex-cells  avia-builder-el-8  el_after_av_section  avia-builder-el-last  grid-row-not-first  container_wrap sidebar_right'  >\n\n<style type=\"text\/css\" data-created_by=\"avia_inline_auto\" id=\"style-css-av-av_cell_one_third-e0b12a0d38574f55d296603f5bb31e09\">\n.flex_cell.av-av_cell_one_third-e0b12a0d38574f55d296603f5bb31e09{\nvertical-align:middle;\nbackground-color:#da291c;\n}\n.responsive #top #wrap_all .flex_cell.av-av_cell_one_third-e0b12a0d38574f55d296603f5bb31e09{\npadding:50px 50px 50px 50px !important;\n}\n<\/style>\n<div class='flex_cell av-av_cell_one_third-e0b12a0d38574f55d296603f5bb31e09 av-gridrow-cell av_one_third no_margin  avia-builder-el-9  el_before_av_cell_one_third  avia-builder-el-first  content-align-middle avia-full-stretch'  ><div class='flex_cell_inner'>\n<style type=\"text\/css\" data-created_by=\"avia_inline_auto\" id=\"style-css-av-av_animated_numbers-d7076efd45b54cd2ad53bebca2511f74\">\n.avia-animated-number.av-av_animated_numbers-d7076efd45b54cd2ad53bebca2511f74 .avia-animated-number-icon.avia-svg-icon svg:first-child{\nfill:#ffffff;\nstroke:#ffffff;\n}\n#top .avia-animated-number.av-av_animated_numbers-d7076efd45b54cd2ad53bebca2511f74 .avia-animated-number-title{\nfont-size:50px;\ncolor:#ffffff;\n}\n#top .avia-animated-number.av-av_animated_numbers-d7076efd45b54cd2ad53bebca2511f74 .avia-animated-number-content{\nfont-size:22px;\n}\n<\/style>\n<div  class=\"avia-animated-number av-av_animated_numbers-d7076efd45b54cd2ad53bebca2511f74 av-force-default-color avia_animate_when_visible  avia-builder-el-10  avia-builder-el-no-sibling  avia-color-font-custom \" data-timer=\"3000\"><strong class=\"heading avia-animated-number-title\"><span class=\"avia-single-number __av-single-number\" data-number_format=\"\" data-number=\"150\" data-start_from=\"0\">150<\/span><span class=\"avia-no-number\"> Pays<\/span><\/strong><div class=\"avia-animated-number-content\"><p>dans le r\u00e9seau de BARE<\/p>\n<\/div><\/div>\n<\/div><\/div>\n<style type=\"text\/css\" data-created_by=\"avia_inline_auto\" id=\"style-css-av-av_cell_one_third-cd23fdc82ac140e61d64f63b27d15077\">\n.flex_cell.av-av_cell_one_third-cd23fdc82ac140e61d64f63b27d15077{\nvertical-align:middle;\nbackground-color:#ff9e1b;\n}\n.responsive #top #wrap_all .flex_cell.av-av_cell_one_third-cd23fdc82ac140e61d64f63b27d15077{\npadding:50px 50px 50px 50px !important;\n}\n<\/style>\n<div class='flex_cell av-av_cell_one_third-cd23fdc82ac140e61d64f63b27d15077 av-gridrow-cell av_one_third no_margin  avia-builder-el-11  el_after_av_cell_one_third  el_before_av_cell_one_third  content-align-middle avia-full-stretch'  ><div class='flex_cell_inner'>\n<style type=\"text\/css\" data-created_by=\"avia_inline_auto\" id=\"style-css-av-k2m14e0o-82f35219f41714682906b7125e8b1cb2\">\n.avia-animated-number.av-k2m14e0o-82f35219f41714682906b7125e8b1cb2 .avia-animated-number-icon.avia-svg-icon svg:first-child{\nfill:#ffffff;\nstroke:#ffffff;\n}\n#top .avia-animated-number.av-k2m14e0o-82f35219f41714682906b7125e8b1cb2 .avia-animated-number-title{\nfont-size:50px;\ncolor:#ffffff;\n}\n#top .avia-animated-number.av-k2m14e0o-82f35219f41714682906b7125e8b1cb2 .avia-animated-number-content{\nfont-size:22px;\n}\n<\/style>\n<div  class=\"avia-animated-number av-k2m14e0o-82f35219f41714682906b7125e8b1cb2 av-force-default-color avia_animate_when_visible  avia-builder-el-12  avia-builder-el-no-sibling  avia-color-font-custom \" data-timer=\"3000\"><strong class=\"heading avia-animated-number-title\"><span class=\"avia-single-number __av-single-number\" data-number_format=\"\" data-number=\"10\" data-start_from=\"0\">10<\/span><span class=\"avia-no-number\"> bureaux<\/span><\/strong><div class=\"avia-animated-number-content\"><p>dans le monde<\/p>\n<\/div><\/div>\n<\/div><\/div>\n<style type=\"text\/css\" data-created_by=\"avia_inline_auto\" id=\"style-css-av-av_cell_one_third-c703b13345664433a2acd0a08f527a49\">\n.flex_cell.av-av_cell_one_third-c703b13345664433a2acd0a08f527a49{\nvertical-align:middle;\nbackground-color:#7474c1;\n}\n.responsive #top #wrap_all .flex_cell.av-av_cell_one_third-c703b13345664433a2acd0a08f527a49{\npadding:50px 50px 50px 50px !important;\n}\n<\/style>\n<div class='flex_cell av-av_cell_one_third-c703b13345664433a2acd0a08f527a49 av-gridrow-cell av_one_third no_margin  avia-builder-el-13  el_after_av_cell_one_third  avia-builder-el-last  content-align-middle avia-full-stretch'  ><div class='flex_cell_inner'>\n<style type=\"text\/css\" data-created_by=\"avia_inline_auto\" id=\"style-css-av-av_animated_numbers-f70f5b8fe6aa45b63181ba72941a97c9\">\n.avia-animated-number.av-av_animated_numbers-f70f5b8fe6aa45b63181ba72941a97c9 .avia-animated-number-icon.avia-svg-icon svg:first-child{\nfill:#ffffff;\nstroke:#ffffff;\n}\n#top .avia-animated-number.av-av_animated_numbers-f70f5b8fe6aa45b63181ba72941a97c9 .avia-animated-number-title{\nfont-size:50px;\ncolor:#ffffff;\n}\n#top .avia-animated-number.av-av_animated_numbers-f70f5b8fe6aa45b63181ba72941a97c9 .avia-animated-number-content{\nfont-size:22px;\n}\n<\/style>\n<div  class=\"avia-animated-number av-av_animated_numbers-f70f5b8fe6aa45b63181ba72941a97c9 av-force-default-color avia_animate_when_visible  avia-builder-el-14  avia-builder-el-no-sibling  avia-color-font-custom \" data-timer=\"3000\"><strong class=\"heading avia-animated-number-title\"><span class=\"avia-single-number __av-single-number\" data-number_format=\"\" data-number=\"500000\" data-start_from=\"0\">500000<\/span><span class=\"avia-no-number\"> \u00e9valuateurs<\/span><\/strong><div class=\"avia-animated-number-content\"><p>\u00e0 travers le monde<\/p>\n<\/div><\/div>\n<\/div><\/div><\/div>\n","protected":false},"excerpt":{"rendered":"","protected":false},"author":5,"featured_media":0,"parent":0,"menu_order":0,"comment_status":"closed","ping_status":"closed","template":"","meta":{"footnotes":""},"class_list":["post-15337","page","type-page","status-publish","hentry"],"_links":{"self":[{"href":"https:\/\/www.bareinternational.com\/fr\/wp-json\/wp\/v2\/pages\/15337","targetHints":{"allow":["GET"]}}],"collection":[{"href":"https:\/\/www.bareinternational.com\/fr\/wp-json\/wp\/v2\/pages"}],"about":[{"href":"https:\/\/www.bareinternational.com\/fr\/wp-json\/wp\/v2\/types\/page"}],"author":[{"embeddable":true,"href":"https:\/\/www.bareinternational.com\/fr\/wp-json\/wp\/v2\/users\/5"}],"replies":[{"embeddable":true,"href":"https:\/\/www.bareinternational.com\/fr\/wp-json\/wp\/v2\/comments?post=15337"}],"version-history":[{"count":0,"href":"https:\/\/www.bareinternational.com\/fr\/wp-json\/wp\/v2\/pages\/15337\/revisions"}],"wp:attachment":[{"href":"https:\/\/www.bareinternational.com\/fr\/wp-json\/wp\/v2\/media?parent=15337"}],"curies":[{"name":"wp","href":"https:\/\/api.w.org\/{rel}","templated":true}]}}