{"id":17319,"date":"2017-06-17T07:37:50","date_gmt":"2017-06-17T07:37:50","guid":{"rendered":"https:\/\/bareint.wpenginepowered.com\/?page_id=17319\/"},"modified":"2019-02-18T13:45:55","modified_gmt":"2019-02-18T12:45:55","slug":"terminos-y-condiciones","status":"publish","type":"page","link":"https:\/\/www.bareinternational.com\/es\/terminos-y-condiciones\/","title":{"rendered":"T\u00e9rminos y condiciones"},"content":{"rendered":"<div id='av_section_1'  class='avia-section av-av_section-bb9bdb22c7f9e6bf1d52c155825dc7f7 main_color avia-section-default avia-no-shadow  avia-builder-el-0  avia-builder-el-no-sibling  avia-bg-style-scroll container_wrap sidebar_right'  ><div class='container av-section-cont-open' ><main  role=\"main\" itemprop=\"mainContentOfPage\"  class='template-page content  av-content-small alpha units'><div class='post-entry post-entry-type-page post-entry-17319'><div class='entry-content-wrapper clearfix'>\n\n<style type=\"text\/css\" data-created_by=\"avia_inline_auto\" id=\"style-css-av-av_heading-737e9e9ac33f88f84a2c024fbaa1a55b\">\n#top .av-special-heading.av-av_heading-737e9e9ac33f88f84a2c024fbaa1a55b{\npadding-bottom:30px;\nfont-size:70px;\n}\nbody .av-special-heading.av-av_heading-737e9e9ac33f88f84a2c024fbaa1a55b .av-special-heading-tag .heading-char{\nfont-size:25px;\n}\n#top #wrap_all .av-special-heading.av-av_heading-737e9e9ac33f88f84a2c024fbaa1a55b .av-special-heading-tag{\nfont-size:70px;\n}\n.av-special-heading.av-av_heading-737e9e9ac33f88f84a2c024fbaa1a55b .av-subheading{\nfont-size:15px;\n}\n\n@media only screen and (min-width: 480px) and (max-width: 767px){ \n#top #wrap_all .av-special-heading.av-av_heading-737e9e9ac33f88f84a2c024fbaa1a55b .av-special-heading-tag{\nfont-size:0.8em;\n}\n}\n\n@media only screen and (max-width: 479px){ \n#top #wrap_all .av-special-heading.av-av_heading-737e9e9ac33f88f84a2c024fbaa1a55b .av-special-heading-tag{\nfont-size:0.8em;\n}\n}\n<\/style>\n<div  class='av-special-heading av-av_heading-737e9e9ac33f88f84a2c024fbaa1a55b av-special-heading-h1 blockquote modern-quote  avia-builder-el-1  el_before_av_textblock  avia-builder-el-first  av-thin-font av-inherit-size'><h1 class='av-special-heading-tag '  itemprop=\"headline\"  >Acuerdo de Contratista Independiente<strong>.<\/strong><\/h1><div class=\"special-heading-border\"><div class=\"special-heading-inner-border\"><\/div><\/div><\/div>\n<section  class='av_textblock_section av-jsac2dwt-1f724a6bb1e38b5d1c2d5c7247ea7280 '   itemscope=\"itemscope\" itemtype=\"https:\/\/schema.org\/CreativeWork\" ><div class='avia_textblock'  itemprop=\"text\" ><h3>Acuerdo de Contratista Independiente<\/h3>\n<p>Acuerdo y Aplicaci\u00f3n de Mystery Shopper de BARE<\/p>\n<p>Este acuerdo regir\u00e1 la relaci\u00f3n entre usted, un contratista independiente, en lo sucesivo denominado \u00abEvaluador\u00bb, y Bare Associates International Inc.<\/p>\n<p>BARE se dedica al desarrollo de programas de comprensi\u00f3n de clientes para sus clientes que generan, entre otras cosas, informes de compradores misteriosos y hallazgos de auditor\u00eda, utilizando diferentes m\u00e9todos, como visitas in situ, telecomunicaciones, entrevistas basadas en web e intercepciones.<\/p>\n<p>Usted declara que, al prestar servicios de misterio de compras, usted (i) es un trabajador por cuenta propia, (ii) se dedica a un negocio u ocupaci\u00f3n independiente, (iii) se mantiene al p\u00fablico como competente independiente y disponible para proporcionar sus servicios, (Iv) mantener un negocio o oficina en casa y \/ o direcci\u00f3n que sea separada y aparte de BARE, y (v) no confiar exclusivamente en BARE para la obtenci\u00f3n de proyectos.<\/p>\n<p>Los informes que se generan a partir de los programas que desarrollamos se proporcionan a nuestros clientes con el fin de determinar los \u00e9xitos operacionales y las oportunidades de mejora en \u00e1reas tales como servicio, ventas, presentaci\u00f3n de productos, mantenimiento de instalaciones y otros detalles de las operaciones y el personal del cliente.<\/p>\n<p>El evaluador acepta los siguientes t\u00e9rminos y condiciones al aceptar proyectos de BARE:<\/p>\n<p><strong>RELACI\u00d3N:<\/strong> El evaluador entiende que operan como un contratista independiente. El evaluador es responsable de su propia responsabilidad y compensaci\u00f3n al trabajador y como seguro de autom\u00f3vil aplicable, y mantiene a BARE y sus afiliados inofensivos mientras realiza servicios en proyectos obtenidos bajo este acuerdo. No hay relaci\u00f3n entre empleador y empleado. Cualquier impuesto federal, estatal, nacional y otros impuestos aplicables NO ser\u00e1n retenidos de los pagos o reembolsos distribuidos por BARE. S\u00f3lo en los Estados Unidos, se emitir\u00e1 un 1099 para facilitar la notificaci\u00f3n apropiada de ingresos que Evaluator recibe a continuaci\u00f3n por servicios prestados de $ 600 o m\u00e1s en cualquier a\u00f1o calendario.<\/p>\n<p><strong>PROYECTOS:<\/strong> Las oportunidades del proyecto se ofrecen por diferentes medios sobre una base de rotaci\u00f3n, seg\u00fan sea necesario. El evaluador puede aceptar o rechazar cualquier proyecto propuesto. Usted acepta y entiende que tenemos la opci\u00f3n y opci\u00f3n de solicitar sus servicios como contratista independiente en la realizaci\u00f3n de dichos servicios, o no. Usted, a su vez, tiene el derecho de aceptar o no aceptar cualquier proyecto publicado.<\/p>\n<p><strong>CONDUCTA \u00c9TICA:<\/strong> Para garantizar el cumplimiento de los requisitos \u00e9ticos que rigen esta industria, USTED NO PUEDE estar actualmente empleado por ning\u00fan negocio que compre. Adem\u00e1s, puede no haber sido empleado durante el a\u00f1o pasado en cualquier negocio que compras. Por favor, aseg\u00farese de no aceptar ning\u00fan proyecto asociado con su empleador actual o anterior. Hacerlo estar\u00e1 en conflicto directo con este acuerdo.<\/p>\n<h3>COMPENSACI\u00d3N:<\/h3>\n<p><strong>USA\/CANADA \u2013 <\/strong>Los honorarios por los servicios prestados y el reembolso por los gastos permitidos se distribuir\u00e1n por cheque en papel o pago electr\u00f3nico aproximadamente el 18 del mes siguiente al mes en que los proyectos fueron debidamente cumplimentados y recibidos de acuerdo con los requisitos del proyecto. Tenga en cuenta que el pago electr\u00f3nico m\u00e1ximo permitido es de $ 600.00. Para cantidades que exceden de eso, se emitir\u00e1 un cheque de papel por correo. Los evaluadores que optan por los cheques de papel por correo deben permitir suficiente tiempo para que el servicio postal entregue desde Virginia (se recomienda 5-10 d\u00edas h\u00e1biles dependiendo de su ubicaci\u00f3n). Si est\u00e1 esperando un cheque de papel por correo y no lo recibe despu\u00e9s de esperar suficiente tiempo, por favor informe el cheque perdido a nosotros tan pronto como sea posible en payoutinquiry@bareinter.wpenginepowered.com y SIEMPRE dentro de 90 d\u00edas de la fecha que usted lo esperaba. Si usted cree que su cheque ha sido perdido por correo, puede ser re-emitido de inmediato por un cargo de pago de $ 30 (normalmente deducido del cheque reeditado), o puede optar por esperar a que el cheque sea inv\u00e1lido (180 D\u00edas) y ser\u00e1 reeditado a usted sin honorario. Por \u00faltimo, le recordamos que disponemos de una opci\u00f3n de pago electr\u00f3nico que evita toda posibilidad de p\u00e9rdida de papel por correo. Para inscribirse en pagos electr\u00f3nicos, vaya a la secci\u00f3n \u00abInformaci\u00f3n adicional\u00bb en su perfil de evaluador e ingrese la informaci\u00f3n de la cuenta bancaria que desea usar para recibir sus pagos. La informaci\u00f3n de su cuenta es altamente segura y no se utiliza por ninguna otra raz\u00f3n que para realizar el pago. Aseg\u00farese de haber completado su perfil de comprador y recuerde que lo mantendr\u00e1 actualizado en caso de que cambie cualquier informaci\u00f3n.<\/p>\n<p><strong>TODOS LOS DEM\u00c1S PA\u00cdSES &#8211; <\/strong>Los honorarios por los servicios prestados y el reembolso de los gastos permitidos se distribuir\u00e1n por transferencia bancaria u otro m\u00e9todo (que a nuestra opci\u00f3n se considera el m\u00e9todo m\u00e1s rentable y eficiente) aproximadamente el 20 del mes siguiente al mes en que los proyectos fueron adecuadamente Completado y recibido de acuerdo con los requisitos del proyecto. Aseg\u00farese de haber completado la secci\u00f3n Detalles de pago de su Perfil de comprador ampliado y recuerde que lo mantendr\u00e1 actualizado en caso de que se produzca alguna modificaci\u00f3n de la informaci\u00f3n.<\/p>\n<p><strong>PARA TODAS LAS TRANSACCIONES DE PAGO &#8211; <\/strong>Como cortes\u00eda, se env\u00eda una notificaci\u00f3n de pago a la direcci\u00f3n de correo electr\u00f3nico registrada en el perfil del evaluador. Esta notificaci\u00f3n enumera los Proyectos espec\u00edficos incluidos en el pago y el monto de los Honorarios y \/ o Reembolsos pagados. Esta notificaci\u00f3n debe ser revisada cuidadosamente y cualquier discrepancia reportada tan pronto como sea posible. Si tiene alguna pregunta sobre el pago de los proyectos individuales mencionados, p\u00f3ngase en contacto con su Gerente de Proyecto. Si tiene alguna pregunta sobre la transacci\u00f3n de pago en s\u00ed, comun\u00edquese con la persona apropiada mencionada en el correo electr\u00f3nico. Para todos los pagos, el plazo es de sesenta (60) d\u00edas a partir de la fecha de emisi\u00f3n (o fecha de recepci\u00f3n esperada) para reportar cualquier discrepancia. Lamentamos no poder investigar los problemas de pago que tengan m\u00e1s de sesenta (60) d\u00edas de antig\u00fcedad.<\/p>\n<p>Usted reconoce que BARE conf\u00eda en que usted presente informes completos y precisos de manera oportuna y que cumpla con todos los requisitos del proyecto del cliente. Usted reconoce adem\u00e1s que su incumplimiento de lo anterior probablemente resultar\u00e1 en socavar la capacidad de BARE de proporcionar informes \u00fatiles y precisos a sus clientes y puede potencialmente da\u00f1ar la relaci\u00f3n de BARE con sus clientes. Por lo tanto, si presenta informes atrasados, incompletos o inexactos, o si no cumple con todos los requisitos del proyecto, BARE puede ajustar o retener parte o toda la compensaci\u00f3n, honorarios y reembolso por los gastos permitidos que de otro modo se le pagar\u00edan. Su incumplimiento de enviar informes oportunos, completos y precisos o el incumplimiento de todos los requisitos del proyecto constituye su renuncia, en su totalidad o en parte, a cualquier compensaci\u00f3n, honorarios y reembolso por los gastos permitidos.<\/p>\n<p>Se entiende mutuamente que una vez que el evaluador haya terminado un proyecto, todos los materiales que BARE o un cliente proporcionen ser\u00e1n devueltos a demanda. Cualquier compensaci\u00f3n debida y pagadera al Evaluador puede ser retenida hasta que se reciba todo dicho material.<\/p>\n<p>Yo, el EVALUADOR, por la presente PROMETO a: (1) Nunca revelar los nombres y \/ o ubicaciones de los clientes de BARE; (2) Mantener confidencial todos los hallazgos con respecto al cliente de BARE o BARE, verbalmente o por escrito. Los informes son para el uso EXCLUSIVO y el conocimiento de los clientes de BARE. El evaluador reconoce que la divulgaci\u00f3n a terceros sin el consentimiento expl\u00edcito y previo por escrito de BARE puede justificar una acci\u00f3n legal; (3) para evitar comprometer la objetividad y confiabilidad de mis hallazgos, NUNCA contactar directamente con un cliente de BARE a cualquier nivel, incluyendo el manejo de la unidad o el personal con respecto a un proyecto; Resultados de dicho proyecto; O por CUALQUIER motivo relacionado con mis servicios y relaci\u00f3n con BARE. (4) Nunca usar materiales BARE para prop\u00f3sitos diferentes al proyecto mutuamente acordado. Todas las formas &amp; amp; Los materiales proporcionados por BARE est\u00e1n protegidos por derechos de autor y siguen siendo propiedad exclusiva de BARE y \/ o de sus clientes; (5) Por un t\u00e9rmino de un a\u00f1o despu\u00e9s del \u00faltimo d\u00eda que presto servicios en un proyecto bajo este acuerdo, estoy de acuerdo en NO revelar a terceros o usar o permitir el uso de cualquier informaci\u00f3n confidencial o propietaria concerniente a BARE o un cliente de BARE Que obtuve a trav\u00e9s de mi relaci\u00f3n con BARE. A estos efectos, la informaci\u00f3n confidencial incluir\u00e1, pero no se limitar\u00e1 a, el contenido de los formularios o materiales que recibo, los nombres y la informaci\u00f3n de contacto correspondiente para los clientes, posibles clientes y vendedores de BARE y sus clientes y BARE y sus clientes Los m\u00e9todos comerciales respectivos, la informaci\u00f3n financiera no p\u00fablica y otros materiales e informaci\u00f3n que parezca razonablemente constituir informaci\u00f3n confidencial. Las leyes de la Commonwealth de Virginia, as\u00ed como el pa\u00eds de su domicilio regular este acuerdo.<\/p>\n<p>ENTIENDO Y ACEPTO COMPLETAR, TRANSMITIR Y ACEPTAR LAS SOLICITUDES DE SEGUIMIENTO DE INFORMES Y RECIBOS SOBRE PROYECTOS ACEPTADOS DE MANERA PROFESIONAL. EN COMPLETAR LA SOLICITUD EN L\u00cdNEA PARA SOLICITAR PROYECTOS DEL EVALUADOR DE BARE, ACEPTO TODOS LOS T\u00c9RMINOS Y CONDICIONES ESPECIFICADOS ANTERIORMENTE.<\/p>\n<p>Para los residentes de Brasil,<a href=\"https:\/\/files.bareinternational.com\/files\/bare-br\/BR_Evaluator\/contratoshopperBrasil.pdf\"> haga clic aqu\u00ed.<\/a><\/p>\n<\/div><\/section>\n<\/div><\/div><\/main><!-- close content main element --><\/div><\/div><div id='after_section_1'  class='main_color av_default_container_wrap container_wrap sidebar_right'  ><div class='container av-section-cont-open' ><div class='template-page content  av-content-small alpha units'><div class='post-entry post-entry-type-page post-entry-17319'><div class='entry-content-wrapper clearfix'>\n","protected":false},"excerpt":{"rendered":"","protected":false},"author":5,"featured_media":0,"parent":0,"menu_order":0,"comment_status":"closed","ping_status":"closed","template":"","meta":{"footnotes":""},"class_list":["post-17319","page","type-page","status-publish","hentry"],"_links":{"self":[{"href":"https:\/\/www.bareinternational.com\/es\/wp-json\/wp\/v2\/pages\/17319","targetHints":{"allow":["GET"]}}],"collection":[{"href":"https:\/\/www.bareinternational.com\/es\/wp-json\/wp\/v2\/pages"}],"about":[{"href":"https:\/\/www.bareinternational.com\/es\/wp-json\/wp\/v2\/types\/page"}],"author":[{"embeddable":true,"href":"https:\/\/www.bareinternational.com\/es\/wp-json\/wp\/v2\/users\/5"}],"replies":[{"embeddable":true,"href":"https:\/\/www.bareinternational.com\/es\/wp-json\/wp\/v2\/comments?post=17319"}],"version-history":[{"count":0,"href":"https:\/\/www.bareinternational.com\/es\/wp-json\/wp\/v2\/pages\/17319\/revisions"}],"wp:attachment":[{"href":"https:\/\/www.bareinternational.com\/es\/wp-json\/wp\/v2\/media?parent=17319"}],"curies":[{"name":"wp","href":"https:\/\/api.w.org\/{rel}","templated":true}]}}