{"id":15808,"date":"2017-05-15T07:01:56","date_gmt":"2017-05-15T07:01:56","guid":{"rendered":"https:\/\/bareint.wpenginepowered.com\/?page_id=15808\/"},"modified":"2019-11-05T17:18:19","modified_gmt":"2019-11-05T16:18:19","slug":"estudios-de-caso-destacados","status":"publish","type":"page","link":"https:\/\/www.bareinternational.com\/es\/estudios-de-caso-destacados\/","title":{"rendered":"ESTUDIOS DE CASO DESTACADOS"},"content":{"rendered":"<div id='av_section_1'  class='avia-section av-av_section-43fa913dbbd7170bb5693496c11aa38b main_color avia-section-large avia-no-border-styling  avia-builder-el-0  el_before_av_layout_row  avia-builder-el-first  avia-bg-style-scroll container_wrap sidebar_right'  ><div class='container av-section-cont-open' ><main  role=\"main\" itemprop=\"mainContentOfPage\"  class='template-page content  av-content-small alpha units'><div class='post-entry post-entry-type-page post-entry-15808'><div class='entry-content-wrapper clearfix'>\n\n<style type=\"text\/css\" data-created_by=\"avia_inline_auto\" id=\"style-css-av-av_heading-945f14e81fdbd68934265873fe2544bd\">\n#top .av-special-heading.av-av_heading-945f14e81fdbd68934265873fe2544bd{\npadding-bottom:30px;\nfont-size:70px;\n}\nbody .av-special-heading.av-av_heading-945f14e81fdbd68934265873fe2544bd .av-special-heading-tag .heading-char{\nfont-size:25px;\n}\n#top #wrap_all .av-special-heading.av-av_heading-945f14e81fdbd68934265873fe2544bd .av-special-heading-tag{\nfont-size:70px;\n}\n.av-special-heading.av-av_heading-945f14e81fdbd68934265873fe2544bd .av-subheading{\nfont-size:15px;\n}\n\n@media only screen and (min-width: 480px) and (max-width: 767px){ \n#top #wrap_all .av-special-heading.av-av_heading-945f14e81fdbd68934265873fe2544bd .av-special-heading-tag{\nfont-size:0.8em;\n}\n}\n\n@media only screen and (max-width: 479px){ \n#top #wrap_all .av-special-heading.av-av_heading-945f14e81fdbd68934265873fe2544bd .av-special-heading-tag{\nfont-size:0.8em;\n}\n}\n<\/style>\n<div  class='av-special-heading av-av_heading-945f14e81fdbd68934265873fe2544bd av-special-heading-h1 blockquote modern-quote  avia-builder-el-1  el_before_av_one_half  avia-builder-el-first  av-thin-font av-inherit-size'><h1 class='av-special-heading-tag '  itemprop=\"headline\"  >ESTUDIOS DE CASO <strong>DESTACADOS.<\/strong><\/h1><div class=\"special-heading-border\"><div class=\"special-heading-inner-border\"><\/div><\/div><\/div>\n\n<style type=\"text\/css\" data-created_by=\"avia_inline_auto\" id=\"style-css-av-av_one_half-6126cab7d8fab8d08143dd2dacdf673c\">\n.flex_column.av-av_one_half-6126cab7d8fab8d08143dd2dacdf673c{\nborder-radius:0px 0px 0px 0px;\npadding:0px 0px 0px 0px;\n}\n<\/style>\n<div  class='flex_column av-av_one_half-6126cab7d8fab8d08143dd2dacdf673c av_one_half  avia-builder-el-2  el_after_av_heading  el_before_av_one_half  first flex_column_div av-zero-column-padding  '     ><section  class='av_textblock_section av-av_textblock-35972167d9f102c5ddaec0c531c98b9e '   itemscope=\"itemscope\" itemtype=\"https:\/\/schema.org\/CreativeWork\" ><div class='avia_textblock'  itemprop=\"text\" ><p><strong>Los estudios de caso destacados de BARE pueden ayudarte.<\/strong><\/p>\n<p>T\u00f3mate unos minutos para leer sobre experiencias reales de clientes de BARE International. Aprende sobre los beneficios y el valor de soluciones personalizadas creadas por BARE International en cada uno de estos estudios de casos de clientes.<\/p>\n<\/div><\/section><\/div>\n<style type=\"text\/css\" data-created_by=\"avia_inline_auto\" id=\"style-css-av-av_one_half-0aa7055fe62c3622faec82866afbaeb2\">\n.flex_column.av-av_one_half-0aa7055fe62c3622faec82866afbaeb2{\nborder-radius:0px 0px 0px 0px;\npadding:0px 0px 0px 0px;\n}\n<\/style>\n<div  class='flex_column av-av_one_half-0aa7055fe62c3622faec82866afbaeb2 av_one_half  avia-builder-el-4  el_after_av_one_half  el_before_av_hr  flex_column_div av-zero-column-padding  '     ><p><section  class='av_textblock_section av-av_textblock-35972167d9f102c5ddaec0c531c98b9e '   itemscope=\"itemscope\" itemtype=\"https:\/\/schema.org\/CreativeWork\" ><div class='avia_textblock'  itemprop=\"text\" ><p><strong>Seleccionar un estudio de caso destacado de la lista a continuaci\u00f3n.<\/strong><\/p>\n<\/div><\/section><br \/>\n\n<style type=\"text\/css\" data-created_by=\"avia_inline_auto\" id=\"style-css-av-av_iconlist-387595ddd438c69f648afba1cb3a2508\">\n#top .avia-icon-list-container.av-av_iconlist-387595ddd438c69f648afba1cb3a2508 .iconlist_icon{\nbackground-color:#ef4123;\n}\n<\/style>\n<div  class='avia-icon-list-container av-av_iconlist-387595ddd438c69f648afba1cb3a2508  avia-builder-el-6  el_after_av_textblock  avia-builder-el-last '><ul class='avia-icon-list avia_animate_when_almost_visible avia-icon-list-left av-iconlist-big av-av_iconlist-387595ddd438c69f648afba1cb3a2508 avia-iconlist-animate'>\n<li><a href='https:\/\/www.bareinternational.com\/restaurant-customer-surveys\/' title='ESTUDIO DE CASO: LAS ENCUESTAS DE CLIENTES DE RESTAURANTE'  class='iconlist_icon av-av_iconlist_item-f7f2595fa59bd33ffb960edb08d44952 avia-font-entypo-fontello avia-iconfont avia-font-entypo-fontello'><span class='av-icon-char' data-av_icon='\ue84d' data-av_iconfont='entypo-fontello' aria-hidden=\"true\"><\/span><\/a><article class=\"article-icon-entry av-iconlist-empty\"  itemscope=\"itemscope\" itemtype=\"https:\/\/schema.org\/CreativeWork\" ><div class=\"iconlist_content_wrap\"><header class=\"entry-content-header\" aria-label=\"Icon: &lt;a href=&#039;https:\/\/www.bareinternational.com\/restaurant-customer-surveys\/&#039; title=&#039;ESTUDIO DE CASO: LAS ENCUESTAS DE CLIENTES DE RESTAURANTE&#039;&gt;ESTUDIO DE CASO: LAS ENCUESTAS DE CLIENTES DE RESTAURANTE&lt;\/a&gt;\"><h4 class='av_iconlist_title iconlist_title  '  itemprop=\"headline\" ><a href='https:\/\/www.bareinternational.com\/restaurant-customer-surveys\/' title='ESTUDIO DE CASO: LAS ENCUESTAS DE CLIENTES DE RESTAURANTE'>ESTUDIO DE CASO: LAS ENCUESTAS DE CLIENTES DE RESTAURANTE<\/a><\/h4><\/header><div class='iconlist_content '  itemprop=\"text\" ><\/div><\/div><footer class=\"entry-footer\"><\/footer><\/article><div class=\"iconlist-timeline\"><\/div><\/li>\n<li><a href='https:\/\/www.bareinternational.com\/es\/estudios-de-caso-destacados\/estudio-de-caso-auditoria-de-integridad-de-la-hospitalidad\/' title='ESTUDIO DE CASO: AUDITOR\u00cdA DE INTEGRIDAD EN \u00c1REA HOSPITALIDAD'  class='iconlist_icon av-av_iconlist_item-a27d4883196e22b866fd15746a6a21ed avia-font-entypo-fontello avia-iconfont avia-font-entypo-fontello'><span class='av-icon-char' data-av_icon='\ue84d' data-av_iconfont='entypo-fontello' aria-hidden=\"true\"><\/span><\/a><article class=\"article-icon-entry av-iconlist-empty\"  itemscope=\"itemscope\" itemtype=\"https:\/\/schema.org\/CreativeWork\" ><div class=\"iconlist_content_wrap\"><header class=\"entry-content-header\" aria-label=\"Icon: &lt;a href=&#039;https:\/\/www.bareinternational.com\/es\/estudios-de-caso-destacados\/estudio-de-caso-auditoria-de-integridad-de-la-hospitalidad\/&#039; title=&#039;ESTUDIO DE CASO: AUDITOR\u00cdA DE INTEGRIDAD EN \u00c1REA HOSPITALIDAD&#039;&gt;ESTUDIO DE CASO: AUDITOR\u00cdA DE INTEGRIDAD EN \u00c1REA HOSPITALIDAD&lt;\/a&gt;\"><h4 class='av_iconlist_title iconlist_title  '  itemprop=\"headline\" ><a href='https:\/\/www.bareinternational.com\/es\/estudios-de-caso-destacados\/estudio-de-caso-auditoria-de-integridad-de-la-hospitalidad\/' title='ESTUDIO DE CASO: AUDITOR\u00cdA DE INTEGRIDAD EN \u00c1REA HOSPITALIDAD'>ESTUDIO DE CASO: AUDITOR\u00cdA DE INTEGRIDAD EN \u00c1REA HOSPITALIDAD<\/a><\/h4><\/header><div class='iconlist_content '  itemprop=\"text\" ><\/div><\/div><footer class=\"entry-footer\"><\/footer><\/article><div class=\"iconlist-timeline\"><\/div><\/li>\n<li><a href='https:\/\/www.bareinternational.com\/es\/estudios-de-caso-destacados\/estudio-de-caso-servicios-de-apoyo-al-trabajo-de-campo\/' title='ESTUDIO DE CASO: SERVICIOS DE APOYO EN TRABAJO DE CAMPO'  class='iconlist_icon av-av_iconlist_item-2fa8823ed8d1e869130f9ab93925c27e avia-font-entypo-fontello avia-iconfont avia-font-entypo-fontello'><span class='av-icon-char' data-av_icon='\ue84d' data-av_iconfont='entypo-fontello' aria-hidden=\"true\"><\/span><\/a><article class=\"article-icon-entry av-iconlist-empty\"  itemscope=\"itemscope\" itemtype=\"https:\/\/schema.org\/CreativeWork\" ><div class=\"iconlist_content_wrap\"><header class=\"entry-content-header\" aria-label=\"Icon: &lt;a href=&#039;https:\/\/www.bareinternational.com\/es\/estudios-de-caso-destacados\/estudio-de-caso-servicios-de-apoyo-al-trabajo-de-campo\/&#039; title=&#039;ESTUDIO DE CASO: SERVICIOS DE APOYO EN TRABAJO DE CAMPO&#039;&gt;ESTUDIO DE CASO: SERVICIOS DE APOYO EN TRABAJO DE CAMPO&lt;\/a&gt;\"><h4 class='av_iconlist_title iconlist_title  '  itemprop=\"headline\" ><a href='https:\/\/www.bareinternational.com\/es\/estudios-de-caso-destacados\/estudio-de-caso-servicios-de-apoyo-al-trabajo-de-campo\/' title='ESTUDIO DE CASO: SERVICIOS DE APOYO EN TRABAJO DE CAMPO'>ESTUDIO DE CASO: SERVICIOS DE APOYO EN TRABAJO DE CAMPO<\/a><\/h4><\/header><div class='iconlist_content '  itemprop=\"text\" ><\/div><\/div><footer class=\"entry-footer\"><\/footer><\/article><div class=\"iconlist-timeline\"><\/div><\/li>\n<\/ul><\/div><\/p><\/div>\n<style type=\"text\/css\" data-created_by=\"avia_inline_auto\" id=\"style-css-av-av_hr-0688d0b0b6ed2f8b057db7a8270206df\">\n#top .hr.hr-invisible.av-av_hr-0688d0b0b6ed2f8b057db7a8270206df{\nheight:50px;\n}\n<\/style>\n<div  class='hr av-av_hr-0688d0b0b6ed2f8b057db7a8270206df hr-invisible  avia-builder-el-7  el_after_av_one_half  avia-builder-el-last '><span class='hr-inner '><span class=\"hr-inner-style\"><\/span><\/span><\/div>\n\n<\/div><\/div><\/main><!-- close content main element --><\/div><\/div><div id='av-layout-grid-1'  class='av-layout-grid-container av-av_layout_row-caf1f26e08707a2ebe9176b630e736c2 entry-content-wrapper main_color av-flex-cells  avia-builder-el-8  el_after_av_section  avia-builder-el-last  grid-row-not-first  container_wrap sidebar_right'  >\n\n<style type=\"text\/css\" data-created_by=\"avia_inline_auto\" id=\"style-css-av-av_cell_one_third-e0b12a0d38574f55d296603f5bb31e09\">\n.flex_cell.av-av_cell_one_third-e0b12a0d38574f55d296603f5bb31e09{\nvertical-align:middle;\nbackground-color:#da291c;\n}\n.responsive #top #wrap_all .flex_cell.av-av_cell_one_third-e0b12a0d38574f55d296603f5bb31e09{\npadding:50px 50px 50px 50px !important;\n}\n<\/style>\n<div class='flex_cell av-av_cell_one_third-e0b12a0d38574f55d296603f5bb31e09 av-gridrow-cell av_one_third no_margin  avia-builder-el-9  el_before_av_cell_one_third  avia-builder-el-first  content-align-middle avia-full-stretch'  ><div class='flex_cell_inner'>\n<style type=\"text\/css\" data-created_by=\"avia_inline_auto\" id=\"style-css-av-av_animated_numbers-fadddaf2a084abbcc4ca6c95ad04cfd6\">\n.avia-animated-number.av-av_animated_numbers-fadddaf2a084abbcc4ca6c95ad04cfd6 .avia-animated-number-icon.avia-svg-icon svg:first-child{\nfill:#ffffff;\nstroke:#ffffff;\n}\n#top .avia-animated-number.av-av_animated_numbers-fadddaf2a084abbcc4ca6c95ad04cfd6 .avia-animated-number-title{\nfont-size:50px;\ncolor:#ffffff;\n}\n#top .avia-animated-number.av-av_animated_numbers-fadddaf2a084abbcc4ca6c95ad04cfd6 .avia-animated-number-content{\nfont-size:22px;\n}\n<\/style>\n<div  class=\"avia-animated-number av-av_animated_numbers-fadddaf2a084abbcc4ca6c95ad04cfd6 av-force-default-color avia_animate_when_visible  avia-builder-el-10  avia-builder-el-no-sibling  avia-color-font-custom \" data-timer=\"3000\"><strong class=\"heading avia-animated-number-title\"><span class=\"avia-single-number __av-single-number\" data-number_format=\"\" data-number=\"150\" data-start_from=\"0\">150<\/span><span class=\"avia-no-number\"> Pa\u00edses<\/span><\/strong><div class=\"avia-animated-number-content\"><p>en la red Bare<\/p>\n<\/div><\/div>\n<\/div><\/div>\n<style type=\"text\/css\" data-created_by=\"avia_inline_auto\" id=\"style-css-av-av_cell_one_third-cd23fdc82ac140e61d64f63b27d15077\">\n.flex_cell.av-av_cell_one_third-cd23fdc82ac140e61d64f63b27d15077{\nvertical-align:middle;\nbackground-color:#ff9e1b;\n}\n.responsive #top #wrap_all .flex_cell.av-av_cell_one_third-cd23fdc82ac140e61d64f63b27d15077{\npadding:50px 50px 50px 50px !important;\n}\n<\/style>\n<div class='flex_cell av-av_cell_one_third-cd23fdc82ac140e61d64f63b27d15077 av-gridrow-cell av_one_third no_margin  avia-builder-el-11  el_after_av_cell_one_third  el_before_av_cell_one_third  content-align-middle avia-full-stretch'  ><div class='flex_cell_inner'>\n<style type=\"text\/css\" data-created_by=\"avia_inline_auto\" id=\"style-css-av-k2m251jm-dcf8da4e79f4881494cf172c9bfe2cd1\">\n.avia-animated-number.av-k2m251jm-dcf8da4e79f4881494cf172c9bfe2cd1 .avia-animated-number-icon.avia-svg-icon svg:first-child{\nfill:#ffffff;\nstroke:#ffffff;\n}\n#top .avia-animated-number.av-k2m251jm-dcf8da4e79f4881494cf172c9bfe2cd1 .avia-animated-number-title{\nfont-size:50px;\ncolor:#ffffff;\n}\n#top .avia-animated-number.av-k2m251jm-dcf8da4e79f4881494cf172c9bfe2cd1 .avia-animated-number-content{\nfont-size:22px;\n}\n<\/style>\n<div  class=\"avia-animated-number av-k2m251jm-dcf8da4e79f4881494cf172c9bfe2cd1 av-force-default-color avia_animate_when_visible  avia-builder-el-12  avia-builder-el-no-sibling  avia-color-font-custom \" data-timer=\"3000\"><strong class=\"heading avia-animated-number-title\"><span class=\"avia-single-number __av-single-number\" data-number_format=\"\" data-number=\"10\" data-start_from=\"0\">10<\/span><span class=\"avia-no-number\"> Oficinas<\/span><\/strong><div class=\"avia-animated-number-content\"><p>alrededor del mundo<\/p>\n<\/div><\/div>\n<\/div><\/div>\n<style type=\"text\/css\" data-created_by=\"avia_inline_auto\" id=\"style-css-av-av_cell_one_third-c703b13345664433a2acd0a08f527a49\">\n.flex_cell.av-av_cell_one_third-c703b13345664433a2acd0a08f527a49{\nvertical-align:middle;\nbackground-color:#7474c1;\n}\n.responsive #top #wrap_all .flex_cell.av-av_cell_one_third-c703b13345664433a2acd0a08f527a49{\npadding:50px 50px 50px 50px !important;\n}\n<\/style>\n<div class='flex_cell av-av_cell_one_third-c703b13345664433a2acd0a08f527a49 av-gridrow-cell av_one_third no_margin  avia-builder-el-13  el_after_av_cell_one_third  avia-builder-el-last  content-align-middle avia-full-stretch'  ><div class='flex_cell_inner'>\n<style type=\"text\/css\" data-created_by=\"avia_inline_auto\" id=\"style-css-av-av_animated_numbers-d317049e3c5bb3387b00d219ef99b0b1\">\n.avia-animated-number.av-av_animated_numbers-d317049e3c5bb3387b00d219ef99b0b1 .avia-animated-number-icon.avia-svg-icon svg:first-child{\nfill:#ffffff;\nstroke:#ffffff;\n}\n#top .avia-animated-number.av-av_animated_numbers-d317049e3c5bb3387b00d219ef99b0b1 .avia-animated-number-title{\nfont-size:50px;\ncolor:#ffffff;\n}\n#top .avia-animated-number.av-av_animated_numbers-d317049e3c5bb3387b00d219ef99b0b1 .avia-animated-number-content{\nfont-size:22px;\n}\n<\/style>\n<div  class=\"avia-animated-number av-av_animated_numbers-d317049e3c5bb3387b00d219ef99b0b1 av-force-default-color avia_animate_when_visible  avia-builder-el-14  avia-builder-el-no-sibling  avia-color-font-custom \" data-timer=\"3000\"><strong class=\"heading avia-animated-number-title\"><span class=\"avia-single-number __av-single-number\" data-number_format=\"\" data-number=\"50\" data-start_from=\"0\">50<\/span><span class=\"avia-no-number\">.<\/span><span class=\"avia-single-number __av-single-number\" data-number_format=\"\" data-number=\"000\" data-start_from=\"0\">000<\/span><span class=\"avia-no-number\">+ Evaluaciones<\/span><\/strong><div class=\"avia-animated-number-content\"><p>completadas en todo el mundo cada mes<\/p>\n<\/div><\/div>\n<\/div><\/div><\/div>\n","protected":false},"excerpt":{"rendered":"","protected":false},"author":5,"featured_media":0,"parent":0,"menu_order":0,"comment_status":"closed","ping_status":"closed","template":"","meta":{"footnotes":""},"class_list":["post-15808","page","type-page","status-publish","hentry"],"_links":{"self":[{"href":"https:\/\/www.bareinternational.com\/es\/wp-json\/wp\/v2\/pages\/15808","targetHints":{"allow":["GET"]}}],"collection":[{"href":"https:\/\/www.bareinternational.com\/es\/wp-json\/wp\/v2\/pages"}],"about":[{"href":"https:\/\/www.bareinternational.com\/es\/wp-json\/wp\/v2\/types\/page"}],"author":[{"embeddable":true,"href":"https:\/\/www.bareinternational.com\/es\/wp-json\/wp\/v2\/users\/5"}],"replies":[{"embeddable":true,"href":"https:\/\/www.bareinternational.com\/es\/wp-json\/wp\/v2\/comments?post=15808"}],"version-history":[{"count":0,"href":"https:\/\/www.bareinternational.com\/es\/wp-json\/wp\/v2\/pages\/15808\/revisions"}],"wp:attachment":[{"href":"https:\/\/www.bareinternational.com\/es\/wp-json\/wp\/v2\/media?parent=15808"}],"curies":[{"name":"wp","href":"https:\/\/api.w.org\/{rel}","templated":true}]}}