{"id":15503,"date":"2017-05-13T04:41:17","date_gmt":"2017-05-13T04:41:17","guid":{"rendered":"https:\/\/bareint.wpenginepowered.com\/?page_id=15503\/"},"modified":"2025-08-07T10:05:52","modified_gmt":"2025-08-07T09:05:52","slug":"solicitar-cotizacion","status":"publish","type":"page","link":"https:\/\/www.bareinternational.com\/es\/solicitar-cotizacion\/","title":{"rendered":"Solicitar Cotizaci\u00f3n"},"content":{"rendered":"<div id='av_section_1'  class='avia-section av-3dd6u2-cbe28c96808d79093764ebfff6db92f6 main_color avia-section-large avia-no-border-styling  avia-builder-el-0  el_before_av_section  avia-builder-el-first  formcustom avia-bg-style-scroll container_wrap sidebar_right'  ><div class='container av-section-cont-open' ><main  role=\"main\" itemprop=\"mainContentOfPage\"  class='template-page content  av-content-small alpha units'><div class='post-entry post-entry-type-page post-entry-15503'><div class='entry-content-wrapper clearfix'>\n\n<style type=\"text\/css\" data-created_by=\"avia_inline_auto\" id=\"style-css-av-38whca-ce4f18dfa09a52015d7fe2a48718a8df\">\n#top .av-special-heading.av-38whca-ce4f18dfa09a52015d7fe2a48718a8df{\npadding-bottom:20px;\nfont-size:70px;\n}\nbody .av-special-heading.av-38whca-ce4f18dfa09a52015d7fe2a48718a8df .av-special-heading-tag .heading-char{\nfont-size:25px;\n}\n#top #wrap_all .av-special-heading.av-38whca-ce4f18dfa09a52015d7fe2a48718a8df .av-special-heading-tag{\nfont-size:70px;\n}\n.av-special-heading.av-38whca-ce4f18dfa09a52015d7fe2a48718a8df .av-subheading{\nfont-size:15px;\n}\n\n@media only screen and (min-width: 480px) and (max-width: 767px){ \n#top #wrap_all .av-special-heading.av-38whca-ce4f18dfa09a52015d7fe2a48718a8df .av-special-heading-tag{\nfont-size:0.8em;\n}\n}\n\n@media only screen and (max-width: 479px){ \n#top #wrap_all .av-special-heading.av-38whca-ce4f18dfa09a52015d7fe2a48718a8df .av-special-heading-tag{\nfont-size:0.8em;\n}\n}\n<\/style>\n<div  class='av-special-heading av-38whca-ce4f18dfa09a52015d7fe2a48718a8df av-special-heading-h1 blockquote modern-quote modern-centered  avia-builder-el-1  el_before_av_one_full  avia-builder-el-first  av-thin-font av-inherit-size'><h1 class='av-special-heading-tag '  itemprop=\"headline\"  >ANALIZANDO TUS NECESIDADES<strong>.<\/strong><\/h1><div class=\"special-heading-border\"><div class=\"special-heading-inner-border\"><\/div><\/div><\/div>\n\n<style type=\"text\/css\" data-created_by=\"avia_inline_auto\" id=\"style-css-av-335k9m-9a83c2d249e3633d62a77464c11c68f0\">\n.flex_column.av-335k9m-9a83c2d249e3633d62a77464c11c68f0{\nborder-radius:0px 0px 0px 0px;\npadding:0px 0px 0px 0px;\n}\n<\/style>\n<div  class='flex_column av-335k9m-9a83c2d249e3633d62a77464c11c68f0 av_one_full  avia-builder-el-2  el_after_av_heading  avia-builder-el-last  first flex_column_div av-zero-column-padding  '     ><section  class='av_textblock_section av-2ww27m-35e00678f8f947cef8ed2e1a7dec565c '   itemscope=\"itemscope\" itemtype=\"https:\/\/schema.org\/CreativeWork\" ><div class='avia_textblock'  itemprop=\"text\" ><p style=\"text-align: center\" data-start=\"100\" data-end=\"260\">Tu negocio es \u00fanico, y nuestras soluciones tambi\u00e9n. Te escuchamos para ofrecer programas de investigaci\u00f3n personalizados que respondan a tus retos m\u00e1s urgentes.<\/p>\n<p style=\"text-align: center\" data-start=\"262\" data-end=\"350\">Nos pondremos en contacto contigo para acordar una cita y conocer mejor tus necesidades.<\/p>\n<\/div><\/section><\/div>\n\n<\/div><\/div><\/main><!-- close content main element --><\/div><\/div>\n<style type=\"text\/css\" data-created_by=\"avia_inline_auto\" id=\"style-css-av-2puugy-3c98b78f6d251a0e506d1218abca51f3\">\n.avia-section.av-2puugy-3c98b78f6d251a0e506d1218abca51f3{\nbackground-repeat:no-repeat;\nbackground-image:url(https:\/\/www.bareinternational.com\/wp-content\/uploads\/2016\/02\/find-out-more-about-mystery-shopping.jpg);\nbackground-position:50% 50%;\nbackground-attachment:fixed;\n}\n.avia-section.av-2puugy-3c98b78f6d251a0e506d1218abca51f3 .av-section-color-overlay{\nopacity:0.9;\nbackground-color:#0a0a0a;\n}\n<\/style>\n<div id='request'  class='avia-section av-2puugy-3c98b78f6d251a0e506d1218abca51f3 alternate_color avia-section-default avia-no-border-styling  avia-builder-el-4  el_after_av_section  el_before_av_layout_row  avia-full-stretch avia-bg-style-fixed av-section-color-overlay-active container_wrap sidebar_right'  data-section-bg-repeat='stretch'><div class=\"av-section-color-overlay-wrap\"><div class=\"av-section-color-overlay\"><\/div><div class='container av-section-cont-open' ><div class='template-page content  av-content-small alpha units'><div class='post-entry post-entry-type-page post-entry-15503'><div class='entry-content-wrapper clearfix'>\n\n<style type=\"text\/css\" data-created_by=\"avia_inline_auto\" id=\"style-css-av-tchw2-be299aacb212597181a38aae07d4f20d\">\n.flex_column.av-tchw2-be299aacb212597181a38aae07d4f20d{\nborder-radius:0px 0px 0px 0px;\npadding:0px 0px 0px 0px;\n}\n<\/style>\n<div  class='flex_column av-tchw2-be299aacb212597181a38aae07d4f20d av_three_fifth  avia-builder-el-5  el_before_av_two_fifth  avia-builder-el-first  first flex_column_div av-zero-column-padding  '     ><style type=\"text\/css\" data-created_by=\"avia_inline_auto\" id=\"style-css-av-2e53lm-90a561253f0fdc92a6495cf470c905f3\">\n#top .av_textblock_section.av-2e53lm-90a561253f0fdc92a6495cf470c905f3 .avia_textblock{\nfont-size:40px;\ncolor:#ffffff;\n}\n\n@media only screen and (min-width: 768px) and (max-width: 989px){ \n#top .av_textblock_section.av-2e53lm-90a561253f0fdc92a6495cf470c905f3 .avia_textblock{\nfont-size:40px;\n}\n}\n<\/style>\n<section  class='av_textblock_section av-2e53lm-90a561253f0fdc92a6495cf470c905f3 '   itemscope=\"itemscope\" itemtype=\"https:\/\/schema.org\/CreativeWork\" ><div class='avia_textblock av_inherit_color'  itemprop=\"text\" ><h2 style=\"text-align: left\"><strong>Cu\u00e9ntanos un poco al respecto&#8230;<\/strong><\/h2>\n<\/div><\/section><br \/>\n<section  class='av_textblock_section av-l6dj1r9a-a10161eecb3bdc823da941f08bee4539 '   itemscope=\"itemscope\" itemtype=\"https:\/\/schema.org\/CreativeWork\" ><div class='avia_textblock'  itemprop=\"text\" ><h4>\u00bfNO SABES POR D\u00d3NDE EMPEZAR?<br data-start=\"28\" data-end=\"31\" \/><a href=\"https:\/\/calendly.com\/amaiorano\">\u00a1PROGRAMA UNA CONSULTA GRATUITA HOY MISMO!<\/a><\/h4>\n<\/div><\/section><\/p><\/div><div  class='flex_column av-kjzlm-6e4d0335675b2bbe5992c2edf7406654 av_two_fifth  avia-builder-el-8  el_after_av_three_fifth  el_before_av_three_fifth  flex_column_div  '     ><section  class='av_textblock_section av-l6dio4w1-aaff2a854305fb931eb9982346ac2633 '   itemscope=\"itemscope\" itemtype=\"https:\/\/schema.org\/CreativeWork\" ><div class='avia_textblock'  itemprop=\"text\" ><p><strong>Cu\u00e9ntanos un poco sobre tu negocio y qu\u00e9 es lo que te preocupa.<\/strong><br data-start=\"63\" data-end=\"66\" \/><strong>Podemos ayudarte.<\/strong><\/p>\n<\/div><\/section><\/div>\n<style type=\"text\/css\" data-created_by=\"avia_inline_auto\" id=\"style-css-av-ers8a-a6a31d9b7a28225e2339c37c9fd0a0b7\">\n.flex_column.av-ers8a-a6a31d9b7a28225e2339c37c9fd0a0b7{\nborder-radius:0px 0px 0px 0px;\npadding:0px 0px 0px 0px;\n}\n<\/style>\n<div  class='flex_column av-ers8a-a6a31d9b7a28225e2339c37c9fd0a0b7 av_three_fifth  avia-builder-el-10  el_after_av_two_fifth  el_before_av_two_fifth  first flex_column_div av-zero-column-padding  '     ><\/div><div  class='flex_column av-cm02q-e42f143889856d43d1a26101d6a62ddc av_two_fifth  avia-builder-el-12  el_after_av_three_fifth  el_before_av_three_fifth  flex_column_div  '     ><style type=\"text\/css\" data-created_by=\"avia_inline_auto\" id=\"style-css-av-l4sxepwm-3583394eb9ce679c184f7122cd84c454\">\n#top .av_textblock_section.av-l4sxepwm-3583394eb9ce679c184f7122cd84c454 .avia_textblock{\ncolor:#ffffff;\n}\n<\/style>\n<section  class='av_textblock_section av-l4sxepwm-3583394eb9ce679c184f7122cd84c454 '   itemscope=\"itemscope\" itemtype=\"https:\/\/schema.org\/CreativeWork\" ><div class='avia_textblock av_inherit_color'  itemprop=\"text\" ><p>\u00bfTe interesa ser Evaluador o Cliente Misterioso? <strong><a href=\"https:\/\/www.bareinternational.com\/es\/evaluadores\/\">Haz clic aqu\u00ed<\/a><\/strong>.<\/p>\n<\/div><\/section><\/div><div  class='flex_column av-9zz1m-d3c7bd9112f30ca8ba05475974bfd3fb av_three_fifth  avia-builder-el-14  el_after_av_two_fifth  avia-builder-el-last  first flex_column_div  '     ><style type=\"text\/css\" data-created_by=\"avia_inline_auto\" id=\"style-css-av-1ejwwy-cf24f9ae5db43a0f95572de18e15a8a3\">\n#top .av_textblock_section.av-1ejwwy-cf24f9ae5db43a0f95572de18e15a8a3 .avia_textblock{\nfont-size:12px;\n}\n<\/style>\n<section  class='av_textblock_section av-1ejwwy-cf24f9ae5db43a0f95572de18e15a8a3 '   itemscope=\"itemscope\" itemtype=\"https:\/\/schema.org\/CreativeWork\" ><div class='avia_textblock'  itemprop=\"text\" ><p>Al hacer clic en el bot\u00f3n \u00abEnviar\u00bb, reconoces que has le\u00eddo y aceptas nuestra <a href=\"https:\/\/www.bareinternational.com\/es\/privacidad-2\/\">Pol\u00edtica de Privacidad<\/a>.<\/p>\n<\/div><\/section><\/div>\n\n<\/div><\/div><\/div><!-- close content main div --><\/div><\/div><\/div><div id='av-layout-grid-1'  class='av-layout-grid-container av-16gpw2-bca66af7720ef275c78685f481017911 entry-content-wrapper main_color av-flex-cells  avia-builder-el-16  el_after_av_section  avia-builder-el-last  grid-row-not-first  container_wrap sidebar_right'  >\n\n<style type=\"text\/css\" data-created_by=\"avia_inline_auto\" id=\"style-css-av-10qj1u-1794b1ddfb33384e7d5616270c69f088\">\n.flex_cell.av-10qj1u-1794b1ddfb33384e7d5616270c69f088{\nvertical-align:middle;\nbackground-color:#da291c;\n}\n.responsive #top #wrap_all .flex_cell.av-10qj1u-1794b1ddfb33384e7d5616270c69f088{\npadding:50px 50px 50px 50px !important;\n}\n<\/style>\n<div class='flex_cell av-10qj1u-1794b1ddfb33384e7d5616270c69f088 av-gridrow-cell av_one_third no_margin  avia-builder-el-17  el_before_av_cell_one_third  avia-builder-el-first  content-align-middle avia-full-stretch'  ><div class='flex_cell_inner'>\n<style type=\"text\/css\" data-created_by=\"avia_inline_auto\" id=\"style-css-av-8ibpu-17752024026c2b8c4d6809b9de4d6c1b\">\n.avia-animated-number.av-8ibpu-17752024026c2b8c4d6809b9de4d6c1b .avia-animated-number-icon.avia-svg-icon svg:first-child{\nfill:#ffffff;\nstroke:#ffffff;\n}\n#top .avia-animated-number.av-8ibpu-17752024026c2b8c4d6809b9de4d6c1b .avia-animated-number-title{\nfont-size:50px;\ncolor:#ffffff;\n}\n#top .avia-animated-number.av-8ibpu-17752024026c2b8c4d6809b9de4d6c1b .avia-animated-number-content{\nfont-size:22px;\ncolor:#444444;\n}\n<\/style>\n<div  class=\"avia-animated-number av-8ibpu-17752024026c2b8c4d6809b9de4d6c1b av-force-default-color avia_animate_when_visible  avia-builder-el-18  avia-builder-el-no-sibling  avia-color-font-custom \" data-timer=\"3000\"><strong class=\"heading avia-animated-number-title\"><span class=\"avia-single-number __av-single-number\" data-number_format=\"\" data-number=\"250\" data-start_from=\"0\">250<\/span><span class=\"avia-no-number\">,<\/span><span class=\"avia-single-number __av-single-number\" data-number_format=\"\" data-number=\"000\" data-start_from=\"0\">000<\/span><span class=\"avia-no-number\">+Evaluaciones<\/span><\/strong><div class=\"avia-animated-number-content\"><p>realizadas en todo el mundo cada mes<\/p>\n<\/div><\/div>\n<\/div><\/div>\n<style type=\"text\/css\" data-created_by=\"avia_inline_auto\" id=\"style-css-av-riaei-aa7be4a88752c120e231538edff2bf03\">\n.flex_cell.av-riaei-aa7be4a88752c120e231538edff2bf03{\nvertical-align:middle;\nbackground-color:#ff9e1b;\n}\n.responsive #top #wrap_all .flex_cell.av-riaei-aa7be4a88752c120e231538edff2bf03{\npadding:50px 50px 50px 50px !important;\n}\n<\/style>\n<div class='flex_cell av-riaei-aa7be4a88752c120e231538edff2bf03 av-gridrow-cell av_one_third no_margin  avia-builder-el-19  el_after_av_cell_one_third  el_before_av_cell_one_third  content-align-middle avia-full-stretch'  ><div class='flex_cell_inner'>\n<style type=\"text\/css\" data-created_by=\"avia_inline_auto\" id=\"style-css-av-ngeuy-c254f1d338e8fab3a5eb587d1a9a1063\">\n.avia-animated-number.av-ngeuy-c254f1d338e8fab3a5eb587d1a9a1063 .avia-animated-number-icon.avia-svg-icon svg:first-child{\nfill:#ffffff;\nstroke:#ffffff;\n}\n#top .avia-animated-number.av-ngeuy-c254f1d338e8fab3a5eb587d1a9a1063 .avia-animated-number-title{\nfont-size:50px;\ncolor:#ffffff;\n}\n#top .avia-animated-number.av-ngeuy-c254f1d338e8fab3a5eb587d1a9a1063 .avia-animated-number-content{\nfont-size:22px;\ncolor:#444444;\n}\n<\/style>\n<div  class=\"avia-animated-number av-ngeuy-c254f1d338e8fab3a5eb587d1a9a1063 av-force-default-color avia_animate_when_visible  avia-builder-el-20  avia-builder-el-no-sibling  avia-color-font-custom \" data-timer=\"3000\"><strong class=\"heading avia-animated-number-title\"><span class=\"avia-single-number __av-single-number\" data-number_format=\"\" data-number=\"13\" data-start_from=\"0\">13<\/span><span class=\"avia-no-number\">Oficinas<\/span><\/strong><div class=\"avia-animated-number-content\"><p>en todo el mundo<\/p>\n<\/div><\/div>\n<\/div><\/div>\n<style type=\"text\/css\" data-created_by=\"avia_inline_auto\" id=\"style-css-av-gu80i-56b1d42833f038630333af47f99a7a5d\">\n.flex_cell.av-gu80i-56b1d42833f038630333af47f99a7a5d{\nvertical-align:middle;\nbackground-color:#7474c1;\n}\n.responsive #top #wrap_all .flex_cell.av-gu80i-56b1d42833f038630333af47f99a7a5d{\npadding:50px 50px 50px 50px !important;\n}\n<\/style>\n<div class='flex_cell av-gu80i-56b1d42833f038630333af47f99a7a5d av-gridrow-cell av_one_third no_margin  avia-builder-el-21  el_after_av_cell_one_third  avia-builder-el-last  content-align-middle avia-full-stretch'  ><div class='flex_cell_inner'>\n<style type=\"text\/css\" data-created_by=\"avia_inline_auto\" id=\"style-css-av-xefqy-1fd8dc997c405723e7117b6a31b8fb97\">\n.avia-animated-number.av-xefqy-1fd8dc997c405723e7117b6a31b8fb97 .avia-animated-number-icon.avia-svg-icon svg:first-child{\nfill:#ffffff;\nstroke:#ffffff;\n}\n#top .avia-animated-number.av-xefqy-1fd8dc997c405723e7117b6a31b8fb97 .avia-animated-number-title{\nfont-size:50px;\ncolor:#ffffff;\n}\n#top .avia-animated-number.av-xefqy-1fd8dc997c405723e7117b6a31b8fb97 .avia-animated-number-content{\nfont-size:22px;\ncolor:#444444;\n}\n<\/style>\n<div  class=\"avia-animated-number av-xefqy-1fd8dc997c405723e7117b6a31b8fb97 av-force-default-color avia_animate_when_visible  avia-builder-el-22  avia-builder-el-no-sibling  avia-color-font-custom \" data-timer=\"3000\"><strong class=\"heading avia-animated-number-title\"><span class=\"avia-single-number __av-single-number\" data-number_format=\"\" data-number=\"165\" data-start_from=\"0\">165<\/span><span class=\"avia-no-number\">Pa\u00edses<\/span><\/strong><div class=\"avia-animated-number-content\"><p>en la red de BARE<\/p>\n<\/div><\/div>\n<\/div><\/div><\/div>\n","protected":false},"excerpt":{"rendered":"","protected":false},"author":5,"featured_media":0,"parent":0,"menu_order":0,"comment_status":"closed","ping_status":"closed","template":"","meta":{"footnotes":""},"class_list":["post-15503","page","type-page","status-publish","hentry"],"_links":{"self":[{"href":"https:\/\/www.bareinternational.com\/es\/wp-json\/wp\/v2\/pages\/15503","targetHints":{"allow":["GET"]}}],"collection":[{"href":"https:\/\/www.bareinternational.com\/es\/wp-json\/wp\/v2\/pages"}],"about":[{"href":"https:\/\/www.bareinternational.com\/es\/wp-json\/wp\/v2\/types\/page"}],"author":[{"embeddable":true,"href":"https:\/\/www.bareinternational.com\/es\/wp-json\/wp\/v2\/users\/5"}],"replies":[{"embeddable":true,"href":"https:\/\/www.bareinternational.com\/es\/wp-json\/wp\/v2\/comments?post=15503"}],"version-history":[{"count":0,"href":"https:\/\/www.bareinternational.com\/es\/wp-json\/wp\/v2\/pages\/15503\/revisions"}],"wp:attachment":[{"href":"https:\/\/www.bareinternational.com\/es\/wp-json\/wp\/v2\/media?parent=15503"}],"curies":[{"name":"wp","href":"https:\/\/api.w.org\/{rel}","templated":true}]}}