{"id":31419,"date":"2025-08-07T17:52:41","date_gmt":"2025-08-07T16:52:41","guid":{"rendered":"https:\/\/bareint.wpenginepowered.com\/client-login-portal\/"},"modified":"2025-08-29T06:37:41","modified_gmt":"2025-08-29T05:37:41","slug":"klienten-login","status":"publish","type":"page","link":"https:\/\/www.bareinternational.com\/de\/klienten-login\/","title":{"rendered":"Klienten-Login"},"content":{"rendered":"<div class='clear'><\/div><div id='sub_menu1'  class='av-submenu-container av-wvhy42d-1e300ac9ac091d512ad41e67a3fc708a main_color  avia-builder-el-0  el_before_av_section  avia-builder-el-first  av-sticky-submenu container_wrap sidebar_right' style='z-index:301' ><div class='container av-menu-mobile-disabled av-submenu-pos-center'><ul id='av-custom-submenu-1' class='av-subnav-menu' role='menu'>\n<li class='menu-item av-whw2nit-3ff29c622868a99d557c6379ea175f12 menu-item-top-level menu-item-top-level-1' role='menuitem'><a href='\/de\/klienten-login\/#apollo'  ><span class='avia-bullet'><\/span><span class='avia-menu-text'>Apollo Login<\/span><\/a><\/li>\n<li class='menu-item av-w09iuz9-5fb42287c53e5db7d148669a004b010d menu-item-top-level menu-item-top-level-2' role='menuitem'><a href='\/de\/klienten-login\/#shopmetrics'  ><span class='avia-bullet'><\/span><span class='avia-menu-text'>Shopmetrics Login<\/span><\/a><\/li>\n<\/ul><\/div><\/div><div class='sticky_placeholder'><\/div>\n<div id='about-us'  class='avia-section av-vjyhgid-0c00ef8d3fb63ba1aacdb4aa378de814 main_color avia-section-large avia-no-border-styling  avia-builder-el-1  el_after_av_submenu  el_before_av_layout_row  avia-bg-style-scroll container_wrap sidebar_right'  ><div class='container av-section-cont-open' ><div class='template-page content  av-content-small alpha units'><div class='post-entry post-entry-type-page post-entry-31419'><div class='entry-content-wrapper clearfix'>\n\n<style type=\"text\/css\" data-created_by=\"avia_inline_auto\" id=\"style-css-av-ux0rdmd-86f94700e4b971f44e57bbca206929b2\">\n#top .av-special-heading.av-ux0rdmd-86f94700e4b971f44e57bbca206929b2{\npadding-bottom:30px;\nfont-size:70px;\n}\nbody .av-special-heading.av-ux0rdmd-86f94700e4b971f44e57bbca206929b2 .av-special-heading-tag .heading-char{\nfont-size:25px;\n}\n#top #wrap_all .av-special-heading.av-ux0rdmd-86f94700e4b971f44e57bbca206929b2 .av-special-heading-tag{\nfont-size:70px;\n}\n.av-special-heading.av-ux0rdmd-86f94700e4b971f44e57bbca206929b2 .av-subheading{\nfont-size:15px;\n}\n\n@media only screen and (min-width: 480px) and (max-width: 767px){ \n#top #wrap_all .av-special-heading.av-ux0rdmd-86f94700e4b971f44e57bbca206929b2 .av-special-heading-tag{\nfont-size:0.8em;\n}\n}\n\n@media only screen and (max-width: 479px){ \n#top #wrap_all .av-special-heading.av-ux0rdmd-86f94700e4b971f44e57bbca206929b2 .av-special-heading-tag{\nfont-size:0.8em;\n}\n}\n<\/style>\n<div  class='av-special-heading av-ux0rdmd-86f94700e4b971f44e57bbca206929b2 av-special-heading-h1 blockquote modern-quote  avia-builder-el-2  el_before_av_textblock  avia-builder-el-first  av-thin-font av-inherit-size'><h1 class='av-special-heading-tag '  itemprop=\"headline\"  >Kunden-Login-Portal<strong>.<\/strong><\/h1><div class=\"special-heading-border\"><div class=\"special-heading-inner-border\"><\/div><\/div><\/div>\n<section  id=\"becomeanevaluator\"  class='av_textblock_section av-unqxmqd-24b5d214085e29d92d517a3a267f91a9 '   itemscope=\"itemscope\" itemtype=\"https:\/\/schema.org\/CreativeWork\" ><div class='avia_textblock'  itemprop=\"text\" ><p data-start=\"118\" data-end=\"292\">BARE International bietet zwei verschiedene Kunden-Login-Portale an. Jede Plattform unterst\u00fctzt unterschiedliche Programmtypen. Daher ist es wichtig, die f\u00fcr Ihr Projekt passende Plattform zu verwenden.<\/p>\n<h3 data-start=\"294\" data-end=\"612\"><strong data-start=\"297\" data-end=\"319\">Apollo<\/strong><\/h3>\n<p data-start=\"294\" data-end=\"612\">Wird haupts\u00e4chlich f\u00fcr langj\u00e4hrige Programme und Konten verwendet, die urspr\u00fcnglich auf der Appollo-Plattform eingerichtet wurden. Wenn Ihre Berichte bisher von Apollo stammten, ist dies wahrscheinlich Ihr Portal.<\/p>\n<h3 data-start=\"614\" data-end=\"991\"><strong data-start=\"617\" data-end=\"632\">Shopmetrics<\/strong><\/h3>\n<p data-start=\"614\" data-end=\"991\">Dieses Portal wurde f\u00fcr neuere Programme und erweiterte Berichtsumgebungen entwickelt und bietet eine moderne, anpassbare Oberfl\u00e4che und erweiterte Funktionen. Wenn Ihr Programm k\u00fcrzlich gestartet oder umgestellt wurde, verwenden Sie wahrscheinlich Shopmetrics.<\/p>\n<h3 data-start=\"998\" data-end=\"1165\"><strong data-start=\"998\" data-end=\"1028\">Sie sind sich nicht sicher, welches Portal Sie verwenden sollen?<\/strong><\/h3>\n<p data-start=\"998\" data-end=\"1165\">Keine Sorge \u2013 wenden Sie sich einfach an Ihren BARE International-Ansprechpartner (POC), und wir finden die richtige Plattform f\u00fcr Ihr Programm.<\/p>\n<\/div><\/section>\n<div  class='hr av-2zpxfpx-399f6216344070d47b28ca0f77abfe5a hr-full  avia-builder-el-4  el_after_av_textblock  el_before_av_two_third  hr-no-shadow'><span class='hr-inner '><span class=\"hr-inner-style\"><\/span><\/span><\/div>\n\n<style type=\"text\/css\" data-created_by=\"avia_inline_auto\" id=\"style-css-av-tk75mol-02a7c3f4291529a0c6545468eb10ee91\">\n.flex_column.av-tk75mol-02a7c3f4291529a0c6545468eb10ee91{\nborder-radius:0px 0px 0px 0px;\npadding:0px 0px 0px 0px;\n}\n<\/style>\n<div  id=\"apollo\"  class='flex_column av-tk75mol-02a7c3f4291529a0c6545468eb10ee91 av_two_third  avia-builder-el-5  el_after_av_hr  el_before_av_hr  first flex_column_div av-zero-column-padding  '     ><section  class='av_textblock_section av-t5rc2et-a99c777e2bb401c02933c7289befa2b7 '   itemscope=\"itemscope\" itemtype=\"https:\/\/schema.org\/CreativeWork\" ><div class='avia_textblock'  itemprop=\"text\" ><h2>Apollo Login<\/h2>\n<\/div><\/section><br \/>\n<div  class='avia-button-wrap av-spq4bf9-43baa6ecd13492f6a0303a7803787f19-wrap avia-button-left  avia-builder-el-7  el_after_av_textblock  avia-builder-el-last '><a href='https:\/\/www.apollo.bareinternational.com\/clients\/LoginClient.norm.php?_gl=1*zwe51*_ga*OTc3MTE5NjMxLjE3NDk2NjM4NzU.*_ga_GE3VY2131M*czE3NDk2NjM4NzUkbzEkZzAkdDE3NDk2NjM4ODYkajYwJGwwJGgw*_gcl_au*MTY4ODUxMDEwLjE3NDk2NjM4Nzg.'  class='avia-button av-spq4bf9-43baa6ecd13492f6a0303a7803787f19 av-link-btn avia-icon_select-no avia-size-large avia-position-left av-icon-on-hover avia-color-theme-color'  target=\"_blank\"  rel=\"noopener noreferrer\"  aria-label=\"APOLLO LOGIN\"><span class='avia_iconbox_title' >APOLLO LOGIN<\/span><\/a><\/div><\/p><\/div><div  class='hr av-s3mthjp-a20db6a6a731c68f1777703d13e75539 hr-full  avia-builder-el-8  el_after_av_two_third  el_before_av_one_full  hr-no-shadow'><span class='hr-inner '><span class=\"hr-inner-style\"><\/span><\/span><\/div>\n\n<style type=\"text\/css\" data-created_by=\"avia_inline_auto\" id=\"style-css-av-9z11w5-83b22d90f95c45562a4e0bf10cdb387d\">\n.flex_column.av-9z11w5-83b22d90f95c45562a4e0bf10cdb387d{\nborder-radius:0px 0px 0px 0px;\npadding:0px 0px 0px 0px;\n}\n<\/style>\n<div  id=\"shopmetrics\"  class='flex_column av-9z11w5-83b22d90f95c45562a4e0bf10cdb387d av_one_full  avia-builder-el-9  el_after_av_hr  avia-builder-el-last  first flex_column_div av-zero-column-padding  '     ><section  class='av_textblock_section av-ri81psl-a8a784cddce96f7e37de3e06fc6d3cca '   itemscope=\"itemscope\" itemtype=\"https:\/\/schema.org\/CreativeWork\" ><div class='avia_textblock'  itemprop=\"text\" ><h2>Shopmetrics Login<\/h2>\n<\/div><\/section><br \/>\n<div  class='avia-table av-qycxz3p-5baec204aa6a22edf9f7956edd8a0e75 main_color avia-pricing-table-container avia_show_empty_cells avia_pricing_default  avia-builder-el-11  el_after_av_textblock  avia-builder-el-last  avia-table-1'  itemscope=\"itemscope\" itemtype=\"https:\/\/schema.org\/Table\" ><div class=\"pricing-table-wrap\"><ul class='pricing-table '><li class=''><div class='first-table-item'><\/p>\n<h3 data-start=\"294\" data-end=\"612\"><strong data-start=\"297\" data-end=\"319\">Americas<\/strong><\/h3>\n<p>North, Central, and South<\/div><span class='pricing-extra'><\/span><\/li><li class=''>North America<a style=\"color: #ef4123; text-decoration: underline;\" href=\"https:\/\/na.bareinternational.com\/auth\/index.asp#login\"><br \/>\nna.bareinternational.com<\/a><\/li><li class=''>Brazil<a style=\"color: #ef4123; text-decoration: underline;\" href=\"https:\/\/br.bareinternational.com\/auth\/index.asp#login\"><br \/>\nbr.bareinternational.com<br \/>\n<\/a><\/li><li class=''>LATAM <a style=\"color: #ef4123; text-decoration: underline;\" href=\"https:\/\/latam.bareinternational.com\/auth\/index.asp#login\"><br \/>\nlatam.bareinternational.com<br \/>\n<\/a><\/li><\/ul><\/div><div class=\"pricing-table-wrap\"><ul class='pricing-table '><li class=''><div class='first-table-item'><\/p>\n<h3 data-start=\"294\" data-end=\"612\"><strong data-start=\"297\" data-end=\"319\">EMEA<\/strong><\/h3>\n<p>Europe, Middle East, and Africa<\/div><span class='pricing-extra'><\/span><\/li><li class=''>Europe<a style=\"color: #ef4123; text-decoration: underline;\" href=\"https:\/\/eu.bareinternational.com\/auth\/index.asp#login\"><br \/>\neu.bareinternational.com<br \/>\n<\/a><\/li><li class=''>Middle East <a style=\"color: #ef4123; text-decoration: underline;\" href=\"https:\/\/me.bareinternational.com\/auth\/index.asp#login\"><br \/>\nme.bareinternational.com<br \/>\n<\/a><\/li><li class=' empty-table-cell'><span class='fallback-table-val'>LATAM <a style=\"color: #ef4123; text-decoration: underline;\" href=\"https:\/\/latam.bareinternational.com\/auth\/index.asp#login\"><br \/>\nlatam.bareinternational.com<br \/>\n<\/a><\/span><\/li><\/ul><\/div><div class=\"pricing-table-wrap\"><ul class='pricing-table '><li class=''><div class='first-table-item'><\/p>\n<h3 data-start=\"294\" data-end=\"612\"><strong data-start=\"297\" data-end=\"319\">APAC<\/strong><\/h3>\n<p>East Asia, South Asia, Southeast Asia, and Oceania<\/div><span class='pricing-extra'><\/span><\/li><li class=''>China (Coming soon!) <a style=\"color: #ef4123; text-decoration: underline;\" href=\"https:\/\/cn.bareinternational.com\/auth\/index.asp#login\"><br \/>\ncn.bareinternational.com<br \/>\n<\/a><\/li><li class=''>India <a style=\"color: #ef4123; text-decoration: underline;\" href=\"https:\/\/in.bareinternational.com\/auth\/index.asp#login\"><br \/>\nin.bareinternational.com<br \/>\n<\/a><\/li><li class=''>Singapore <a style=\"color: #ef4123; text-decoration: underline;\" href=\"https:\/\/sg.bareinternational.com\/auth\/index.asp#login\"><br \/>\nsg.bareinternational.com<br \/>\n<\/a><\/li><\/ul><\/div><\/div><\/p><\/div>\n\n<\/div><\/div><\/div><!-- close content main div --><\/div><\/div><div id='av-layout-grid-1'  class='av-layout-grid-container av-av_layout_row-caf1f26e08707a2ebe9176b630e736c2 entry-content-wrapper main_color av-flex-cells  avia-builder-el-12  el_after_av_section  avia-builder-el-last  grid-row-not-first  container_wrap sidebar_right'  >\n\n<style type=\"text\/css\" data-created_by=\"avia_inline_auto\" id=\"style-css-av-av_cell_one_third-e0b12a0d38574f55d296603f5bb31e09\">\n.flex_cell.av-av_cell_one_third-e0b12a0d38574f55d296603f5bb31e09{\nvertical-align:middle;\nbackground-color:#da291c;\n}\n.responsive #top #wrap_all .flex_cell.av-av_cell_one_third-e0b12a0d38574f55d296603f5bb31e09{\npadding:50px 50px 50px 50px !important;\n}\n<\/style>\n<div class='flex_cell av-av_cell_one_third-e0b12a0d38574f55d296603f5bb31e09 av-gridrow-cell av_one_third no_margin  avia-builder-el-13  el_before_av_cell_one_third  avia-builder-el-first  content-align-middle avia-full-stretch'  ><div class='flex_cell_inner'>\n<style type=\"text\/css\" data-created_by=\"avia_inline_auto\" id=\"style-css-av-av_animated_numbers-79aaeae08d7743795d305b211982684f\">\n.avia-animated-number.av-av_animated_numbers-79aaeae08d7743795d305b211982684f .avia-animated-number-icon.avia-svg-icon svg:first-child{\nfill:#ffffff;\nstroke:#ffffff;\n}\n#top .avia-animated-number.av-av_animated_numbers-79aaeae08d7743795d305b211982684f .avia-animated-number-title{\nfont-size:50px;\ncolor:#ffffff;\n}\n#top .avia-animated-number.av-av_animated_numbers-79aaeae08d7743795d305b211982684f .avia-animated-number-content{\nfont-size:22px;\ncolor:#444444;\n}\n<\/style>\n<div  class=\"avia-animated-number av-av_animated_numbers-79aaeae08d7743795d305b211982684f av-force-default-color avia_animate_when_visible  avia-builder-el-14  avia-builder-el-no-sibling  avia-color-font-custom \" data-timer=\"3000\"><strong class=\"heading avia-animated-number-title\"><span class=\"avia-single-number __av-single-number\" data-number_format=\"\" data-number=\"250\" data-start_from=\"0\">250<\/span><span class=\"avia-no-number\">.<\/span><span class=\"avia-single-number __av-single-number\" data-number_format=\"\" data-number=\"000\" data-start_from=\"0\">000<\/span><span class=\"avia-no-number\"> Testk\u00e4ufe<\/span><\/strong><div class=\"avia-animated-number-content\"><p>j\u00e4hrlich weltweit<\/p>\n<\/div><\/div>\n<\/div><\/div>\n<style type=\"text\/css\" data-created_by=\"avia_inline_auto\" id=\"style-css-av-av_cell_one_third-cd23fdc82ac140e61d64f63b27d15077\">\n.flex_cell.av-av_cell_one_third-cd23fdc82ac140e61d64f63b27d15077{\nvertical-align:middle;\nbackground-color:#ff9e1b;\n}\n.responsive #top #wrap_all .flex_cell.av-av_cell_one_third-cd23fdc82ac140e61d64f63b27d15077{\npadding:50px 50px 50px 50px !important;\n}\n<\/style>\n<div class='flex_cell av-av_cell_one_third-cd23fdc82ac140e61d64f63b27d15077 av-gridrow-cell av_one_third no_margin  avia-builder-el-15  el_after_av_cell_one_third  el_before_av_cell_one_third  content-align-middle avia-full-stretch'  ><div class='flex_cell_inner'>\n<style type=\"text\/css\" data-created_by=\"avia_inline_auto\" id=\"style-css-av-av_animated_numbers-0d2de3c74213e94131a35414fd2c04ea\">\n.avia-animated-number.av-av_animated_numbers-0d2de3c74213e94131a35414fd2c04ea .avia-animated-number-icon.avia-svg-icon svg:first-child{\nfill:#ffffff;\nstroke:#ffffff;\n}\n#top .avia-animated-number.av-av_animated_numbers-0d2de3c74213e94131a35414fd2c04ea .avia-animated-number-title{\nfont-size:50px;\ncolor:#ffffff;\n}\n#top .avia-animated-number.av-av_animated_numbers-0d2de3c74213e94131a35414fd2c04ea .avia-animated-number-content{\nfont-size:22px;\ncolor:#444444;\n}\n<\/style>\n<div  class=\"avia-animated-number av-av_animated_numbers-0d2de3c74213e94131a35414fd2c04ea av-force-default-color avia_animate_when_visible  avia-builder-el-16  avia-builder-el-no-sibling  avia-color-font-custom \" data-timer=\"3000\"><strong class=\"heading avia-animated-number-title\"><span class=\"avia-single-number __av-single-number\" data-number_format=\"\" data-number=\"13\" data-start_from=\"0\">13<\/span><span class=\"avia-no-number\"> B\u00fcros<\/span><\/strong><div class=\"avia-animated-number-content\"><p>auf der ganzen welt<\/p>\n<\/div><\/div>\n<\/div><\/div>\n<style type=\"text\/css\" data-created_by=\"avia_inline_auto\" id=\"style-css-av-av_cell_one_third-c703b13345664433a2acd0a08f527a49\">\n.flex_cell.av-av_cell_one_third-c703b13345664433a2acd0a08f527a49{\nvertical-align:middle;\nbackground-color:#7474c1;\n}\n.responsive #top #wrap_all .flex_cell.av-av_cell_one_third-c703b13345664433a2acd0a08f527a49{\npadding:50px 50px 50px 50px !important;\n}\n<\/style>\n<div class='flex_cell av-av_cell_one_third-c703b13345664433a2acd0a08f527a49 av-gridrow-cell av_one_third no_margin  avia-builder-el-17  el_after_av_cell_one_third  avia-builder-el-last  content-align-middle avia-full-stretch'  ><div class='flex_cell_inner'>\n<style type=\"text\/css\" data-created_by=\"avia_inline_auto\" id=\"style-css-av-av_animated_numbers-61ccce103eb3b8f6cbc46197ba6379f0\">\n.avia-animated-number.av-av_animated_numbers-61ccce103eb3b8f6cbc46197ba6379f0 .avia-animated-number-icon.avia-svg-icon svg:first-child{\nfill:#ffffff;\nstroke:#ffffff;\n}\n#top .avia-animated-number.av-av_animated_numbers-61ccce103eb3b8f6cbc46197ba6379f0 .avia-animated-number-title{\nfont-size:50px;\ncolor:#ffffff;\n}\n#top .avia-animated-number.av-av_animated_numbers-61ccce103eb3b8f6cbc46197ba6379f0 .avia-animated-number-content{\nfont-size:22px;\ncolor:#444444;\n}\n<\/style>\n<div  class=\"avia-animated-number av-av_animated_numbers-61ccce103eb3b8f6cbc46197ba6379f0 av-force-default-color avia_animate_when_visible  avia-builder-el-18  avia-builder-el-no-sibling  avia-color-font-custom \" data-timer=\"3000\"><strong class=\"heading avia-animated-number-title\"><span class=\"avia-single-number __av-single-number\" data-number_format=\"\" data-number=\"165\" data-start_from=\"0\">165<\/span><span class=\"avia-no-number\"> L\u00e4nder<\/span><\/strong><div class=\"avia-animated-number-content\"><p>im BARE-netzwerk<\/p>\n<\/div><\/div>\n<\/div><\/div>\n<\/div>\n","protected":false},"excerpt":{"rendered":"","protected":false},"author":5,"featured_media":0,"parent":0,"menu_order":0,"comment_status":"closed","ping_status":"closed","template":"","meta":{"footnotes":""},"class_list":["post-31419","page","type-page","status-publish","hentry"],"_links":{"self":[{"href":"https:\/\/www.bareinternational.com\/de\/wp-json\/wp\/v2\/pages\/31419","targetHints":{"allow":["GET"]}}],"collection":[{"href":"https:\/\/www.bareinternational.com\/de\/wp-json\/wp\/v2\/pages"}],"about":[{"href":"https:\/\/www.bareinternational.com\/de\/wp-json\/wp\/v2\/types\/page"}],"author":[{"embeddable":true,"href":"https:\/\/www.bareinternational.com\/de\/wp-json\/wp\/v2\/users\/5"}],"replies":[{"embeddable":true,"href":"https:\/\/www.bareinternational.com\/de\/wp-json\/wp\/v2\/comments?post=31419"}],"version-history":[{"count":0,"href":"https:\/\/www.bareinternational.com\/de\/wp-json\/wp\/v2\/pages\/31419\/revisions"}],"wp:attachment":[{"href":"https:\/\/www.bareinternational.com\/de\/wp-json\/wp\/v2\/media?parent=31419"}],"curies":[{"name":"wp","href":"https:\/\/api.w.org\/{rel}","templated":true}]}}