{"id":15818,"date":"2017-05-15T07:08:36","date_gmt":"2017-05-15T07:08:36","guid":{"rendered":"https:\/\/bareint.wpenginepowered.com\/?page_id=15818\/"},"modified":"2019-11-05T17:00:53","modified_gmt":"2019-11-05T16:00:53","slug":"fallstudie-agenturdienstleistungen","status":"publish","type":"page","link":"https:\/\/www.bareinternational.com\/de\/fallstudien\/fallstudie-agenturdienstleistungen\/","title":{"rendered":"Fallstudie: Agenturdienstleistungen"},"content":{"rendered":"<div id='av_section_1'  class='avia-section av-av_section-904bb5ee42ac57043a00f017a7dcda7f main_color avia-section-large avia-no-border-styling  avia-builder-el-0  el_before_av_layout_row  avia-builder-el-first  clservices avia-bg-style-scroll container_wrap sidebar_right'  ><div class='container av-section-cont-open' ><main  role=\"main\" itemprop=\"mainContentOfPage\"  class='template-page content  av-content-small alpha units'><div class='post-entry post-entry-type-page post-entry-15818'><div class='entry-content-wrapper clearfix'>\n\n<style type=\"text\/css\" data-created_by=\"avia_inline_auto\" id=\"style-css-av-av_one_half-b18ec1635791c30194c2fc90ea77ba9c\">\n.flex_column.av-av_one_half-b18ec1635791c30194c2fc90ea77ba9c{\nborder-radius:0px 0px 0px 0px;\npadding:0px 0px 0px 0px;\n}\n<\/style>\n<div  class='flex_column av-av_one_half-b18ec1635791c30194c2fc90ea77ba9c av_one_half  avia-builder-el-1  el_before_av_one_fourth  avia-builder-el-first  first flex_column_div av-zero-column-padding  '     ><p>\n<style type=\"text\/css\" data-created_by=\"avia_inline_auto\" id=\"style-css-av-av_heading-6d19487cee716c2a4018d90f8db9d4fd\">\n#top .av-special-heading.av-av_heading-6d19487cee716c2a4018d90f8db9d4fd{\npadding-bottom:0;\nfont-size:50px;\n}\nbody .av-special-heading.av-av_heading-6d19487cee716c2a4018d90f8db9d4fd .av-special-heading-tag .heading-char{\nfont-size:25px;\n}\n#top #wrap_all .av-special-heading.av-av_heading-6d19487cee716c2a4018d90f8db9d4fd .av-special-heading-tag{\nfont-size:50px;\n}\n.av-special-heading.av-av_heading-6d19487cee716c2a4018d90f8db9d4fd .av-subheading{\nfont-size:15px;\n}\n\n@media only screen and (min-width: 480px) and (max-width: 767px){ \n#top #wrap_all .av-special-heading.av-av_heading-6d19487cee716c2a4018d90f8db9d4fd .av-special-heading-tag{\nfont-size:0.8em;\n}\n}\n\n@media only screen and (max-width: 479px){ \n#top #wrap_all .av-special-heading.av-av_heading-6d19487cee716c2a4018d90f8db9d4fd .av-special-heading-tag{\nfont-size:0.8em;\n}\n}\n<\/style>\n<div  class='av-special-heading av-av_heading-6d19487cee716c2a4018d90f8db9d4fd av-special-heading-h1 blockquote modern-quote  avia-builder-el-2  el_before_av_textblock  avia-builder-el-first  av-thin-font av-inherit-size'><h1 class='av-special-heading-tag '  itemprop=\"headline\"  >FALLSTUDIE <strong>AGENTUR DIENSTLEISTUNGEN.<\/strong><\/h1><div class=\"special-heading-border\"><div class=\"special-heading-inner-border\"><\/div><\/div><\/div><br \/>\n<section  class='av_textblock_section av-av_textblock-35972167d9f102c5ddaec0c531c98b9e '   itemscope=\"itemscope\" itemtype=\"https:\/\/schema.org\/CreativeWork\" ><div class='avia_textblock'  itemprop=\"text\" ><p>Die Ergebnisse von BARE lieferten dem Kunden die Datenanalyse zusammen mit umsetzbaren Posten sowie Verbesserungsfeldern f\u00fcr bestimmte Mitarbeiter und Teams insgesamt.<\/p>\n<p>Lesen Sie die Fallstudie unten oder laden Sie die PDF-Version nach rechts herunter.<\/p>\n<\/div><\/section><br \/>\n<div  class='togglecontainer av-av_toggle_container-ae92349136806bb0fea451f1df9a21af  avia-builder-el-4  el_after_av_textblock  avia-builder-el-last ' >\n<section class='av_toggle_section av-av_toggle-fb747f220f63b354ba92efce50834f83'  itemscope=\"itemscope\" itemtype=\"https:\/\/schema.org\/CreativeWork\" ><div role=\"tablist\" class=\"single_toggle\" data-tags=\"{Alle} \"  ><p id='toggle-toggle-id-1' data-fake-id='#toggle-id-1' class='toggler  activeTitle av-title-above '  itemprop=\"headline\"  role='tab' tabindex='0' aria-controls='toggle-id-1' data-slide-speed=\"200\" data-title=\"Client-Herausforderung\" data-title-open=\"\" data-aria_collapsed=\"Click to expand: Client-Herausforderung\" data-aria_expanded=\"Click to collapse: Client-Herausforderung\">Client-Herausforderung<span class=\"toggle_icon\"><span class=\"vert_icon\"><\/span><span class=\"hor_icon\"><\/span><\/span><\/p><div id='toggle-id-1' aria-labelledby='toggle-toggle-id-1' role='region' class='toggle_wrap  active_tc av-title-above' style='display:block;' ><div class='toggle_content invers-color '  itemprop=\"text\" ><p>Ein globales Marktforschungsunternehmen, das in Verbindung mit einem globalen Kreditkartenunternehmen und einer gro\u00dfen Fluggesellschaft zusammenkam, um Karteninhabern zu erlauben, Kaufpunkte f\u00fcr Flugmeilen \/ Reisen einl\u00f6sen zu lassen. Das Unternehmen hatte eine einmalige Gelegenheit, ihre Kreditkartenstandorte zu auditieren. Das Unternehmen richtete Kiosk-Tische an Flugh\u00e4fen in den USA ein, die mit Mitarbeitern zw\u00f6lf Stunden pro Tag, sieben Tage pro Woche, besetzt waren. Ziel war es, den Kreditkartenantrag von Anfang bis Ende besser zu verstehen: ob die Mitarbeiter die richtigen Fragen stellten, die richtigen Details sammelten und die pers\u00f6nlichen Daten diskret sammelten und verarbeiteten, wie sie trainiert wurden.<\/p>\n<p>Das Unternehmen erwartet, dass ein signifikanter ROI nach der Zeit und Geld in die Ausbildung investiert und ein Marketing-Plan der Verfolgung Flughafen-Kioske zu sehen. Nach einem vollen Viertel des \u00fcberarbeiteten Programms blieben die Umsatzzahlen und die Antr\u00e4ge niedrig. Vorherige Messungen des Ausbildungsprozesses hatten gezeigt, dass die Mitarbeiter in den Kreditkartendetails und den Vorteilen der Reisenden gut vertraut waren, sowie bei der Kundenbeteiligung.<\/p>\n<\/div><\/div><\/div><\/section>\n<section class='av_toggle_section av-av_toggle-f2e0ae62f0beceaa716c657d1c5a50d0'  itemscope=\"itemscope\" itemtype=\"https:\/\/schema.org\/CreativeWork\" ><div role=\"tablist\" class=\"single_toggle\" data-tags=\"{Alle} \"  ><p id='toggle-toggle-id-2' data-fake-id='#toggle-id-2' class='toggler  av-title-above '  itemprop=\"headline\"  role='tab' tabindex='0' aria-controls='toggle-id-2' data-slide-speed=\"200\" data-title=\"L\u00f6sung\" data-title-open=\"\" data-aria_collapsed=\"Click to expand: L\u00f6sung\" data-aria_expanded=\"Click to collapse: L\u00f6sung\">L\u00f6sung<span class=\"toggle_icon\"><span class=\"vert_icon\"><\/span><span class=\"hor_icon\"><\/span><\/span><\/p><div id='toggle-id-2' aria-labelledby='toggle-toggle-id-2' role='region' class='toggle_wrap  av-title-above'  ><div class='toggle_content invers-color '  itemprop=\"text\" ><p>Die erste Herausforderung bestand darin, die Trennung zwischen dem Training und dem, was auf dem Feld passierte, zu identifizieren. Eine weitere Herausforderung war, dass neue Karteninhaber mit einer zunehmenden Anzahl von Anfragen angerufen wurden; Dass sie w\u00e4hrend der Standard-Verkaufsdiskussion nicht \u00fcber spezifische Details informiert wurden.<\/p>\n<p>BARE International konnte den Kunden mit einer Methodik unterst\u00fctzen, um die aktuellen internen Coaching-Programme zu \u00fcberpr\u00fcfen. Das Ziel war es, Schl\u00fcsselpositionen aus den Audits zu ziehen und es dem Kunden zu erm\u00f6glichen, Mitarbeiter zu vermitteln, wie man Standards und Prozeduren des Unternehmensvertriebszyklus verst\u00e4rkt (z. B. die Abwicklung von Kunden, die Bereitstellung von Informationen und die Bereitstellung einer vollst\u00e4ndigen Kreditkartenanwendung), w\u00e4hrend sie das Kreditkartenbewusstsein erziehen .<\/p>\n<\/div><\/div><\/div><\/section>\n<section class='av_toggle_section av-av_toggle-94178afd1dd3b14f6f8a7ff5fbef446e'  itemscope=\"itemscope\" itemtype=\"https:\/\/schema.org\/CreativeWork\" ><div role=\"tablist\" class=\"single_toggle\" data-tags=\"{Alle} \"  ><p id='toggle-toggle-id-3' data-fake-id='#toggle-id-3' class='toggler  av-title-above '  itemprop=\"headline\"  role='tab' tabindex='0' aria-controls='toggle-id-3' data-slide-speed=\"200\" data-title=\"Ergebnisse\" data-title-open=\"\" data-aria_collapsed=\"Click to expand: Ergebnisse\" data-aria_expanded=\"Click to collapse: Ergebnisse\">Ergebnisse<span class=\"toggle_icon\"><span class=\"vert_icon\"><\/span><span class=\"hor_icon\"><\/span><\/span><\/p><div id='toggle-id-3' aria-labelledby='toggle-toggle-id-3' role='region' class='toggle_wrap  av-title-above'  ><div class='toggle_content invers-color '  itemprop=\"text\" ><p><img loading=\"lazy\" decoding=\"async\" class=\"alignnone size-full wp-image-14295 alignright\" src=\"https:\/\/bareinter.wpenginepowered.com\/wp-content\/uploads\/2017\/04\/financial-case-study.png\" alt=\"financial case study\" width=\"244\" height=\"272\" \/><\/p>\n<p>Die Ergebnisse von BARE lieferten dem Kunden die Datenanalyse zusammen mit umsetzbaren Posten sowie Verbesserungsfeldern f\u00fcr bestimmte Mitarbeiter und Teams insgesamt. Dar\u00fcber hinaus mit Kunden-Feedback und \u00dcberpr\u00fcfung mit einer Methodik f\u00fcr den weiteren Erfolg konzipiert<\/p>\n<p>Die Daten zeigten, dass die eingereichten Antr\u00e4ge um 12% \u00fcber einen Zeitraum von 90 Tagen anstiegen. Die Zahl der konformen Bewertungen stieg um 7%; Das hei\u00dft, das Personal verfolgt die Verfahren.<\/p>\n<p>Um weiterhin Erfolg zu erzielen, empfahl BARE, dass die Kunden das Personal regelm\u00e4\u00dfig beurteilen, vor allem bei neuen Mitarbeitern. Diese Bewertung sollte auch die \u00dcberpr\u00fcfung von Zielen, Trainingsinstrumenten, Prozessen und Daten sowie laufende Reviews beinhalten, um ein abgestandenes Programm zu verhindern und eine positive Atmosph\u00e4re zu schaffen.<\/p>\n<\/div><\/div><\/div><\/section>\n<\/div><\/p><\/div>\n<style type=\"text\/css\" data-created_by=\"avia_inline_auto\" id=\"style-css-av-av_one_fourth-c3d8615be13bf63739bfe273bc14131a\">\n.flex_column.av-av_one_fourth-c3d8615be13bf63739bfe273bc14131a{\nborder-width:1px;\nborder-color:#e1e1e1;\nborder-style:solid;\nborder-radius:0px 0px 0px 0px;\npadding:18px 18px 18px 18px;\n}\n<\/style>\n<div  class='flex_column av-av_one_fourth-c3d8615be13bf63739bfe273bc14131a av_one_fourth  avia-builder-el-5  el_after_av_one_half  el_before_av_one_fourth  flex_column_div avia-full-contain  '     ><p>\n<style type=\"text\/css\" data-created_by=\"avia_inline_auto\" id=\"style-css-av-av_heading-0cc2cb5d59c0d91a5b942692752c14ba\">\n#top .av-special-heading.av-av_heading-0cc2cb5d59c0d91a5b942692752c14ba{\npadding-bottom:20px;\nfont-size:20px;\n}\nbody .av-special-heading.av-av_heading-0cc2cb5d59c0d91a5b942692752c14ba .av-special-heading-tag .heading-char{\nfont-size:25px;\n}\n#top #wrap_all .av-special-heading.av-av_heading-0cc2cb5d59c0d91a5b942692752c14ba .av-special-heading-tag{\nfont-size:20px;\n}\n.av-special-heading.av-av_heading-0cc2cb5d59c0d91a5b942692752c14ba .av-subheading{\nfont-size:15px;\n}\n\n@media only screen and (min-width: 480px) and (max-width: 767px){ \n#top #wrap_all .av-special-heading.av-av_heading-0cc2cb5d59c0d91a5b942692752c14ba .av-special-heading-tag{\nfont-size:0.8em;\n}\n}\n\n@media only screen and (max-width: 479px){ \n#top #wrap_all .av-special-heading.av-av_heading-0cc2cb5d59c0d91a5b942692752c14ba .av-special-heading-tag{\nfont-size:0.8em;\n}\n}\n<\/style>\n<div  class='av-special-heading av-av_heading-0cc2cb5d59c0d91a5b942692752c14ba av-special-heading-h3 blockquote modern-quote  avia-builder-el-6  el_before_av_image  avia-builder-el-first  av-inherit-size'><h3 class='av-special-heading-tag '  itemprop=\"headline\"  >FALLSTUDIE: AGENTURDIENSTLEISTUNGEN<\/h3><div class=\"special-heading-border\"><div class=\"special-heading-inner-border\"><\/div><\/div><\/div><br \/>\n\n<style type=\"text\/css\" data-created_by=\"avia_inline_auto\" id=\"style-css-av-av_image-6173e21141b53db5da0590a04f00b78a\">\n.avia-image-container.av-av_image-6173e21141b53db5da0590a04f00b78a img.avia_image{\nbox-shadow:none;\n}\n.avia-image-container.av-av_image-6173e21141b53db5da0590a04f00b78a .av-image-caption-overlay-center{\ncolor:#ffffff;\n}\n<\/style>\n<div  class='avia-image-container av-av_image-6173e21141b53db5da0590a04f00b78a av-styling-no-styling avia-align-center  avia-builder-el-7  el_after_av_heading  el_before_av_hr '   itemprop=\"image\" itemscope=\"itemscope\" itemtype=\"https:\/\/schema.org\/ImageObject\" ><div class=\"avia-image-container-inner\"><div class=\"avia-image-overlay-wrap\"><img decoding=\"async\" fetchpriority=\"high\" class='wp-image-22104 avia-img-lazy-loading-not-22104 avia_image ' src=\"https:\/\/www.bareinternational.com\/wp-content\/uploads\/2017\/01\/Screen-Shot-01-04-17-at-12.38-PM-300x219.png\" alt='' title='Screen Shot 01-04-17 at 12.38 PM'  height=\"219\" width=\"300\"  itemprop=\"thumbnailUrl\" srcset=\"https:\/\/www.bareinternational.com\/wp-content\/uploads\/2017\/01\/Screen-Shot-01-04-17-at-12.38-PM-300x219.png 300w, https:\/\/www.bareinternational.com\/wp-content\/uploads\/2017\/01\/Screen-Shot-01-04-17-at-12.38-PM-768x561.png 768w, https:\/\/www.bareinternational.com\/wp-content\/uploads\/2017\/01\/Screen-Shot-01-04-17-at-12.38-PM-1030x752.png 1030w, https:\/\/www.bareinternational.com\/wp-content\/uploads\/2017\/01\/Screen-Shot-01-04-17-at-12.38-PM-705x515.png 705w, https:\/\/www.bareinternational.com\/wp-content\/uploads\/2017\/01\/Screen-Shot-01-04-17-at-12.38-PM-450x329.png 450w, https:\/\/www.bareinternational.com\/wp-content\/uploads\/2017\/01\/Screen-Shot-01-04-17-at-12.38-PM.png 1330w\" sizes=\"(max-width: 300px) 100vw, 300px\" \/><\/div><\/div><\/div><br \/>\n\n<style type=\"text\/css\" data-created_by=\"avia_inline_auto\" id=\"style-css-av-av_hr-ee2847e2e025ce3d30801259a03f9fd4\">\n#top .hr.hr-invisible.av-av_hr-ee2847e2e025ce3d30801259a03f9fd4{\nheight:10px;\n}\n<\/style>\n<div  class='hr av-av_hr-ee2847e2e025ce3d30801259a03f9fd4 hr-invisible  avia-builder-el-8  el_after_av_image  el_before_av_textblock '><span class='hr-inner '><span class=\"hr-inner-style\"><\/span><\/span><\/div><br \/>\n<section  class='av_textblock_section av-av_textblock-35972167d9f102c5ddaec0c531c98b9e '   itemscope=\"itemscope\" itemtype=\"https:\/\/schema.org\/CreativeWork\" ><div class='avia_textblock'  itemprop=\"text\" ><p style=\"text-align: left;\"><a href=\"https:\/\/bareinter.wpenginepowered.com\/wp-content\/uploads\/2017\/04\/BARE-International-Case-Study-Financial-Agency.pdf\" target=\"_blank\" rel=\"noopener noreferrer\">DOWNLOAD DIE AGENTUR DIENSTLEISTUNGEN FALLSTUDIE (PDF)<\/a><\/p>\n<\/div><\/section><br \/>\n<div  class='hr av-av_hr-b9dde32710b142c13558f201788e7b45 hr-short  avia-builder-el-10  el_after_av_textblock  el_before_av_textblock  hr-center'><span class='hr-inner '><span class=\"hr-inner-style\"><\/span><\/span><\/div><br \/>\n<section  class='av_textblock_section av-av_textblock-35972167d9f102c5ddaec0c531c98b9e '   itemscope=\"itemscope\" itemtype=\"https:\/\/schema.org\/CreativeWork\" ><div class='avia_textblock'  itemprop=\"text\" ><p style=\"text-align: left;\"><a href=\"https:\/\/www.bareinternational.com\/case-studies\/\" target=\"_blank\" rel=\"noopener noreferrer\">ANDERE FALLSTUDIEN ANZEIGEN<\/a><\/p>\n<\/div><\/section><\/p><\/div>\n<style type=\"text\/css\" data-created_by=\"avia_inline_auto\" id=\"style-css-av-av_one_fourth-4ffd79c69d8deaf3785d3f08c0a9d1f3\">\n.flex_column.av-av_one_fourth-4ffd79c69d8deaf3785d3f08c0a9d1f3{\nborder-width:1px;\nborder-color:#e1e1e1;\nborder-style:solid;\nborder-radius:0px 0px 0px 0px;\npadding:18px 18px 18px 18px;\n}\n<\/style>\n<div  class='flex_column av-av_one_fourth-4ffd79c69d8deaf3785d3f08c0a9d1f3 av_one_fourth  avia-builder-el-12  el_after_av_one_fourth  avia-builder-el-last  flex_column_div avia-full-contain  '     ><p>\n<style type=\"text\/css\" data-created_by=\"avia_inline_auto\" id=\"style-css-av-av_heading-042ad507ded2e819528e7a7234afe401\">\n#top .av-special-heading.av-av_heading-042ad507ded2e819528e7a7234afe401{\npadding-bottom:0;\nfont-size:20px;\n}\nbody .av-special-heading.av-av_heading-042ad507ded2e819528e7a7234afe401 .av-special-heading-tag .heading-char{\nfont-size:25px;\n}\n#top #wrap_all .av-special-heading.av-av_heading-042ad507ded2e819528e7a7234afe401 .av-special-heading-tag{\nfont-size:20px;\n}\n.av-special-heading.av-av_heading-042ad507ded2e819528e7a7234afe401 .av-subheading{\nfont-size:15px;\n}\n\n@media only screen and (min-width: 480px) and (max-width: 767px){ \n#top #wrap_all .av-special-heading.av-av_heading-042ad507ded2e819528e7a7234afe401 .av-special-heading-tag{\nfont-size:0.8em;\n}\n}\n\n@media only screen and (max-width: 479px){ \n#top #wrap_all .av-special-heading.av-av_heading-042ad507ded2e819528e7a7234afe401 .av-special-heading-tag{\nfont-size:0.8em;\n}\n}\n<\/style>\n<div  class='av-special-heading av-av_heading-042ad507ded2e819528e7a7234afe401 av-special-heading-h3 blockquote modern-quote  avia-builder-el-13  el_before_av_textblock  avia-builder-el-first  av-inherit-size'><h3 class='av-special-heading-tag '  itemprop=\"headline\"  >PLANEN SIE EINE BERATUNG F\u00dcR IHR UNTERNEHMEN<\/h3><div class=\"special-heading-border\"><div class=\"special-heading-inner-border\"><\/div><\/div><\/div><br \/>\n<section  class='av_textblock_section av-av_textblock-35972167d9f102c5ddaec0c531c98b9e '   itemscope=\"itemscope\" itemtype=\"https:\/\/schema.org\/CreativeWork\" ><div class='avia_textblock'  itemprop=\"text\" ><p>Sie k\u00f6nnen und sollten, sehen Sie Ihr Gesch\u00e4ft durch die Augen Ihrer Kunden. Die Kundenerfahrung von BARE bietet Ihnen kritische Daten, um aussagekr\u00e4ftige Gesch\u00e4ftsentscheidungen zu treffen.<\/p>\n<\/div><\/section><br \/>\n\n<style type=\"text\/css\" data-created_by=\"avia_inline_auto\" id=\"style-css-av-av_iconlist-3fe148df730d175c04e66f07919790bd\">\n#top .avia-icon-list-container.av-av_iconlist-3fe148df730d175c04e66f07919790bd .iconlist_icon{\ncolor:#d63e2d;\nfont-size:20px;\n}\n#top .avia-icon-list-container.av-av_iconlist-3fe148df730d175c04e66f07919790bd .iconlist_icon svg:first-child{\nstroke:#d63e2d;\nfill:#d63e2d;\nheight:20px;\nwidth:20px;\n}\n#top #wrap_all .avia-icon-list-container.av-av_iconlist-3fe148df730d175c04e66f07919790bd .av_iconlist_title{\nfont-size:20px;\n}\n<\/style>\n<div  class='avia-icon-list-container av-av_iconlist-3fe148df730d175c04e66f07919790bd  avia-builder-el-15  el_after_av_textblock  el_before_av_button '><ul class='avia-icon-list avia_animate_when_almost_visible avia-icon-list-left av-iconlist-small av-av_iconlist-3fe148df730d175c04e66f07919790bd avia-iconlist-animate'>\n<li><div class='iconlist_icon av-av_iconlist_item-359241af89cd00ea97dd534f99fcf47a avia-font-entypo-fontello avia-iconfont avia-font-entypo-fontello'><span class='av-icon-char' data-av_icon='\ue82b' data-av_iconfont='entypo-fontello' aria-hidden=\"true\"><\/span><\/div><article class=\"article-icon-entry av-iconlist-empty\"  itemscope=\"itemscope\" itemtype=\"https:\/\/schema.org\/CreativeWork\" ><div class=\"iconlist_content_wrap\"><header class=\"entry-content-header\" aria-label=\"Icon: Kostenlose Beratung *\"><div class='av_iconlist_title iconlist_title_small  '  itemprop=\"headline\" >Kostenlose Beratung *<\/div><\/header><div class='iconlist_content '  itemprop=\"text\" ><\/div><\/div><footer class=\"entry-footer\"><\/footer><\/article><div class=\"iconlist-timeline\"><\/div><\/li>\n<\/ul><\/div><br \/>\n<div  class='avia-button-wrap av-av_button-52445053451d5d6fc11cff923ee7388b-wrap avia-button-center  avia-builder-el-16  el_after_av_iconlist  el_before_av_textblock '><a href='https:\/\/www.bareinternational.com\/de\/angebot-anfordern\/'  class='avia-button av-av_button-52445053451d5d6fc11cff923ee7388b av-link-btn avia-icon_select-yes-right-icon avia-size-large avia-position-center av-icon-on-hover avia-color-theme-color'   aria-label=\"Angebot anfordern\"><span class='avia_iconbox_title' >Angebot anfordern<\/span><span class='avia_button_icon avia_button_icon_right avia-iconfont avia-font-entypo-fontello' data-av_icon='\ue879' data-av_iconfont='entypo-fontello' ><\/span><\/a><\/div><br \/>\n\n<style type=\"text\/css\" data-created_by=\"avia_inline_auto\" id=\"style-css-av-av_textblock-18475e78558381c9fa198e5783f8829d\">\n#top .av_textblock_section.av-av_textblock-18475e78558381c9fa198e5783f8829d .avia_textblock{\nfont-size:10px;\n}\n<\/style>\n<section  class='av_textblock_section av-av_textblock-18475e78558381c9fa198e5783f8829d '   itemscope=\"itemscope\" itemtype=\"https:\/\/schema.org\/CreativeWork\" ><div class='avia_textblock'  itemprop=\"text\" ><p>* Einschr\u00e4nkungen und Einschr\u00e4nkungen gelten.<\/p>\n<\/div><\/section><\/p><\/div>\n\n<\/div><\/div><\/main><!-- close content main element --><\/div><\/div><div id='av-layout-grid-1'  class='av-layout-grid-container av-av_layout_row-caf1f26e08707a2ebe9176b630e736c2 entry-content-wrapper main_color av-flex-cells  avia-builder-el-18  el_after_av_section  avia-builder-el-last  grid-row-not-first  container_wrap sidebar_right'  >\n\n<style type=\"text\/css\" data-created_by=\"avia_inline_auto\" id=\"style-css-av-av_cell_one_third-e0b12a0d38574f55d296603f5bb31e09\">\n.flex_cell.av-av_cell_one_third-e0b12a0d38574f55d296603f5bb31e09{\nvertical-align:middle;\nbackground-color:#da291c;\n}\n.responsive #top #wrap_all .flex_cell.av-av_cell_one_third-e0b12a0d38574f55d296603f5bb31e09{\npadding:50px 50px 50px 50px !important;\n}\n<\/style>\n<div class='flex_cell av-av_cell_one_third-e0b12a0d38574f55d296603f5bb31e09 av-gridrow-cell av_one_third no_margin  avia-builder-el-19  el_before_av_cell_one_third  avia-builder-el-first  content-align-middle avia-full-stretch'  ><div class='flex_cell_inner'>\n<style type=\"text\/css\" data-created_by=\"avia_inline_auto\" id=\"style-css-av-av_animated_numbers-23e8749ebf1f820f9d04492d50062f7f\">\n.avia-animated-number.av-av_animated_numbers-23e8749ebf1f820f9d04492d50062f7f .avia-animated-number-icon.avia-svg-icon svg:first-child{\nfill:#ffffff;\nstroke:#ffffff;\n}\n#top .avia-animated-number.av-av_animated_numbers-23e8749ebf1f820f9d04492d50062f7f .avia-animated-number-title{\nfont-size:50px;\ncolor:#ffffff;\n}\n#top .avia-animated-number.av-av_animated_numbers-23e8749ebf1f820f9d04492d50062f7f .avia-animated-number-content{\nfont-size:22px;\n}\n<\/style>\n<div  class=\"avia-animated-number av-av_animated_numbers-23e8749ebf1f820f9d04492d50062f7f av-force-default-color avia_animate_when_visible  avia-builder-el-20  avia-builder-el-no-sibling  avia-color-font-custom \" data-timer=\"3000\"><strong class=\"heading avia-animated-number-title\"><span class=\"avia-single-number __av-single-number\" data-number_format=\"\" data-number=\"150\" data-start_from=\"0\">150<\/span><span class=\"avia-no-number\"> L\u00e4nder<\/span><\/strong><div class=\"avia-animated-number-content\"><p>im BARE-netzwerk<\/p>\n<\/div><\/div>\n<\/div><\/div>\n<style type=\"text\/css\" data-created_by=\"avia_inline_auto\" id=\"style-css-av-av_cell_one_third-cd23fdc82ac140e61d64f63b27d15077\">\n.flex_cell.av-av_cell_one_third-cd23fdc82ac140e61d64f63b27d15077{\nvertical-align:middle;\nbackground-color:#ff9e1b;\n}\n.responsive #top #wrap_all .flex_cell.av-av_cell_one_third-cd23fdc82ac140e61d64f63b27d15077{\npadding:50px 50px 50px 50px !important;\n}\n<\/style>\n<div class='flex_cell av-av_cell_one_third-cd23fdc82ac140e61d64f63b27d15077 av-gridrow-cell av_one_third no_margin  avia-builder-el-21  el_after_av_cell_one_third  el_before_av_cell_one_third  content-align-middle avia-full-stretch'  ><div class='flex_cell_inner'>\n<style type=\"text\/css\" data-created_by=\"avia_inline_auto\" id=\"style-css-av-k2m1im9v-1a6bd67b9be7ca1894e2cbe60d26c0ef\">\n.avia-animated-number.av-k2m1im9v-1a6bd67b9be7ca1894e2cbe60d26c0ef .avia-animated-number-icon.avia-svg-icon svg:first-child{\nfill:#ffffff;\nstroke:#ffffff;\n}\n#top .avia-animated-number.av-k2m1im9v-1a6bd67b9be7ca1894e2cbe60d26c0ef .avia-animated-number-title{\nfont-size:50px;\ncolor:#ffffff;\n}\n#top .avia-animated-number.av-k2m1im9v-1a6bd67b9be7ca1894e2cbe60d26c0ef .avia-animated-number-content{\nfont-size:22px;\n}\n<\/style>\n<div  class=\"avia-animated-number av-k2m1im9v-1a6bd67b9be7ca1894e2cbe60d26c0ef av-force-default-color avia_animate_when_visible  avia-builder-el-22  avia-builder-el-no-sibling  avia-color-font-custom \" data-timer=\"3000\"><strong class=\"heading avia-animated-number-title\"><span class=\"avia-single-number __av-single-number\" data-number_format=\"\" data-number=\"10\" data-start_from=\"0\">10<\/span><span class=\"avia-no-number\"> B\u00fcros<\/span><\/strong><div class=\"avia-animated-number-content\"><p>auf der ganzen welt<\/p>\n<\/div><\/div>\n<\/div><\/div>\n<style type=\"text\/css\" data-created_by=\"avia_inline_auto\" id=\"style-css-av-av_cell_one_third-c703b13345664433a2acd0a08f527a49\">\n.flex_cell.av-av_cell_one_third-c703b13345664433a2acd0a08f527a49{\nvertical-align:middle;\nbackground-color:#7474c1;\n}\n.responsive #top #wrap_all .flex_cell.av-av_cell_one_third-c703b13345664433a2acd0a08f527a49{\npadding:50px 50px 50px 50px !important;\n}\n<\/style>\n<div class='flex_cell av-av_cell_one_third-c703b13345664433a2acd0a08f527a49 av-gridrow-cell av_one_third no_margin  avia-builder-el-23  el_after_av_cell_one_third  avia-builder-el-last  content-align-middle avia-full-stretch'  ><div class='flex_cell_inner'>\n<style type=\"text\/css\" data-created_by=\"avia_inline_auto\" id=\"style-css-av-av_animated_numbers-ac418afc8873af4fa8304bb6074cee19\">\n.avia-animated-number.av-av_animated_numbers-ac418afc8873af4fa8304bb6074cee19 .avia-animated-number-icon.avia-svg-icon svg:first-child{\nfill:#ffffff;\nstroke:#ffffff;\n}\n#top .avia-animated-number.av-av_animated_numbers-ac418afc8873af4fa8304bb6074cee19 .avia-animated-number-title{\nfont-size:50px;\ncolor:#ffffff;\n}\n#top .avia-animated-number.av-av_animated_numbers-ac418afc8873af4fa8304bb6074cee19 .avia-animated-number-content{\nfont-size:22px;\n}\n<\/style>\n<div  class=\"avia-animated-number av-av_animated_numbers-ac418afc8873af4fa8304bb6074cee19 av-force-default-color avia_animate_when_visible  avia-builder-el-24  avia-builder-el-no-sibling  avia-color-font-custom \" data-timer=\"3000\"><strong class=\"heading avia-animated-number-title\"><span class=\"avia-single-number __av-single-number\" data-number_format=\"\" data-number=\"500\" data-start_from=\"0\">500<\/span><span class=\"avia-no-number\">.<\/span><span class=\"avia-single-number __av-single-number\" data-number_format=\"\" data-number=\"000\" data-start_from=\"0\">000<\/span><span class=\"avia-no-number\"> Testk\u00e4ufer<\/span><\/strong><div class=\"avia-animated-number-content\"><p>weltweit<\/p>\n<\/div><\/div>\n<\/div><\/div><\/div>\n","protected":false},"excerpt":{"rendered":"","protected":false},"author":5,"featured_media":0,"parent":15802,"menu_order":0,"comment_status":"closed","ping_status":"closed","template":"","meta":{"footnotes":""},"class_list":["post-15818","page","type-page","status-publish","hentry"],"_links":{"self":[{"href":"https:\/\/www.bareinternational.com\/de\/wp-json\/wp\/v2\/pages\/15818","targetHints":{"allow":["GET"]}}],"collection":[{"href":"https:\/\/www.bareinternational.com\/de\/wp-json\/wp\/v2\/pages"}],"about":[{"href":"https:\/\/www.bareinternational.com\/de\/wp-json\/wp\/v2\/types\/page"}],"author":[{"embeddable":true,"href":"https:\/\/www.bareinternational.com\/de\/wp-json\/wp\/v2\/users\/5"}],"replies":[{"embeddable":true,"href":"https:\/\/www.bareinternational.com\/de\/wp-json\/wp\/v2\/comments?post=15818"}],"version-history":[{"count":0,"href":"https:\/\/www.bareinternational.com\/de\/wp-json\/wp\/v2\/pages\/15818\/revisions"}],"up":[{"embeddable":true,"href":"https:\/\/www.bareinternational.com\/de\/wp-json\/wp\/v2\/pages\/15802"}],"wp:attachment":[{"href":"https:\/\/www.bareinternational.com\/de\/wp-json\/wp\/v2\/media?parent=15818"}],"curies":[{"name":"wp","href":"https:\/\/api.w.org\/{rel}","templated":true}]}}